{"id":983,"date":"2024-09-18T10:35:23","date_gmt":"2024-09-18T08:35:23","guid":{"rendered":"https:\/\/nuwaterapia.com\/?page_id=983"},"modified":"2024-09-18T11:31:59","modified_gmt":"2024-09-18T09:31:59","slug":"qui-soc","status":"publish","type":"page","link":"https:\/\/nuwaterapia.com\/es\/qui-soc\/","title":{"rendered":"Quien soy"},"content":{"rendered":"<div data-elementor-type=\"wp-page\" data-elementor-id=\"983\" class=\"elementor elementor-983\" data-elementor-post-type=\"page\">\n\t\t\t\t<div class=\"elementor-element elementor-element-fab4172 e-flex e-con-boxed e-con e-parent\" data-id=\"fab4172\" data-element_type=\"container\" data-settings=\"{&quot;background_background&quot;:&quot;classic&quot;}\">\n\t\t\t\t\t<div class=\"e-con-inner\">\n\t\t<div class=\"elementor-element elementor-element-3cc732d e-con-full e-flex e-con e-child\" data-id=\"3cc732d\" data-element_type=\"container\">\n\t\t\t\t<\/div>\n\t\t\t\t\t<\/div>\n\t\t\t\t<\/div>\n\t\t<div class=\"elementor-element elementor-element-53d10fb e-flex e-con-boxed e-con e-parent\" data-id=\"53d10fb\" data-element_type=\"container\" data-settings=\"{&quot;background_background&quot;:&quot;classic&quot;}\">\n\t\t\t\t\t<div class=\"e-con-inner\">\n\t\t<div class=\"elementor-element elementor-element-74a3e05 e-con-full e-flex e-con e-child\" data-id=\"74a3e05\" data-element_type=\"container\">\n\t\t\t\t<div class=\"elementor-element elementor-element-742aa2a elementor-invisible elementor-widget elementor-widget-heading\" data-id=\"742aa2a\" data-element_type=\"widget\" data-settings=\"{&quot;_animation&quot;:&quot;fadeIn&quot;}\" data-widget_type=\"heading.default\">\n\t\t\t\t<div class=\"elementor-widget-container\">\n\t\t\t\t\t<h2 class=\"elementor-heading-title elementor-size-default\">\u00bfQui\u00e9n soy?<\/h2>\t\t\t\t<\/div>\n\t\t\t\t<\/div>\n\t\t\t\t<div class=\"elementor-element elementor-element-8e39231 elementor-invisible elementor-widget elementor-widget-text-editor\" data-id=\"8e39231\" data-element_type=\"widget\" data-settings=\"{&quot;_animation&quot;:&quot;fadeIn&quot;}\" data-widget_type=\"text-editor.default\">\n\t\t\t\t<div class=\"elementor-widget-container\">\n\t\t\t\t\t\t\t\t\t<p><span style=\"color: var( --e-global-color-text ); font-family: var( --e-global-typography-text-font-family ), Sans-serif; font-size: var( --e-global-typography-text-font-size ); font-weight: var( --e-global-typography-text-font-weight ); letter-spacing: var( --e-global-typography-text-letter-spacing ); text-transform: var( --e-global-typography-text-text-transform ); background-color: var( --e-global-color-ea507bc );\">Soy N\u00faria, una apasionada de la sanaci\u00f3n hol\u00edstica y la medicina tradicional china. Despu\u00e9s de a\u00f1os de estudio y pr\u00e1ctica, he dedicado mi vida a ayudar a las personas a encontrar el equilibrio y bienestar integral. Creo firmemente que la salud no es s\u00f3lo la ausencia de enfermedad, sino un estado de plenitud f\u00edsica, mental y emocional.<br \/><\/span><span style=\"color: var( --e-global-color-text ); font-family: var( --e-global-typography-text-font-family ), Sans-serif; font-size: var( --e-global-typography-text-font-size ); font-weight: var( --e-global-typography-text-font-weight ); letter-spacing: var( --e-global-typography-text-letter-spacing ); text-transform: var( --e-global-typography-text-text-transform ); background-color: var( --e-global-color-ea507bc );\"><br \/>Con una s\u00f3lida formaci\u00f3n en terapias naturales y t\u00e9cnicas ancestrales, mi objetivo es ofrecer una atenci\u00f3n personalizada que ayude a reconectar con la propia esencia y vitalidad. Cada persona es \u00fanica, y por eso adapto cada sesi\u00f3n a las necesidades espec\u00edficas de cada uno, guiada por la sabidur\u00eda de la medicina china y un profundo respeto por el cuerpo humano.<\/span><\/p><p><span style=\"background-color: var( --e-global-color-ea507bc );\">Perm\u00edteme acompa\u00f1arte en este viaje hacia una vida m\u00e1s plena y equilibrada.<br \/><\/span><\/p>\t\t\t\t\t\t\t\t<\/div>\n\t\t\t\t<\/div>\n\t\t\t\t<\/div>\n\t\t<div class=\"elementor-element elementor-element-1c9683c e-con-full e-flex e-con e-child\" data-id=\"1c9683c\" data-element_type=\"container\">\n\t\t\t\t<div class=\"elementor-element elementor-element-093ac73 elementor-widget elementor-widget-image\" data-id=\"093ac73\" data-element_type=\"widget\" data-widget_type=\"image.default\">\n\t\t\t\t<div class=\"elementor-widget-container\">\n\t\t\t\t\t\t\t\t\t\t\t\t\t\t\t<img fetchpriority=\"high\" decoding=\"async\" width=\"1536\" height=\"2048\" src=\"https:\/\/nuwaterapia.com\/wp-content\/uploads\/2023\/11\/Nuria-Egypt-2.jpg\" class=\"attachment-full size-full wp-image-221\" alt=\"\" srcset=\"https:\/\/nuwaterapia.com\/wp-content\/uploads\/2023\/11\/Nuria-Egypt-2.jpg 1536w, https:\/\/nuwaterapia.com\/wp-content\/uploads\/2023\/11\/Nuria-Egypt-2-225x300.jpg 225w, https:\/\/nuwaterapia.com\/wp-content\/uploads\/2023\/11\/Nuria-Egypt-2-768x1024.jpg 768w, https:\/\/nuwaterapia.com\/wp-content\/uploads\/2023\/11\/Nuria-Egypt-2-1152x1536.jpg 1152w\" sizes=\"(max-width: 1536px) 100vw, 1536px\" \/>\t\t\t\t\t\t\t\t\t\t\t\t\t\t\t<\/div>\n\t\t\t\t<\/div>\n\t\t\t\t<\/div>\n\t\t\t\t\t<\/div>\n\t\t\t\t<\/div>\n\t\t\t\t<\/div>","protected":false},"excerpt":{"rendered":"<p>\u00bfQui\u00e9n soy? Soy N\u00faria, una apasionada de la sanaci\u00f3n hol\u00edstica y la medicina tradicional china. Despu\u00e9s de a\u00f1os de estudio y pr\u00e1ctica, he dedicado mi vida a ayudar a las personas a encontrar el equilibrio y el bienestar integral. Creo firmemente que la salud no es s\u00f3lo la ausencia de enfermedad, sino un estado de plenitud f\u00edsica, mental\u2026&nbsp;<a href=\"https:\/\/nuwaterapia.com\/es\/qui-soc\/\" rel=\"bookmark\">Leer m\u00e1s \u00bb<span class=\"screen-reader-text\">Quien soy<\/span><\/a><\/p>","protected":false},"author":2,"featured_media":0,"parent":0,"menu_order":0,"comment_status":"closed","ping_status":"closed","template":"page-templates\/template-pagebuilder-full-width.php","meta":{"neve_meta_sidebar":"","neve_meta_container":"","neve_meta_enable_content_width":"off","neve_meta_content_width":100,"neve_meta_title_alignment":"","neve_meta_author_avatar":"","neve_post_elements_order":"","neve_meta_disable_header":"","neve_meta_disable_footer":"","neve_meta_disable_title":"","_joinchat":[],"footnotes":""},"class_list":["post-983","page","type-page","status-publish","hentry"],"yoast_head":"<!-- This site is optimized with the Yoast SEO plugin v25.4 - https:\/\/yoast.com\/wordpress\/plugins\/seo\/ -->\n<title>Qui s\u00f3c - N\u00fcwa ter\u00e0pia<\/title>\n<meta name=\"robots\" content=\"index, follow, max-snippet:-1, max-image-preview:large, max-video-preview:-1\" \/>\n<link rel=\"canonical\" href=\"https:\/\/nuwaterapia.com\/es\/qui-soc\/\" \/>\n<meta property=\"og:locale\" content=\"es_ES\" \/>\n<meta property=\"og:type\" content=\"article\" \/>\n<meta property=\"og:title\" content=\"Qui s\u00f3c - N\u00fcwa ter\u00e0pia\" \/>\n<meta property=\"og:description\" content=\"Qui s\u00f3c? S\u00f3c la N\u00faria, una apassionada de la sanaci\u00f3 hol\u00edstica i la medicina tradicional xinesa. Despr\u00e9s d&#8217;anys d&#8217;estudi i pr\u00e0ctica, he dedicat la meva vida a ajudar les persones a trobar l\u2019equilibri i el benestar integral. Crec fermament que la salut no \u00e9s nom\u00e9s l&#8217;abs\u00e8ncia de malaltia, sin\u00f3 un estat de plenitud f\u00edsica, mental&hellip;&nbsp;Leer m\u00e1s &raquo;Qui s\u00f3c\" \/>\n<meta property=\"og:url\" content=\"https:\/\/nuwaterapia.com\/es\/qui-soc\/\" \/>\n<meta property=\"og:site_name\" content=\"N\u00fcwa ter\u00e0pia\" \/>\n<meta property=\"article:modified_time\" content=\"2024-09-18T09:31:59+00:00\" \/>\n<meta property=\"og:image\" content=\"https:\/\/nuwaterapia.com\/wp-content\/uploads\/2023\/11\/Nuria-Egypt-2.jpg\" \/>\n<meta name=\"twitter:card\" content=\"summary_large_image\" \/>\n<meta name=\"twitter:label1\" content=\"Tiempo de lectura\" \/>\n\t<meta name=\"twitter:data1\" content=\"1 minuto\" \/>\n<script type=\"application\/ld+json\" class=\"yoast-schema-graph\">{\"@context\":\"https:\/\/schema.org\",\"@graph\":[{\"@type\":\"WebPage\",\"@id\":\"https:\/\/nuwaterapia.com\/qui-soc\/\",\"url\":\"https:\/\/nuwaterapia.com\/qui-soc\/\",\"name\":\"Qui s\u00f3c - N\u00fcwa ter\u00e0pia\",\"isPartOf\":{\"@id\":\"https:\/\/nuwaterapia.com\/#website\"},\"primaryImageOfPage\":{\"@id\":\"https:\/\/nuwaterapia.com\/qui-soc\/#primaryimage\"},\"image\":{\"@id\":\"https:\/\/nuwaterapia.com\/qui-soc\/#primaryimage\"},\"thumbnailUrl\":\"https:\/\/nuwaterapia.com\/wp-content\/uploads\/2023\/11\/Nuria-Egypt-2.jpg\",\"datePublished\":\"2024-09-18T08:35:23+00:00\",\"dateModified\":\"2024-09-18T09:31:59+00:00\",\"breadcrumb\":{\"@id\":\"https:\/\/nuwaterapia.com\/qui-soc\/#breadcrumb\"},\"inLanguage\":\"es\",\"potentialAction\":[{\"@type\":\"ReadAction\",\"target\":[\"https:\/\/nuwaterapia.com\/qui-soc\/\"]}]},{\"@type\":\"ImageObject\",\"inLanguage\":\"es\",\"@id\":\"https:\/\/nuwaterapia.com\/qui-soc\/#primaryimage\",\"url\":\"https:\/\/nuwaterapia.com\/wp-content\/uploads\/2023\/11\/Nuria-Egypt-2.jpg\",\"contentUrl\":\"https:\/\/nuwaterapia.com\/wp-content\/uploads\/2023\/11\/Nuria-Egypt-2.jpg\"},{\"@type\":\"BreadcrumbList\",\"@id\":\"https:\/\/nuwaterapia.com\/qui-soc\/#breadcrumb\",\"itemListElement\":[{\"@type\":\"ListItem\",\"position\":1,\"name\":\"Portada\",\"item\":\"https:\/\/nuwaterapia.com\/\"},{\"@type\":\"ListItem\",\"position\":2,\"name\":\"Qui s\u00f3c\"}]},{\"@type\":\"WebSite\",\"@id\":\"https:\/\/nuwaterapia.com\/#website\",\"url\":\"https:\/\/nuwaterapia.com\/\",\"name\":\"N\u00fcwa ter\u00e0pia\",\"description\":\"Equilibri i benestar: descobreix les ter\u00e0pies naturals i tradicionals\",\"potentialAction\":[{\"@type\":\"SearchAction\",\"target\":{\"@type\":\"EntryPoint\",\"urlTemplate\":\"https:\/\/nuwaterapia.com\/?s={search_term_string}\"},\"query-input\":{\"@type\":\"PropertyValueSpecification\",\"valueRequired\":true,\"valueName\":\"search_term_string\"}}],\"inLanguage\":\"es\"}]}<\/script>\n<!-- \/ Yoast SEO plugin. -->","yoast_head_json":{"title":"Qui s\u00f3c - N\u00fcwa ter\u00e0pia","robots":{"index":"index","follow":"follow","max-snippet":"max-snippet:-1","max-image-preview":"max-image-preview:large","max-video-preview":"max-video-preview:-1"},"canonical":"https:\/\/nuwaterapia.com\/es\/qui-soc\/","og_locale":"es_ES","og_type":"article","og_title":"Qui s\u00f3c - N\u00fcwa ter\u00e0pia","og_description":"Qui s\u00f3c? S\u00f3c la N\u00faria, una apassionada de la sanaci\u00f3 hol\u00edstica i la medicina tradicional xinesa. Despr\u00e9s d&#8217;anys d&#8217;estudi i pr\u00e0ctica, he dedicat la meva vida a ajudar les persones a trobar l\u2019equilibri i el benestar integral. Crec fermament que la salut no \u00e9s nom\u00e9s l&#8217;abs\u00e8ncia de malaltia, sin\u00f3 un estat de plenitud f\u00edsica, mental&hellip;&nbsp;Leer m\u00e1s &raquo;Qui s\u00f3c","og_url":"https:\/\/nuwaterapia.com\/es\/qui-soc\/","og_site_name":"N\u00fcwa ter\u00e0pia","article_modified_time":"2024-09-18T09:31:59+00:00","og_image":[{"url":"https:\/\/nuwaterapia.com\/wp-content\/uploads\/2023\/11\/Nuria-Egypt-2.jpg","type":"","width":"","height":""}],"twitter_card":"summary_large_image","twitter_misc":{"Tiempo de lectura":"1 minuto"},"schema":{"@context":"https:\/\/schema.org","@graph":[{"@type":"WebPage","@id":"https:\/\/nuwaterapia.com\/qui-soc\/","url":"https:\/\/nuwaterapia.com\/qui-soc\/","name":"Qui s\u00f3c - N\u00fcwa ter\u00e0pia","isPartOf":{"@id":"https:\/\/nuwaterapia.com\/#website"},"primaryImageOfPage":{"@id":"https:\/\/nuwaterapia.com\/qui-soc\/#primaryimage"},"image":{"@id":"https:\/\/nuwaterapia.com\/qui-soc\/#primaryimage"},"thumbnailUrl":"https:\/\/nuwaterapia.com\/wp-content\/uploads\/2023\/11\/Nuria-Egypt-2.jpg","datePublished":"2024-09-18T08:35:23+00:00","dateModified":"2024-09-18T09:31:59+00:00","breadcrumb":{"@id":"https:\/\/nuwaterapia.com\/qui-soc\/#breadcrumb"},"inLanguage":"es","potentialAction":[{"@type":"ReadAction","target":["https:\/\/nuwaterapia.com\/qui-soc\/"]}]},{"@type":"ImageObject","inLanguage":"es","@id":"https:\/\/nuwaterapia.com\/qui-soc\/#primaryimage","url":"https:\/\/nuwaterapia.com\/wp-content\/uploads\/2023\/11\/Nuria-Egypt-2.jpg","contentUrl":"https:\/\/nuwaterapia.com\/wp-content\/uploads\/2023\/11\/Nuria-Egypt-2.jpg"},{"@type":"BreadcrumbList","@id":"https:\/\/nuwaterapia.com\/qui-soc\/#breadcrumb","itemListElement":[{"@type":"ListItem","position":1,"name":"Portada","item":"https:\/\/nuwaterapia.com\/"},{"@type":"ListItem","position":2,"name":"Qui s\u00f3c"}]},{"@type":"WebSite","@id":"https:\/\/nuwaterapia.com\/#website","url":"https:\/\/nuwaterapia.com\/","name":"N\u00fcwa ter\u00e0pia","description":"Equilibri i benestar: descobreix les ter\u00e0pies naturals i tradicionals","potentialAction":[{"@type":"SearchAction","target":{"@type":"EntryPoint","urlTemplate":"https:\/\/nuwaterapia.com\/?s={search_term_string}"},"query-input":{"@type":"PropertyValueSpecification","valueRequired":true,"valueName":"search_term_string"}}],"inLanguage":"es"}]}},"_links":{"self":[{"href":"https:\/\/nuwaterapia.com\/es\/wp-json\/wp\/v2\/pages\/983","targetHints":{"allow":["GET"]}}],"collection":[{"href":"https:\/\/nuwaterapia.com\/es\/wp-json\/wp\/v2\/pages"}],"about":[{"href":"https:\/\/nuwaterapia.com\/es\/wp-json\/wp\/v2\/types\/page"}],"author":[{"embeddable":true,"href":"https:\/\/nuwaterapia.com\/es\/wp-json\/wp\/v2\/users\/2"}],"replies":[{"embeddable":true,"href":"https:\/\/nuwaterapia.com\/es\/wp-json\/wp\/v2\/comments?post=983"}],"version-history":[{"count":17,"href":"https:\/\/nuwaterapia.com\/es\/wp-json\/wp\/v2\/pages\/983\/revisions"}],"predecessor-version":[{"id":1006,"href":"https:\/\/nuwaterapia.com\/es\/wp-json\/wp\/v2\/pages\/983\/revisions\/1006"}],"wp:attachment":[{"href":"https:\/\/nuwaterapia.com\/es\/wp-json\/wp\/v2\/media?parent=983"}],"curies":[{"name":"wp","href":"https:\/\/api.w.org\/{rel}","templated":true}]}}