{"id":439,"date":"2023-11-24T11:00:20","date_gmt":"2023-11-24T11:00:20","guid":{"rendered":"https:\/\/nuwaterapia.com\/?page_id=439"},"modified":"2026-04-11T12:45:27","modified_gmt":"2026-04-11T10:45:27","slug":"naturopatia","status":"publish","type":"page","link":"https:\/\/nuwaterapia.com\/es\/naturopatia\/","title":{"rendered":"Naturopat\u00eda"},"content":{"rendered":"<div data-elementor-type=\"wp-page\" data-elementor-id=\"439\" class=\"elementor elementor-439\" data-elementor-post-type=\"page\">\n\t\t\t\t<div class=\"elementor-element elementor-element-23150b84 e-flex e-con-boxed e-con e-parent\" data-id=\"23150b84\" data-element_type=\"container\" data-settings=\"{&quot;background_background&quot;:&quot;classic&quot;}\">\n\t\t\t\t\t<div class=\"e-con-inner\">\n\t\t<div class=\"elementor-element elementor-element-354aa7c4 e-con-full e-flex e-con e-child\" data-id=\"354aa7c4\" data-element_type=\"container\">\n\t\t\t\t<div class=\"elementor-element elementor-element-56a3ceef elementor-widget elementor-widget-image\" data-id=\"56a3ceef\" data-element_type=\"widget\" data-widget_type=\"image.default\">\n\t\t\t\t<div class=\"elementor-widget-container\">\n\t\t\t\t\t\t\t\t\t\t\t\t\t\t\t<img fetchpriority=\"high\" decoding=\"async\" width=\"1920\" height=\"1080\" src=\"https:\/\/nuwaterapia.com\/wp-content\/uploads\/2023\/11\/Naturopatia.jpg\" class=\"attachment-full size-full wp-image-442\" alt=\"\" srcset=\"https:\/\/nuwaterapia.com\/wp-content\/uploads\/2023\/11\/Naturopatia.jpg 1920w, https:\/\/nuwaterapia.com\/wp-content\/uploads\/2023\/11\/Naturopatia-300x169.jpg 300w, https:\/\/nuwaterapia.com\/wp-content\/uploads\/2023\/11\/Naturopatia-1024x576.jpg 1024w, https:\/\/nuwaterapia.com\/wp-content\/uploads\/2023\/11\/Naturopatia-768x432.jpg 768w, https:\/\/nuwaterapia.com\/wp-content\/uploads\/2023\/11\/Naturopatia-1536x864.jpg 1536w\" sizes=\"(max-width: 1920px) 100vw, 1920px\" \/>\t\t\t\t\t\t\t\t\t\t\t\t\t\t\t<\/div>\n\t\t\t\t<\/div>\n\t\t\t\t<\/div>\n\t\t<div class=\"elementor-element elementor-element-3ecaf0d8 e-con-full e-flex e-con e-child\" data-id=\"3ecaf0d8\" data-element_type=\"container\">\n\t\t\t\t<\/div>\n\t\t\t\t\t<\/div>\n\t\t\t\t<\/div>\n\t\t<div class=\"elementor-element elementor-element-2b698bd9 e-flex e-con-boxed e-con e-parent\" data-id=\"2b698bd9\" data-element_type=\"container\" data-settings=\"{&quot;background_background&quot;:&quot;classic&quot;}\">\n\t\t\t\t\t<div class=\"e-con-inner\">\n\t\t<div class=\"elementor-element elementor-element-53d4e470 e-con-full e-flex e-con e-child\" data-id=\"53d4e470\" data-element_type=\"container\">\n\t\t\t\t<div class=\"elementor-element elementor-element-79789ed7 elementor-invisible elementor-widget elementor-widget-heading\" data-id=\"79789ed7\" data-element_type=\"widget\" data-settings=\"{&quot;_animation&quot;:&quot;fadeIn&quot;}\" data-widget_type=\"heading.default\">\n\t\t\t\t<div class=\"elementor-widget-container\">\n\t\t\t\t\t<h2 class=\"elementor-heading-title elementor-size-default\">Naturopat\u00eda: el arte de la salud natural y hol\u00edstica<\/h2>\t\t\t\t<\/div>\n\t\t\t\t<\/div>\n\t\t\t\t<div class=\"elementor-element elementor-element-545d3136 elementor-invisible elementor-widget elementor-widget-text-editor\" data-id=\"545d3136\" data-element_type=\"widget\" data-settings=\"{&quot;_animation&quot;:&quot;fadeIn&quot;}\" data-widget_type=\"text-editor.default\">\n\t\t\t\t<div class=\"elementor-widget-container\">\n\t\t\t\t\t\t\t\t\t<p>La naturopat\u00eda es una disciplina de la medicina alternativa que pone el \u00e9nfasis en el uso de m\u00e9todos y remedios naturales para promover la salud y prevenir enfermedades. Basada en la idea de que el cuerpo tiene la capacidad innata de curarse a s\u00ed mismo, la naturopat\u00eda se fundamenta en principios hol\u00edsticos y en el equilibrio entre el cuerpo, la mente y el esp\u00edritu.<\/p><p>Los naturopatas utilizan una amplia variedad de t\u00e9cnicas terap\u00e9uticas, incluyendo la alimentaci\u00f3n y la nutrici\u00f3n, la fitoterapia, la aromaterapia, la hidroterapia, la terapia con diapasones y otras formas de medicina natural. A trav\u00e9s de una evaluaci\u00f3n completa de la salud del paciente, los naturopatas desarrollan planes de tratamiento personalizados que abordan las causas subyacentes de los problemas de salud y promueven el equilibrio y vitalidad.<\/p>\t\t\t\t\t\t\t\t<\/div>\n\t\t\t\t<\/div>\n\t\t\t\t<\/div>\n\t\t<div class=\"elementor-element elementor-element-12a311a3 e-con-full e-flex e-con e-child\" data-id=\"12a311a3\" data-element_type=\"container\">\n\t\t\t\t<div class=\"elementor-element elementor-element-119b5ed4 elementor-widget elementor-widget-image\" data-id=\"119b5ed4\" data-element_type=\"widget\" data-widget_type=\"image.default\">\n\t\t\t\t<div class=\"elementor-widget-container\">\n\t\t\t\t\t\t\t\t\t\t\t\t\t\t\t<img decoding=\"async\" width=\"1920\" height=\"1080\" src=\"https:\/\/nuwaterapia.com\/wp-content\/uploads\/2023\/11\/Naturopatia-2.jpg\" class=\"attachment-full size-full wp-image-441\" alt=\"\" srcset=\"https:\/\/nuwaterapia.com\/wp-content\/uploads\/2023\/11\/Naturopatia-2.jpg 1920w, https:\/\/nuwaterapia.com\/wp-content\/uploads\/2023\/11\/Naturopatia-2-300x169.jpg 300w, https:\/\/nuwaterapia.com\/wp-content\/uploads\/2023\/11\/Naturopatia-2-1024x576.jpg 1024w, https:\/\/nuwaterapia.com\/wp-content\/uploads\/2023\/11\/Naturopatia-2-768x432.jpg 768w, https:\/\/nuwaterapia.com\/wp-content\/uploads\/2023\/11\/Naturopatia-2-1536x864.jpg 1536w\" sizes=\"(max-width: 1920px) 100vw, 1920px\" \/>\t\t\t\t\t\t\t\t\t\t\t\t\t\t\t<\/div>\n\t\t\t\t<\/div>\n\t\t\t\t<\/div>\n\t\t\t\t\t<\/div>\n\t\t\t\t<\/div>\n\t\t<div class=\"elementor-element elementor-element-5e02306a e-flex e-con-boxed e-con e-parent\" data-id=\"5e02306a\" data-element_type=\"container\">\n\t\t\t\t\t<div class=\"e-con-inner\">\n\t\t<div class=\"elementor-element elementor-element-15f19a70 e-con-full e-flex e-con e-child\" data-id=\"15f19a70\" data-element_type=\"container\">\n\t\t\t\t<div class=\"elementor-element elementor-element-5b6ea8a elementor-invisible elementor-widget elementor-widget-heading\" data-id=\"5b6ea8a\" data-element_type=\"widget\" data-settings=\"{&quot;_animation&quot;:&quot;fadeIn&quot;}\" data-widget_type=\"heading.default\">\n\t\t\t\t<div class=\"elementor-widget-container\">\n\t\t\t\t\t<h2 class=\"elementor-heading-title elementor-size-default\">\u00bfEn qu\u00e9 consiste?<\/h2>\t\t\t\t<\/div>\n\t\t\t\t<\/div>\n\t\t\t\t<div class=\"elementor-element elementor-element-6c37da5 elementor-invisible elementor-widget elementor-widget-text-editor\" data-id=\"6c37da5\" data-element_type=\"widget\" data-settings=\"{&quot;_animation&quot;:&quot;fadeIn&quot;}\" data-widget_type=\"text-editor.default\">\n\t\t\t\t<div class=\"elementor-widget-container\">\n\t\t\t\t\t\t\t\t\t<p>Este sistema abarca diferentes t\u00e9cnicas, incluyendo la acupuntura, la fitoterapia, la moxibusti\u00f3n, la terapia diet\u00e9tica y los ejercicios como el tai chi y el qi gong. La acupuntura, por ejemplo, implica la inserci\u00f3n de finas agujas en puntos espec\u00edficos del cuerpo para estimular el flujo de energ\u00eda y restaurar el equilibrio.<\/p><p>La medicina tradicional china considera que los desequilibrios energ\u00e9ticos pueden conducir a enfermedades f\u00edsicas y emocionales. Esta pr\u00e1ctica no s\u00f3lo trata los s\u00edntomas, sino que busca identificar y tratar las ra\u00edces de los problemas de salud.<\/p><p>Muchas personas encuentran beneficios en esta medicina, incluyendo el manejo del dolor cr\u00f3nico, el estr\u00e9s, la mejora de la digesti\u00f3n y el soporte a la salud emocional. Su perspectiva hol\u00edstica considera al cuerpo como un sistema interconectado y promueve un bienestar global.<\/p><p>Por ello, no es s\u00f3lo una terapia alternativa, sino una visi\u00f3n de la salud que integra la naturaleza, la energ\u00eda y el ser humano en un todo armonioso.\u00a0<\/p><p>Si est\u00e1s buscando un enfoque m\u00e9dico diferente que valore la prevenci\u00f3n y el equilibrio, puede ser una opci\u00f3n fascinante para ti.<\/p>\t\t\t\t\t\t\t\t<\/div>\n\t\t\t\t<\/div>\n\t\t\t\t<\/div>\n\t\t\t\t\t<\/div>\n\t\t\t\t<\/div>\n\t\t\t\t<\/div>","protected":false},"excerpt":{"rendered":"<p>Naturopat\u00eda: el arte de la salud natural y hol\u00edstica La naturopat\u00eda es una disciplina de la medicina alternativa que pone el \u00e9nfasis en el uso de m\u00e9todos y remedios naturales para promover la salud y prevenir enfermedades. Basada en la idea de que el cuerpo tiene la capacidad innata de curarse a s\u00ed mismo, la naturopat\u00eda se\u2026&nbsp;<a href=\"https:\/\/nuwaterapia.com\/es\/naturopatia\/\" rel=\"bookmark\">Leer m\u00e1s \u00bb<span class=\"screen-reader-text\">Naturopat\u00eda<\/span><\/a><\/p>","protected":false},"author":1,"featured_media":0,"parent":0,"menu_order":0,"comment_status":"closed","ping_status":"closed","template":"page-templates\/template-pagebuilder-full-width.php","meta":{"neve_meta_sidebar":"","neve_meta_container":"","neve_meta_enable_content_width":"off","neve_meta_content_width":100,"neve_meta_title_alignment":"","neve_meta_author_avatar":"","neve_post_elements_order":"","neve_meta_disable_header":"","neve_meta_disable_footer":"","neve_meta_disable_title":"","_joinchat":[],"footnotes":""},"class_list":["post-439","page","type-page","status-publish","hentry"],"yoast_head":"<!-- This site is optimized with the Yoast SEO plugin v25.4 - https:\/\/yoast.com\/wordpress\/plugins\/seo\/ -->\n<title>Naturopatia - N\u00fcwa ter\u00e0pia<\/title>\n<meta name=\"description\" content=\"Opta per la naturopatia i millora la teva salut de forma natural amb tractaments que utilitzen el poder curatiu dels recursos naturals.\" \/>\n<meta name=\"robots\" content=\"index, follow, max-snippet:-1, max-image-preview:large, max-video-preview:-1\" \/>\n<link rel=\"canonical\" href=\"https:\/\/nuwaterapia.com\/es\/naturopatia\/\" \/>\n<meta property=\"og:locale\" content=\"es_ES\" \/>\n<meta property=\"og:type\" content=\"article\" \/>\n<meta property=\"og:title\" content=\"Naturopatia - N\u00fcwa ter\u00e0pia\" \/>\n<meta property=\"og:description\" content=\"Opta per la naturopatia i millora la teva salut de forma natural amb tractaments que utilitzen el poder curatiu dels recursos naturals.\" \/>\n<meta property=\"og:url\" content=\"https:\/\/nuwaterapia.com\/es\/naturopatia\/\" \/>\n<meta property=\"og:site_name\" content=\"N\u00fcwa ter\u00e0pia\" \/>\n<meta property=\"article:modified_time\" content=\"2026-04-11T10:45:27+00:00\" \/>\n<meta property=\"og:image\" content=\"https:\/\/nuwaterapia.com\/wp-content\/uploads\/2023\/11\/Naturopatia.jpg\" \/>\n<meta name=\"twitter:card\" content=\"summary_large_image\" \/>\n<meta name=\"twitter:label1\" content=\"Tiempo de lectura\" \/>\n\t<meta name=\"twitter:data1\" content=\"2 minutos\" \/>\n<script type=\"application\/ld+json\" class=\"yoast-schema-graph\">{\"@context\":\"https:\/\/schema.org\",\"@graph\":[{\"@type\":\"WebPage\",\"@id\":\"https:\/\/nuwaterapia.com\/naturopatia\/\",\"url\":\"https:\/\/nuwaterapia.com\/naturopatia\/\",\"name\":\"Naturopatia - N\u00fcwa ter\u00e0pia\",\"isPartOf\":{\"@id\":\"https:\/\/nuwaterapia.com\/#website\"},\"primaryImageOfPage\":{\"@id\":\"https:\/\/nuwaterapia.com\/naturopatia\/#primaryimage\"},\"image\":{\"@id\":\"https:\/\/nuwaterapia.com\/naturopatia\/#primaryimage\"},\"thumbnailUrl\":\"https:\/\/nuwaterapia.com\/wp-content\/uploads\/2023\/11\/Naturopatia.jpg\",\"datePublished\":\"2023-11-24T11:00:20+00:00\",\"dateModified\":\"2026-04-11T10:45:27+00:00\",\"description\":\"Opta per la naturopatia i millora la teva salut de forma natural amb tractaments que utilitzen el poder curatiu dels recursos naturals.\",\"breadcrumb\":{\"@id\":\"https:\/\/nuwaterapia.com\/naturopatia\/#breadcrumb\"},\"inLanguage\":\"es\",\"potentialAction\":[{\"@type\":\"ReadAction\",\"target\":[\"https:\/\/nuwaterapia.com\/naturopatia\/\"]}]},{\"@type\":\"ImageObject\",\"inLanguage\":\"es\",\"@id\":\"https:\/\/nuwaterapia.com\/naturopatia\/#primaryimage\",\"url\":\"https:\/\/nuwaterapia.com\/wp-content\/uploads\/2023\/11\/Naturopatia.jpg\",\"contentUrl\":\"https:\/\/nuwaterapia.com\/wp-content\/uploads\/2023\/11\/Naturopatia.jpg\"},{\"@type\":\"BreadcrumbList\",\"@id\":\"https:\/\/nuwaterapia.com\/naturopatia\/#breadcrumb\",\"itemListElement\":[{\"@type\":\"ListItem\",\"position\":1,\"name\":\"Portada\",\"item\":\"https:\/\/nuwaterapia.com\/\"},{\"@type\":\"ListItem\",\"position\":2,\"name\":\"Naturopatia\"}]},{\"@type\":\"WebSite\",\"@id\":\"https:\/\/nuwaterapia.com\/#website\",\"url\":\"https:\/\/nuwaterapia.com\/\",\"name\":\"N\u00fcwa ter\u00e0pia\",\"description\":\"Equilibri i benestar: descobreix les ter\u00e0pies naturals i tradicionals\",\"potentialAction\":[{\"@type\":\"SearchAction\",\"target\":{\"@type\":\"EntryPoint\",\"urlTemplate\":\"https:\/\/nuwaterapia.com\/?s={search_term_string}\"},\"query-input\":{\"@type\":\"PropertyValueSpecification\",\"valueRequired\":true,\"valueName\":\"search_term_string\"}}],\"inLanguage\":\"es\"}]}<\/script>\n<!-- \/ Yoast SEO plugin. -->","yoast_head_json":{"title":"Naturopatia - N\u00fcwa ter\u00e0pia","description":"Opta per la naturopatia i millora la teva salut de forma natural amb tractaments que utilitzen el poder curatiu dels recursos naturals.","robots":{"index":"index","follow":"follow","max-snippet":"max-snippet:-1","max-image-preview":"max-image-preview:large","max-video-preview":"max-video-preview:-1"},"canonical":"https:\/\/nuwaterapia.com\/es\/naturopatia\/","og_locale":"es_ES","og_type":"article","og_title":"Naturopatia - N\u00fcwa ter\u00e0pia","og_description":"Opta per la naturopatia i millora la teva salut de forma natural amb tractaments que utilitzen el poder curatiu dels recursos naturals.","og_url":"https:\/\/nuwaterapia.com\/es\/naturopatia\/","og_site_name":"N\u00fcwa ter\u00e0pia","article_modified_time":"2026-04-11T10:45:27+00:00","og_image":[{"url":"https:\/\/nuwaterapia.com\/wp-content\/uploads\/2023\/11\/Naturopatia.jpg","type":"","width":"","height":""}],"twitter_card":"summary_large_image","twitter_misc":{"Tiempo de lectura":"2 minutos"},"schema":{"@context":"https:\/\/schema.org","@graph":[{"@type":"WebPage","@id":"https:\/\/nuwaterapia.com\/naturopatia\/","url":"https:\/\/nuwaterapia.com\/naturopatia\/","name":"Naturopatia - N\u00fcwa ter\u00e0pia","isPartOf":{"@id":"https:\/\/nuwaterapia.com\/#website"},"primaryImageOfPage":{"@id":"https:\/\/nuwaterapia.com\/naturopatia\/#primaryimage"},"image":{"@id":"https:\/\/nuwaterapia.com\/naturopatia\/#primaryimage"},"thumbnailUrl":"https:\/\/nuwaterapia.com\/wp-content\/uploads\/2023\/11\/Naturopatia.jpg","datePublished":"2023-11-24T11:00:20+00:00","dateModified":"2026-04-11T10:45:27+00:00","description":"Opta per la naturopatia i millora la teva salut de forma natural amb tractaments que utilitzen el poder curatiu dels recursos naturals.","breadcrumb":{"@id":"https:\/\/nuwaterapia.com\/naturopatia\/#breadcrumb"},"inLanguage":"es","potentialAction":[{"@type":"ReadAction","target":["https:\/\/nuwaterapia.com\/naturopatia\/"]}]},{"@type":"ImageObject","inLanguage":"es","@id":"https:\/\/nuwaterapia.com\/naturopatia\/#primaryimage","url":"https:\/\/nuwaterapia.com\/wp-content\/uploads\/2023\/11\/Naturopatia.jpg","contentUrl":"https:\/\/nuwaterapia.com\/wp-content\/uploads\/2023\/11\/Naturopatia.jpg"},{"@type":"BreadcrumbList","@id":"https:\/\/nuwaterapia.com\/naturopatia\/#breadcrumb","itemListElement":[{"@type":"ListItem","position":1,"name":"Portada","item":"https:\/\/nuwaterapia.com\/"},{"@type":"ListItem","position":2,"name":"Naturopatia"}]},{"@type":"WebSite","@id":"https:\/\/nuwaterapia.com\/#website","url":"https:\/\/nuwaterapia.com\/","name":"N\u00fcwa ter\u00e0pia","description":"Equilibri i benestar: descobreix les ter\u00e0pies naturals i tradicionals","potentialAction":[{"@type":"SearchAction","target":{"@type":"EntryPoint","urlTemplate":"https:\/\/nuwaterapia.com\/?s={search_term_string}"},"query-input":{"@type":"PropertyValueSpecification","valueRequired":true,"valueName":"search_term_string"}}],"inLanguage":"es"}]}},"_links":{"self":[{"href":"https:\/\/nuwaterapia.com\/es\/wp-json\/wp\/v2\/pages\/439","targetHints":{"allow":["GET"]}}],"collection":[{"href":"https:\/\/nuwaterapia.com\/es\/wp-json\/wp\/v2\/pages"}],"about":[{"href":"https:\/\/nuwaterapia.com\/es\/wp-json\/wp\/v2\/types\/page"}],"author":[{"embeddable":true,"href":"https:\/\/nuwaterapia.com\/es\/wp-json\/wp\/v2\/users\/1"}],"replies":[{"embeddable":true,"href":"https:\/\/nuwaterapia.com\/es\/wp-json\/wp\/v2\/comments?post=439"}],"version-history":[{"count":9,"href":"https:\/\/nuwaterapia.com\/es\/wp-json\/wp\/v2\/pages\/439\/revisions"}],"predecessor-version":[{"id":1070,"href":"https:\/\/nuwaterapia.com\/es\/wp-json\/wp\/v2\/pages\/439\/revisions\/1070"}],"wp:attachment":[{"href":"https:\/\/nuwaterapia.com\/es\/wp-json\/wp\/v2\/media?parent=439"}],"curies":[{"name":"wp","href":"https:\/\/api.w.org\/{rel}","templated":true}]}}