{"id":429,"date":"2023-11-24T10:56:25","date_gmt":"2023-11-24T10:56:25","guid":{"rendered":"https:\/\/nuwaterapia.com\/?page_id=429"},"modified":"2024-09-17T09:18:59","modified_gmt":"2024-09-17T07:18:59","slug":"fitoterapia","status":"publish","type":"page","link":"https:\/\/nuwaterapia.com\/es\/fitoterapia\/","title":{"rendered":"Fitoterapia"},"content":{"rendered":"<div data-elementor-type=\"wp-page\" data-elementor-id=\"429\" class=\"elementor elementor-429\" data-elementor-post-type=\"page\">\n\t\t\t\t<div class=\"elementor-element elementor-element-23150b84 e-flex e-con-boxed e-con e-parent\" data-id=\"23150b84\" data-element_type=\"container\" data-settings=\"{&quot;background_background&quot;:&quot;classic&quot;}\">\n\t\t\t\t\t<div class=\"e-con-inner\">\n\t\t<div class=\"elementor-element elementor-element-354aa7c4 e-con-full e-flex e-con e-child\" data-id=\"354aa7c4\" data-element_type=\"container\">\n\t\t\t\t<div class=\"elementor-element elementor-element-56a3ceef elementor-widget elementor-widget-image\" data-id=\"56a3ceef\" data-element_type=\"widget\" data-widget_type=\"image.default\">\n\t\t\t\t<div class=\"elementor-widget-container\">\n\t\t\t\t\t\t\t\t\t\t\t\t\t\t\t<img fetchpriority=\"high\" decoding=\"async\" width=\"1024\" height=\"576\" src=\"https:\/\/nuwaterapia.com\/wp-content\/uploads\/2023\/11\/Fitoterapia-2-1024x576-1.jpg\" class=\"attachment-full size-full wp-image-431\" alt=\"\" srcset=\"https:\/\/nuwaterapia.com\/wp-content\/uploads\/2023\/11\/Fitoterapia-2-1024x576-1.jpg 1024w, https:\/\/nuwaterapia.com\/wp-content\/uploads\/2023\/11\/Fitoterapia-2-1024x576-1-300x169.jpg 300w, https:\/\/nuwaterapia.com\/wp-content\/uploads\/2023\/11\/Fitoterapia-2-1024x576-1-768x432.jpg 768w\" sizes=\"(max-width: 1024px) 100vw, 1024px\" \/>\t\t\t\t\t\t\t\t\t\t\t\t\t\t\t<\/div>\n\t\t\t\t<\/div>\n\t\t\t\t<\/div>\n\t\t<div class=\"elementor-element elementor-element-3ecaf0d8 e-con-full e-flex e-con e-child\" data-id=\"3ecaf0d8\" data-element_type=\"container\">\n\t\t\t\t<\/div>\n\t\t\t\t\t<\/div>\n\t\t\t\t<\/div>\n\t\t<div class=\"elementor-element elementor-element-2b698bd9 e-flex e-con-boxed e-con e-parent\" data-id=\"2b698bd9\" data-element_type=\"container\" data-settings=\"{&quot;background_background&quot;:&quot;classic&quot;}\">\n\t\t\t\t\t<div class=\"e-con-inner\">\n\t\t<div class=\"elementor-element elementor-element-53d4e470 e-con-full e-flex e-con e-child\" data-id=\"53d4e470\" data-element_type=\"container\">\n\t\t\t\t<div class=\"elementor-element elementor-element-79789ed7 elementor-invisible elementor-widget elementor-widget-heading\" data-id=\"79789ed7\" data-element_type=\"widget\" data-settings=\"{&quot;_animation&quot;:&quot;fadeIn&quot;}\" data-widget_type=\"heading.default\">\n\t\t\t\t<div class=\"elementor-widget-container\">\n\t\t\t\t\t<h2 class=\"elementor-heading-title elementor-size-default\">Fitoterapia: el arte de sanar con las plantas<\/h2>\t\t\t\t<\/div>\n\t\t\t\t<\/div>\n\t\t\t\t<div class=\"elementor-element elementor-element-545d3136 elementor-invisible elementor-widget elementor-widget-text-editor\" data-id=\"545d3136\" data-element_type=\"widget\" data-settings=\"{&quot;_animation&quot;:&quot;fadeIn&quot;}\" data-widget_type=\"text-editor.default\">\n\t\t\t\t<div class=\"elementor-widget-container\">\n\t\t\t\t\t\t\t\t\t<p>La fitoterapia, tambi\u00e9n conocida como herbolaria, es una antigua forma de medicina que utiliza las propiedades curativas de las plantas para promover la salud y el bienestar. Durante milenios, las diferentes culturas aprovecharon el poder de las hierbas, ra\u00edces, flores y otras partes de las plantas para tratar una amplia gama de condiciones de salud.<\/p><p>En la fitoterapia, se considera que cada planta tiene un conjunto \u00fanico de constituyentes activos que pueden tener efectos terap\u00e9uticos sobre el cuerpo humano. Esta pr\u00e1ctica se basa en el uso de preparaciones como infusiones, extractos y aceite esencial, que se administran por v\u00eda oral o t\u00f3pica para tratar muchas afecciones, desde problemas digestivos hasta problemas de sue\u00f1o y estr\u00e9s.<\/p>\t\t\t\t\t\t\t\t<\/div>\n\t\t\t\t<\/div>\n\t\t\t\t<\/div>\n\t\t<div class=\"elementor-element elementor-element-12a311a3 e-con-full e-flex e-con e-child\" data-id=\"12a311a3\" data-element_type=\"container\">\n\t\t\t\t<div class=\"elementor-element elementor-element-119b5ed4 elementor-widget elementor-widget-image\" data-id=\"119b5ed4\" data-element_type=\"widget\" data-widget_type=\"image.default\">\n\t\t\t\t<div class=\"elementor-widget-container\">\n\t\t\t\t\t\t\t\t\t\t\t\t\t\t\t<img decoding=\"async\" width=\"1920\" height=\"1080\" src=\"https:\/\/nuwaterapia.com\/wp-content\/uploads\/2023\/11\/FITOTERAPIA.jpg\" class=\"attachment-full size-full wp-image-166\" alt=\"\" srcset=\"https:\/\/nuwaterapia.com\/wp-content\/uploads\/2023\/11\/FITOTERAPIA.jpg 1920w, https:\/\/nuwaterapia.com\/wp-content\/uploads\/2023\/11\/FITOTERAPIA-300x169.jpg 300w, https:\/\/nuwaterapia.com\/wp-content\/uploads\/2023\/11\/FITOTERAPIA-1024x576.jpg 1024w, https:\/\/nuwaterapia.com\/wp-content\/uploads\/2023\/11\/FITOTERAPIA-768x432.jpg 768w, https:\/\/nuwaterapia.com\/wp-content\/uploads\/2023\/11\/FITOTERAPIA-1536x864.jpg 1536w\" sizes=\"(max-width: 1920px) 100vw, 1920px\" \/>\t\t\t\t\t\t\t\t\t\t\t\t\t\t\t<\/div>\n\t\t\t\t<\/div>\n\t\t\t\t<\/div>\n\t\t\t\t\t<\/div>\n\t\t\t\t<\/div>\n\t\t<div class=\"elementor-element elementor-element-5e02306a e-flex e-con-boxed e-con e-parent\" data-id=\"5e02306a\" data-element_type=\"container\">\n\t\t\t\t\t<div class=\"e-con-inner\">\n\t\t<div class=\"elementor-element elementor-element-15f19a70 e-con-full e-flex e-con e-child\" data-id=\"15f19a70\" data-element_type=\"container\">\n\t\t\t\t<div class=\"elementor-element elementor-element-5b6ea8a elementor-invisible elementor-widget elementor-widget-heading\" data-id=\"5b6ea8a\" data-element_type=\"widget\" data-settings=\"{&quot;_animation&quot;:&quot;fadeIn&quot;}\" data-widget_type=\"heading.default\">\n\t\t\t\t<div class=\"elementor-widget-container\">\n\t\t\t\t\t<h2 class=\"elementor-heading-title elementor-size-default\">\u00bfEn qu\u00e9 consiste?<\/h2>\t\t\t\t<\/div>\n\t\t\t\t<\/div>\n\t\t\t\t<div class=\"elementor-element elementor-element-6c37da5 elementor-invisible elementor-widget elementor-widget-text-editor\" data-id=\"6c37da5\" data-element_type=\"widget\" data-settings=\"{&quot;_animation&quot;:&quot;fadeIn&quot;}\" data-widget_type=\"text-editor.default\">\n\t\t\t\t<div class=\"elementor-widget-container\">\n\t\t\t\t\t\t\t\t\t<p>La fitoterapia tambi\u00e9n destaca por su enfoque hol\u00edstico, al considerar tanto los s\u00edntomas f\u00edsicos como los factores emocionales y mentales que pueden contribuir a las enfermedades. Con la ayuda de un profesional cualificado en fitoterapia, se puede crear un plan personalizado para tratar y prevenir problemas de salud mediante la adecuada selecci\u00f3n de plantas y hierbas.<\/p><p>Abrazar la fitoterapia significa abrazar la naturaleza y sus propiedades curativas. Es una opci\u00f3n terap\u00e9utica suave y eficaz que puede utilizarse como complemento a otros tratamientos m\u00e9dicos o como parte de un enfoque de vida saludable.\u00a0<\/p>\t\t\t\t\t\t\t\t<\/div>\n\t\t\t\t<\/div>\n\t\t\t\t<\/div>\n\t\t\t\t\t<\/div>\n\t\t\t\t<\/div>\n\t\t\t\t<\/div>","protected":false},"excerpt":{"rendered":"<p>Fitoterapia: el arte de sanar con las plantas La fitoterapia, tambi\u00e9n conocida como herbolaria, es una forma antigua de medicina que utiliza las propiedades curativas de las plantas para promover la salud y el bienestar. Durante milenios, las diferentes culturas han aprovechado el poder de las hierbas, ra\u00edces, flores y otras\u2026&nbsp;<a href=\"https:\/\/nuwaterapia.com\/es\/fitoterapia\/\" rel=\"bookmark\">Leer m\u00e1s \u00bb<span class=\"screen-reader-text\">Fitoterapia<\/span><\/a><\/p>","protected":false},"author":1,"featured_media":0,"parent":0,"menu_order":0,"comment_status":"closed","ping_status":"closed","template":"page-templates\/template-pagebuilder-full-width.php","meta":{"neve_meta_sidebar":"","neve_meta_container":"","neve_meta_enable_content_width":"off","neve_meta_content_width":100,"neve_meta_title_alignment":"","neve_meta_author_avatar":"","neve_post_elements_order":"","neve_meta_disable_header":"","neve_meta_disable_footer":"","neve_meta_disable_title":"","_joinchat":[],"footnotes":""},"class_list":["post-429","page","type-page","status-publish","hentry"],"yoast_head":"<!-- This site is optimized with the Yoast SEO plugin v25.4 - https:\/\/yoast.com\/wordpress\/plugins\/seo\/ -->\n<title>Fitoterapia - N\u00fcwa ter\u00e0pia<\/title>\n<meta name=\"description\" content=\"Tractament natural amb plantes medicinals per alleujar dolors, estimular la curaci\u00f3 i promoure la salut de manera segura i sense efectes secundaris.\" \/>\n<meta name=\"robots\" content=\"index, follow, max-snippet:-1, max-image-preview:large, max-video-preview:-1\" \/>\n<link rel=\"canonical\" href=\"https:\/\/nuwaterapia.com\/es\/fitoterapia\/\" \/>\n<meta property=\"og:locale\" content=\"es_ES\" \/>\n<meta property=\"og:type\" content=\"article\" \/>\n<meta property=\"og:title\" content=\"Fitoterapia - N\u00fcwa ter\u00e0pia\" \/>\n<meta property=\"og:description\" content=\"Tractament natural amb plantes medicinals per alleujar dolors, estimular la curaci\u00f3 i promoure la salut de manera segura i sense efectes secundaris.\" \/>\n<meta property=\"og:url\" content=\"https:\/\/nuwaterapia.com\/es\/fitoterapia\/\" \/>\n<meta property=\"og:site_name\" content=\"N\u00fcwa ter\u00e0pia\" \/>\n<meta property=\"article:modified_time\" content=\"2024-09-17T07:18:59+00:00\" \/>\n<meta property=\"og:image\" content=\"https:\/\/nuwaterapia.com\/wp-content\/uploads\/2023\/11\/Fitoterapia-2-1024x576-1.jpg\" \/>\n<meta name=\"twitter:card\" content=\"summary_large_image\" \/>\n<meta name=\"twitter:label1\" content=\"Tiempo de lectura\" \/>\n\t<meta name=\"twitter:data1\" content=\"2 minutos\" \/>\n<script type=\"application\/ld+json\" class=\"yoast-schema-graph\">{\"@context\":\"https:\/\/schema.org\",\"@graph\":[{\"@type\":\"WebPage\",\"@id\":\"https:\/\/nuwaterapia.com\/fitoterapia\/\",\"url\":\"https:\/\/nuwaterapia.com\/fitoterapia\/\",\"name\":\"Fitoterapia - N\u00fcwa ter\u00e0pia\",\"isPartOf\":{\"@id\":\"https:\/\/nuwaterapia.com\/#website\"},\"primaryImageOfPage\":{\"@id\":\"https:\/\/nuwaterapia.com\/fitoterapia\/#primaryimage\"},\"image\":{\"@id\":\"https:\/\/nuwaterapia.com\/fitoterapia\/#primaryimage\"},\"thumbnailUrl\":\"https:\/\/nuwaterapia.com\/wp-content\/uploads\/2023\/11\/Fitoterapia-2-1024x576-1.jpg\",\"datePublished\":\"2023-11-24T10:56:25+00:00\",\"dateModified\":\"2024-09-17T07:18:59+00:00\",\"description\":\"Tractament natural amb plantes medicinals per alleujar dolors, estimular la curaci\u00f3 i promoure la salut de manera segura i sense efectes secundaris.\",\"breadcrumb\":{\"@id\":\"https:\/\/nuwaterapia.com\/fitoterapia\/#breadcrumb\"},\"inLanguage\":\"es\",\"potentialAction\":[{\"@type\":\"ReadAction\",\"target\":[\"https:\/\/nuwaterapia.com\/fitoterapia\/\"]}]},{\"@type\":\"ImageObject\",\"inLanguage\":\"es\",\"@id\":\"https:\/\/nuwaterapia.com\/fitoterapia\/#primaryimage\",\"url\":\"https:\/\/nuwaterapia.com\/wp-content\/uploads\/2023\/11\/Fitoterapia-2-1024x576-1.jpg\",\"contentUrl\":\"https:\/\/nuwaterapia.com\/wp-content\/uploads\/2023\/11\/Fitoterapia-2-1024x576-1.jpg\"},{\"@type\":\"BreadcrumbList\",\"@id\":\"https:\/\/nuwaterapia.com\/fitoterapia\/#breadcrumb\",\"itemListElement\":[{\"@type\":\"ListItem\",\"position\":1,\"name\":\"Portada\",\"item\":\"https:\/\/nuwaterapia.com\/\"},{\"@type\":\"ListItem\",\"position\":2,\"name\":\"Fitoterapia\"}]},{\"@type\":\"WebSite\",\"@id\":\"https:\/\/nuwaterapia.com\/#website\",\"url\":\"https:\/\/nuwaterapia.com\/\",\"name\":\"N\u00fcwa ter\u00e0pia\",\"description\":\"Equilibri i benestar: descobreix les ter\u00e0pies naturals i tradicionals\",\"potentialAction\":[{\"@type\":\"SearchAction\",\"target\":{\"@type\":\"EntryPoint\",\"urlTemplate\":\"https:\/\/nuwaterapia.com\/?s={search_term_string}\"},\"query-input\":{\"@type\":\"PropertyValueSpecification\",\"valueRequired\":true,\"valueName\":\"search_term_string\"}}],\"inLanguage\":\"es\"}]}<\/script>\n<!-- \/ Yoast SEO plugin. -->","yoast_head_json":{"title":"Fitoterapia - N\u00fcwa ter\u00e0pia","description":"Tractament natural amb plantes medicinals per alleujar dolors, estimular la curaci\u00f3 i promoure la salut de manera segura i sense efectes secundaris.","robots":{"index":"index","follow":"follow","max-snippet":"max-snippet:-1","max-image-preview":"max-image-preview:large","max-video-preview":"max-video-preview:-1"},"canonical":"https:\/\/nuwaterapia.com\/es\/fitoterapia\/","og_locale":"es_ES","og_type":"article","og_title":"Fitoterapia - N\u00fcwa ter\u00e0pia","og_description":"Tractament natural amb plantes medicinals per alleujar dolors, estimular la curaci\u00f3 i promoure la salut de manera segura i sense efectes secundaris.","og_url":"https:\/\/nuwaterapia.com\/es\/fitoterapia\/","og_site_name":"N\u00fcwa ter\u00e0pia","article_modified_time":"2024-09-17T07:18:59+00:00","og_image":[{"url":"https:\/\/nuwaterapia.com\/wp-content\/uploads\/2023\/11\/Fitoterapia-2-1024x576-1.jpg","type":"","width":"","height":""}],"twitter_card":"summary_large_image","twitter_misc":{"Tiempo de lectura":"2 minutos"},"schema":{"@context":"https:\/\/schema.org","@graph":[{"@type":"WebPage","@id":"https:\/\/nuwaterapia.com\/fitoterapia\/","url":"https:\/\/nuwaterapia.com\/fitoterapia\/","name":"Fitoterapia - N\u00fcwa ter\u00e0pia","isPartOf":{"@id":"https:\/\/nuwaterapia.com\/#website"},"primaryImageOfPage":{"@id":"https:\/\/nuwaterapia.com\/fitoterapia\/#primaryimage"},"image":{"@id":"https:\/\/nuwaterapia.com\/fitoterapia\/#primaryimage"},"thumbnailUrl":"https:\/\/nuwaterapia.com\/wp-content\/uploads\/2023\/11\/Fitoterapia-2-1024x576-1.jpg","datePublished":"2023-11-24T10:56:25+00:00","dateModified":"2024-09-17T07:18:59+00:00","description":"Tractament natural amb plantes medicinals per alleujar dolors, estimular la curaci\u00f3 i promoure la salut de manera segura i sense efectes secundaris.","breadcrumb":{"@id":"https:\/\/nuwaterapia.com\/fitoterapia\/#breadcrumb"},"inLanguage":"es","potentialAction":[{"@type":"ReadAction","target":["https:\/\/nuwaterapia.com\/fitoterapia\/"]}]},{"@type":"ImageObject","inLanguage":"es","@id":"https:\/\/nuwaterapia.com\/fitoterapia\/#primaryimage","url":"https:\/\/nuwaterapia.com\/wp-content\/uploads\/2023\/11\/Fitoterapia-2-1024x576-1.jpg","contentUrl":"https:\/\/nuwaterapia.com\/wp-content\/uploads\/2023\/11\/Fitoterapia-2-1024x576-1.jpg"},{"@type":"BreadcrumbList","@id":"https:\/\/nuwaterapia.com\/fitoterapia\/#breadcrumb","itemListElement":[{"@type":"ListItem","position":1,"name":"Portada","item":"https:\/\/nuwaterapia.com\/"},{"@type":"ListItem","position":2,"name":"Fitoterapia"}]},{"@type":"WebSite","@id":"https:\/\/nuwaterapia.com\/#website","url":"https:\/\/nuwaterapia.com\/","name":"N\u00fcwa ter\u00e0pia","description":"Equilibri i benestar: descobreix les ter\u00e0pies naturals i tradicionals","potentialAction":[{"@type":"SearchAction","target":{"@type":"EntryPoint","urlTemplate":"https:\/\/nuwaterapia.com\/?s={search_term_string}"},"query-input":{"@type":"PropertyValueSpecification","valueRequired":true,"valueName":"search_term_string"}}],"inLanguage":"es"}]}},"_links":{"self":[{"href":"https:\/\/nuwaterapia.com\/es\/wp-json\/wp\/v2\/pages\/429","targetHints":{"allow":["GET"]}}],"collection":[{"href":"https:\/\/nuwaterapia.com\/es\/wp-json\/wp\/v2\/pages"}],"about":[{"href":"https:\/\/nuwaterapia.com\/es\/wp-json\/wp\/v2\/types\/page"}],"author":[{"embeddable":true,"href":"https:\/\/nuwaterapia.com\/es\/wp-json\/wp\/v2\/users\/1"}],"replies":[{"embeddable":true,"href":"https:\/\/nuwaterapia.com\/es\/wp-json\/wp\/v2\/comments?post=429"}],"version-history":[{"count":11,"href":"https:\/\/nuwaterapia.com\/es\/wp-json\/wp\/v2\/pages\/429\/revisions"}],"predecessor-version":[{"id":970,"href":"https:\/\/nuwaterapia.com\/es\/wp-json\/wp\/v2\/pages\/429\/revisions\/970"}],"wp:attachment":[{"href":"https:\/\/nuwaterapia.com\/es\/wp-json\/wp\/v2\/media?parent=429"}],"curies":[{"name":"wp","href":"https:\/\/api.w.org\/{rel}","templated":true}]}}