{"id":409,"date":"2023-11-24T10:49:28","date_gmt":"2023-11-24T10:49:28","guid":{"rendered":"https:\/\/nuwaterapia.com\/?page_id=409"},"modified":"2024-09-17T09:18:46","modified_gmt":"2024-09-17T07:18:46","slug":"aromaterapia","status":"publish","type":"page","link":"https:\/\/nuwaterapia.com\/es\/aromaterapia\/","title":{"rendered":"Aromaterapia"},"content":{"rendered":"<div data-elementor-type=\"wp-page\" data-elementor-id=\"409\" class=\"elementor elementor-409\" data-elementor-post-type=\"page\">\n\t\t\t\t<div class=\"elementor-element elementor-element-23150b84 e-flex e-con-boxed e-con e-parent\" data-id=\"23150b84\" data-element_type=\"container\" data-settings=\"{&quot;background_background&quot;:&quot;classic&quot;}\">\n\t\t\t\t\t<div class=\"e-con-inner\">\n\t\t<div class=\"elementor-element elementor-element-354aa7c4 e-con-full e-flex e-con e-child\" data-id=\"354aa7c4\" data-element_type=\"container\">\n\t\t\t\t<div class=\"elementor-element elementor-element-56a3ceef elementor-widget elementor-widget-image\" data-id=\"56a3ceef\" data-element_type=\"widget\" data-widget_type=\"image.default\">\n\t\t\t\t<div class=\"elementor-widget-container\">\n\t\t\t\t\t\t\t\t\t\t\t\t\t\t\t<img fetchpriority=\"high\" decoding=\"async\" width=\"1024\" height=\"576\" src=\"https:\/\/nuwaterapia.com\/wp-content\/uploads\/2023\/11\/Aromaterapia-2-1024x576-1.jpg\" class=\"attachment-full size-full wp-image-411\" alt=\"\" srcset=\"https:\/\/nuwaterapia.com\/wp-content\/uploads\/2023\/11\/Aromaterapia-2-1024x576-1.jpg 1024w, https:\/\/nuwaterapia.com\/wp-content\/uploads\/2023\/11\/Aromaterapia-2-1024x576-1-300x169.jpg 300w, https:\/\/nuwaterapia.com\/wp-content\/uploads\/2023\/11\/Aromaterapia-2-1024x576-1-768x432.jpg 768w\" sizes=\"(max-width: 1024px) 100vw, 1024px\" \/>\t\t\t\t\t\t\t\t\t\t\t\t\t\t\t<\/div>\n\t\t\t\t<\/div>\n\t\t\t\t<\/div>\n\t\t<div class=\"elementor-element elementor-element-3ecaf0d8 e-con-full e-flex e-con e-child\" data-id=\"3ecaf0d8\" data-element_type=\"container\">\n\t\t\t\t<\/div>\n\t\t\t\t\t<\/div>\n\t\t\t\t<\/div>\n\t\t<div class=\"elementor-element elementor-element-2b698bd9 e-flex e-con-boxed e-con e-parent\" data-id=\"2b698bd9\" data-element_type=\"container\" data-settings=\"{&quot;background_background&quot;:&quot;classic&quot;}\">\n\t\t\t\t\t<div class=\"e-con-inner\">\n\t\t<div class=\"elementor-element elementor-element-53d4e470 e-con-full e-flex e-con e-child\" data-id=\"53d4e470\" data-element_type=\"container\">\n\t\t\t\t<div class=\"elementor-element elementor-element-79789ed7 elementor-invisible elementor-widget elementor-widget-heading\" data-id=\"79789ed7\" data-element_type=\"widget\" data-settings=\"{&quot;_animation&quot;:&quot;fadeIn&quot;}\" data-widget_type=\"heading.default\">\n\t\t\t\t<div class=\"elementor-widget-container\">\n\t\t\t\t\t<h2 class=\"elementor-heading-title elementor-size-default\">Los poderosos beneficios de la aromaterapia: sanaci\u00f3n a trav\u00e9s de los aromas naturales<\/h2>\t\t\t\t<\/div>\n\t\t\t\t<\/div>\n\t\t\t\t<div class=\"elementor-element elementor-element-545d3136 elementor-invisible elementor-widget elementor-widget-text-editor\" data-id=\"545d3136\" data-element_type=\"widget\" data-settings=\"{&quot;_animation&quot;:&quot;fadeIn&quot;}\" data-widget_type=\"text-editor.default\">\n\t\t\t\t<div class=\"elementor-widget-container\">\n\t\t\t\t\t\t\t\t\t<p>La aromaterapia es mucho m\u00e1s que una simple fragancia agradable; es una forma de terapia que utiliza aceites esenciales naturales para promover la salud y bienestar f\u00edsico, emocional y mental. Esta pr\u00e1ctica antigua ha ganado popularidad en el mundo moderno como una opci\u00f3n de cuidado hol\u00edstico que puede tener efectos positivos en diversas \u00e1reas de la vida.<\/p><p>Los aceites esenciales se extraen de plantas, flores, ra\u00edces y otros componentes naturales, conservando sus propiedades curativas y arom\u00e1ticas. Cuando se aplican correctamente, sea por inhalaci\u00f3n, masaje o difusi\u00f3n, los aceites esenciales pueden estimular respuestas f\u00edsicas y emocionales en el cuerpo.<\/p>\t\t\t\t\t\t\t\t<\/div>\n\t\t\t\t<\/div>\n\t\t\t\t<\/div>\n\t\t<div class=\"elementor-element elementor-element-12a311a3 e-con-full e-flex e-con e-child\" data-id=\"12a311a3\" data-element_type=\"container\">\n\t\t\t\t<div class=\"elementor-element elementor-element-119b5ed4 elementor-widget elementor-widget-image\" data-id=\"119b5ed4\" data-element_type=\"widget\" data-widget_type=\"image.default\">\n\t\t\t\t<div class=\"elementor-widget-container\">\n\t\t\t\t\t\t\t\t\t\t\t\t\t\t\t<img decoding=\"async\" width=\"1920\" height=\"1080\" src=\"https:\/\/nuwaterapia.com\/wp-content\/uploads\/2023\/11\/AROMATERAPIA.jpg\" class=\"attachment-full size-full wp-image-164\" alt=\"\" srcset=\"https:\/\/nuwaterapia.com\/wp-content\/uploads\/2023\/11\/AROMATERAPIA.jpg 1920w, https:\/\/nuwaterapia.com\/wp-content\/uploads\/2023\/11\/AROMATERAPIA-300x169.jpg 300w, https:\/\/nuwaterapia.com\/wp-content\/uploads\/2023\/11\/AROMATERAPIA-1024x576.jpg 1024w, https:\/\/nuwaterapia.com\/wp-content\/uploads\/2023\/11\/AROMATERAPIA-768x432.jpg 768w, https:\/\/nuwaterapia.com\/wp-content\/uploads\/2023\/11\/AROMATERAPIA-1536x864.jpg 1536w\" sizes=\"(max-width: 1920px) 100vw, 1920px\" \/>\t\t\t\t\t\t\t\t\t\t\t\t\t\t\t<\/div>\n\t\t\t\t<\/div>\n\t\t\t\t<\/div>\n\t\t\t\t\t<\/div>\n\t\t\t\t<\/div>\n\t\t<div class=\"elementor-element elementor-element-5e02306a e-flex e-con-boxed e-con e-parent\" data-id=\"5e02306a\" data-element_type=\"container\">\n\t\t\t\t\t<div class=\"e-con-inner\">\n\t\t<div class=\"elementor-element elementor-element-15f19a70 e-con-full e-flex e-con e-child\" data-id=\"15f19a70\" data-element_type=\"container\">\n\t\t\t\t<div class=\"elementor-element elementor-element-5b6ea8a elementor-invisible elementor-widget elementor-widget-heading\" data-id=\"5b6ea8a\" data-element_type=\"widget\" data-settings=\"{&quot;_animation&quot;:&quot;fadeIn&quot;}\" data-widget_type=\"heading.default\">\n\t\t\t\t<div class=\"elementor-widget-container\">\n\t\t\t\t\t<h2 class=\"elementor-heading-title elementor-size-default\">\u00bfEn qu\u00e9 consiste?<\/h2>\t\t\t\t<\/div>\n\t\t\t\t<\/div>\n\t\t\t\t<div class=\"elementor-element elementor-element-6c37da5 elementor-invisible elementor-widget elementor-widget-text-editor\" data-id=\"6c37da5\" data-element_type=\"widget\" data-settings=\"{&quot;_animation&quot;:&quot;fadeIn&quot;}\" data-widget_type=\"text-editor.default\">\n\t\t\t\t<div class=\"elementor-widget-container\">\n\t\t\t\t\t\t\t\t\t<p>La aromaterapia tiene la capacidad de relajarse, aliviar el estr\u00e9s, mejorar la concentraci\u00f3n e incluso aliviar ciertos s\u00edntomas f\u00edsicos como el dolor y la congesti\u00f3n. A trav\u00e9s de la estimulaci\u00f3n de los sentidos y la absorci\u00f3n sutil de los aceites, esta terapia puede tener un profundo impacto en el estado de \u00e1nimo y el bienestar general.<\/p><p>Cada aceite esencial tiene propiedades \u00fanicas y puede ser utilizado para abordar distintas necesidades. Por ejemplo, la lavanda puede promover la calma y la relajaci\u00f3n, mientras que el t\u00e9 de menta puede revitalizarse y refrescarse. Adem\u00e1s de aplicaciones individuales, la combinaci\u00f3n de aceites esenciales puede crear sinergias poderosas para un efecto m\u00e1s completo.<\/p><p>La aromaterapia es una forma natural y suave de cuidado que puede ser integrada en tu rutina diaria. Ya sea que busques aliviar el estr\u00e9s, mejorar la calidad del sue\u00f1o o simplemente disfrutar de una atm\u00f3sfera relajante, los aceites esenciales ofrecen una puerta abierta a los beneficios de los aromas naturales para tu salud y bienestar globales.<\/p>\t\t\t\t\t\t\t\t<\/div>\n\t\t\t\t<\/div>\n\t\t\t\t<\/div>\n\t\t\t\t\t<\/div>\n\t\t\t\t<\/div>\n\t\t\t\t<\/div>","protected":false},"excerpt":{"rendered":"<p>Los poderosos beneficios de la aromaterapia: sanaci\u00f3n a trav\u00e9s de los aromas naturales La aromaterapia es mucho m\u00e1s que una simple fragancia agradable; es una forma de terapia que utiliza aceites esenciales naturales para promover la salud y bienestar f\u00edsico, emocional y mental. Esta pr\u00e1ctica antigua ha ganado popularidad en el mundo moderno como una\u2026&nbsp;<a href=\"https:\/\/nuwaterapia.com\/es\/aromaterapia\/\" rel=\"bookmark\">Leer m\u00e1s \u00bb<span class=\"screen-reader-text\">Aromaterapia<\/span><\/a><\/p>","protected":false},"author":1,"featured_media":0,"parent":0,"menu_order":0,"comment_status":"closed","ping_status":"closed","template":"page-templates\/template-pagebuilder-full-width.php","meta":{"neve_meta_sidebar":"","neve_meta_container":"","neve_meta_enable_content_width":"off","neve_meta_content_width":100,"neve_meta_title_alignment":"","neve_meta_author_avatar":"","neve_post_elements_order":"","neve_meta_disable_header":"","neve_meta_disable_footer":"","neve_meta_disable_title":"","_joinchat":[],"footnotes":""},"class_list":["post-409","page","type-page","status-publish","hentry"],"yoast_head":"<!-- This site is optimized with the Yoast SEO plugin v25.4 - https:\/\/yoast.com\/wordpress\/plugins\/seo\/ -->\n<title>Aromater\u00e0pia - N\u00fcwa ter\u00e0pia<\/title>\n<meta name=\"description\" content=\"Gaudeix dels beneficis de l&#039;aromater\u00e0pia amb olis essencials que ajuden a relaxar, reduir l&#039;estr\u00e8s i equilibrar cos i ment de forma natural.\" \/>\n<meta name=\"robots\" content=\"index, follow, max-snippet:-1, max-image-preview:large, max-video-preview:-1\" \/>\n<link rel=\"canonical\" href=\"https:\/\/nuwaterapia.com\/es\/aromaterapia\/\" \/>\n<meta property=\"og:locale\" content=\"es_ES\" \/>\n<meta property=\"og:type\" content=\"article\" \/>\n<meta property=\"og:title\" content=\"Aromater\u00e0pia - N\u00fcwa ter\u00e0pia\" \/>\n<meta property=\"og:description\" content=\"Gaudeix dels beneficis de l&#039;aromater\u00e0pia amb olis essencials que ajuden a relaxar, reduir l&#039;estr\u00e8s i equilibrar cos i ment de forma natural.\" \/>\n<meta property=\"og:url\" content=\"https:\/\/nuwaterapia.com\/es\/aromaterapia\/\" \/>\n<meta property=\"og:site_name\" content=\"N\u00fcwa ter\u00e0pia\" \/>\n<meta property=\"article:modified_time\" content=\"2024-09-17T07:18:46+00:00\" \/>\n<meta property=\"og:image\" content=\"https:\/\/nuwaterapia.com\/wp-content\/uploads\/2023\/11\/Aromaterapia-2-1024x576-1.jpg\" \/>\n<meta name=\"twitter:card\" content=\"summary_large_image\" \/>\n<meta name=\"twitter:label1\" content=\"Tiempo de lectura\" \/>\n\t<meta name=\"twitter:data1\" content=\"2 minutos\" \/>\n<script type=\"application\/ld+json\" class=\"yoast-schema-graph\">{\"@context\":\"https:\/\/schema.org\",\"@graph\":[{\"@type\":\"WebPage\",\"@id\":\"https:\/\/nuwaterapia.com\/aromaterapia\/\",\"url\":\"https:\/\/nuwaterapia.com\/aromaterapia\/\",\"name\":\"Aromater\u00e0pia - N\u00fcwa ter\u00e0pia\",\"isPartOf\":{\"@id\":\"https:\/\/nuwaterapia.com\/#website\"},\"primaryImageOfPage\":{\"@id\":\"https:\/\/nuwaterapia.com\/aromaterapia\/#primaryimage\"},\"image\":{\"@id\":\"https:\/\/nuwaterapia.com\/aromaterapia\/#primaryimage\"},\"thumbnailUrl\":\"https:\/\/nuwaterapia.com\/wp-content\/uploads\/2023\/11\/Aromaterapia-2-1024x576-1.jpg\",\"datePublished\":\"2023-11-24T10:49:28+00:00\",\"dateModified\":\"2024-09-17T07:18:46+00:00\",\"description\":\"Gaudeix dels beneficis de l'aromater\u00e0pia amb olis essencials que ajuden a relaxar, reduir l'estr\u00e8s i equilibrar cos i ment de forma natural.\",\"breadcrumb\":{\"@id\":\"https:\/\/nuwaterapia.com\/aromaterapia\/#breadcrumb\"},\"inLanguage\":\"es\",\"potentialAction\":[{\"@type\":\"ReadAction\",\"target\":[\"https:\/\/nuwaterapia.com\/aromaterapia\/\"]}]},{\"@type\":\"ImageObject\",\"inLanguage\":\"es\",\"@id\":\"https:\/\/nuwaterapia.com\/aromaterapia\/#primaryimage\",\"url\":\"https:\/\/nuwaterapia.com\/wp-content\/uploads\/2023\/11\/Aromaterapia-2-1024x576-1.jpg\",\"contentUrl\":\"https:\/\/nuwaterapia.com\/wp-content\/uploads\/2023\/11\/Aromaterapia-2-1024x576-1.jpg\"},{\"@type\":\"BreadcrumbList\",\"@id\":\"https:\/\/nuwaterapia.com\/aromaterapia\/#breadcrumb\",\"itemListElement\":[{\"@type\":\"ListItem\",\"position\":1,\"name\":\"Portada\",\"item\":\"https:\/\/nuwaterapia.com\/\"},{\"@type\":\"ListItem\",\"position\":2,\"name\":\"Aromater\u00e0pia\"}]},{\"@type\":\"WebSite\",\"@id\":\"https:\/\/nuwaterapia.com\/#website\",\"url\":\"https:\/\/nuwaterapia.com\/\",\"name\":\"N\u00fcwa ter\u00e0pia\",\"description\":\"Equilibri i benestar: descobreix les ter\u00e0pies naturals i tradicionals\",\"potentialAction\":[{\"@type\":\"SearchAction\",\"target\":{\"@type\":\"EntryPoint\",\"urlTemplate\":\"https:\/\/nuwaterapia.com\/?s={search_term_string}\"},\"query-input\":{\"@type\":\"PropertyValueSpecification\",\"valueRequired\":true,\"valueName\":\"search_term_string\"}}],\"inLanguage\":\"es\"}]}<\/script>\n<!-- \/ Yoast SEO plugin. -->","yoast_head_json":{"title":"Aromater\u00e0pia - N\u00fcwa ter\u00e0pia","description":"Gaudeix dels beneficis de l'aromater\u00e0pia amb olis essencials que ajuden a relaxar, reduir l'estr\u00e8s i equilibrar cos i ment de forma natural.","robots":{"index":"index","follow":"follow","max-snippet":"max-snippet:-1","max-image-preview":"max-image-preview:large","max-video-preview":"max-video-preview:-1"},"canonical":"https:\/\/nuwaterapia.com\/es\/aromaterapia\/","og_locale":"es_ES","og_type":"article","og_title":"Aromater\u00e0pia - N\u00fcwa ter\u00e0pia","og_description":"Gaudeix dels beneficis de l'aromater\u00e0pia amb olis essencials que ajuden a relaxar, reduir l'estr\u00e8s i equilibrar cos i ment de forma natural.","og_url":"https:\/\/nuwaterapia.com\/es\/aromaterapia\/","og_site_name":"N\u00fcwa ter\u00e0pia","article_modified_time":"2024-09-17T07:18:46+00:00","og_image":[{"url":"https:\/\/nuwaterapia.com\/wp-content\/uploads\/2023\/11\/Aromaterapia-2-1024x576-1.jpg","type":"","width":"","height":""}],"twitter_card":"summary_large_image","twitter_misc":{"Tiempo de lectura":"2 minutos"},"schema":{"@context":"https:\/\/schema.org","@graph":[{"@type":"WebPage","@id":"https:\/\/nuwaterapia.com\/aromaterapia\/","url":"https:\/\/nuwaterapia.com\/aromaterapia\/","name":"Aromater\u00e0pia - N\u00fcwa ter\u00e0pia","isPartOf":{"@id":"https:\/\/nuwaterapia.com\/#website"},"primaryImageOfPage":{"@id":"https:\/\/nuwaterapia.com\/aromaterapia\/#primaryimage"},"image":{"@id":"https:\/\/nuwaterapia.com\/aromaterapia\/#primaryimage"},"thumbnailUrl":"https:\/\/nuwaterapia.com\/wp-content\/uploads\/2023\/11\/Aromaterapia-2-1024x576-1.jpg","datePublished":"2023-11-24T10:49:28+00:00","dateModified":"2024-09-17T07:18:46+00:00","description":"Gaudeix dels beneficis de l'aromater\u00e0pia amb olis essencials que ajuden a relaxar, reduir l'estr\u00e8s i equilibrar cos i ment de forma natural.","breadcrumb":{"@id":"https:\/\/nuwaterapia.com\/aromaterapia\/#breadcrumb"},"inLanguage":"es","potentialAction":[{"@type":"ReadAction","target":["https:\/\/nuwaterapia.com\/aromaterapia\/"]}]},{"@type":"ImageObject","inLanguage":"es","@id":"https:\/\/nuwaterapia.com\/aromaterapia\/#primaryimage","url":"https:\/\/nuwaterapia.com\/wp-content\/uploads\/2023\/11\/Aromaterapia-2-1024x576-1.jpg","contentUrl":"https:\/\/nuwaterapia.com\/wp-content\/uploads\/2023\/11\/Aromaterapia-2-1024x576-1.jpg"},{"@type":"BreadcrumbList","@id":"https:\/\/nuwaterapia.com\/aromaterapia\/#breadcrumb","itemListElement":[{"@type":"ListItem","position":1,"name":"Portada","item":"https:\/\/nuwaterapia.com\/"},{"@type":"ListItem","position":2,"name":"Aromater\u00e0pia"}]},{"@type":"WebSite","@id":"https:\/\/nuwaterapia.com\/#website","url":"https:\/\/nuwaterapia.com\/","name":"N\u00fcwa ter\u00e0pia","description":"Equilibri i benestar: descobreix les ter\u00e0pies naturals i tradicionals","potentialAction":[{"@type":"SearchAction","target":{"@type":"EntryPoint","urlTemplate":"https:\/\/nuwaterapia.com\/?s={search_term_string}"},"query-input":{"@type":"PropertyValueSpecification","valueRequired":true,"valueName":"search_term_string"}}],"inLanguage":"es"}]}},"_links":{"self":[{"href":"https:\/\/nuwaterapia.com\/es\/wp-json\/wp\/v2\/pages\/409","targetHints":{"allow":["GET"]}}],"collection":[{"href":"https:\/\/nuwaterapia.com\/es\/wp-json\/wp\/v2\/pages"}],"about":[{"href":"https:\/\/nuwaterapia.com\/es\/wp-json\/wp\/v2\/types\/page"}],"author":[{"embeddable":true,"href":"https:\/\/nuwaterapia.com\/es\/wp-json\/wp\/v2\/users\/1"}],"replies":[{"embeddable":true,"href":"https:\/\/nuwaterapia.com\/es\/wp-json\/wp\/v2\/comments?post=409"}],"version-history":[{"count":8,"href":"https:\/\/nuwaterapia.com\/es\/wp-json\/wp\/v2\/pages\/409\/revisions"}],"predecessor-version":[{"id":969,"href":"https:\/\/nuwaterapia.com\/es\/wp-json\/wp\/v2\/pages\/409\/revisions\/969"}],"wp:attachment":[{"href":"https:\/\/nuwaterapia.com\/es\/wp-json\/wp\/v2\/media?parent=409"}],"curies":[{"name":"wp","href":"https:\/\/api.w.org\/{rel}","templated":true}]}}