{"id":368,"date":"2023-11-24T10:14:26","date_gmt":"2023-11-24T10:14:26","guid":{"rendered":"https:\/\/nuwaterapia.com\/?page_id=368"},"modified":"2024-09-17T09:19:31","modified_gmt":"2024-09-17T07:19:31","slug":"psiconeuroacupuntura","status":"publish","type":"page","link":"https:\/\/nuwaterapia.com\/es\/psiconeuroacupuntura\/","title":{"rendered":"Psiconeuroacupuntura"},"content":{"rendered":"<div data-elementor-type=\"wp-page\" data-elementor-id=\"368\" class=\"elementor elementor-368\" data-elementor-post-type=\"page\">\n\t\t\t\t<div class=\"elementor-element elementor-element-23150b84 e-flex e-con-boxed e-con e-parent\" data-id=\"23150b84\" data-element_type=\"container\" data-settings=\"{&quot;background_background&quot;:&quot;classic&quot;}\">\n\t\t\t\t\t<div class=\"e-con-inner\">\n\t\t<div class=\"elementor-element elementor-element-354aa7c4 e-con-full e-flex e-con e-child\" data-id=\"354aa7c4\" data-element_type=\"container\">\n\t\t\t\t<div class=\"elementor-element elementor-element-56a3ceef elementor-widget elementor-widget-image\" data-id=\"56a3ceef\" data-element_type=\"widget\" data-widget_type=\"image.default\">\n\t\t\t\t<div class=\"elementor-widget-container\">\n\t\t\t\t\t\t\t\t\t\t\t\t\t\t\t<img fetchpriority=\"high\" decoding=\"async\" width=\"1920\" height=\"1080\" src=\"https:\/\/nuwaterapia.com\/wp-content\/uploads\/2023\/11\/Psiconeuroacupuntura-1.jpg\" class=\"attachment-full size-full wp-image-373\" alt=\"\" srcset=\"https:\/\/nuwaterapia.com\/wp-content\/uploads\/2023\/11\/Psiconeuroacupuntura-1.jpg 1920w, https:\/\/nuwaterapia.com\/wp-content\/uploads\/2023\/11\/Psiconeuroacupuntura-1-300x169.jpg 300w, https:\/\/nuwaterapia.com\/wp-content\/uploads\/2023\/11\/Psiconeuroacupuntura-1-1024x576.jpg 1024w, https:\/\/nuwaterapia.com\/wp-content\/uploads\/2023\/11\/Psiconeuroacupuntura-1-768x432.jpg 768w, https:\/\/nuwaterapia.com\/wp-content\/uploads\/2023\/11\/Psiconeuroacupuntura-1-1536x864.jpg 1536w\" sizes=\"(max-width: 1920px) 100vw, 1920px\" \/>\t\t\t\t\t\t\t\t\t\t\t\t\t\t\t<\/div>\n\t\t\t\t<\/div>\n\t\t\t\t<\/div>\n\t\t<div class=\"elementor-element elementor-element-3ecaf0d8 e-con-full e-flex e-con e-child\" data-id=\"3ecaf0d8\" data-element_type=\"container\">\n\t\t\t\t<\/div>\n\t\t\t\t\t<\/div>\n\t\t\t\t<\/div>\n\t\t<div class=\"elementor-element elementor-element-2b698bd9 e-flex e-con-boxed e-con e-parent\" data-id=\"2b698bd9\" data-element_type=\"container\" data-settings=\"{&quot;background_background&quot;:&quot;classic&quot;}\">\n\t\t\t\t\t<div class=\"e-con-inner\">\n\t\t<div class=\"elementor-element elementor-element-53d4e470 e-con-full e-flex e-con e-child\" data-id=\"53d4e470\" data-element_type=\"container\">\n\t\t\t\t<div class=\"elementor-element elementor-element-79789ed7 elementor-invisible elementor-widget elementor-widget-heading\" data-id=\"79789ed7\" data-element_type=\"widget\" data-settings=\"{&quot;_animation&quot;:&quot;fadeIn&quot;}\" data-widget_type=\"heading.default\">\n\t\t\t\t<div class=\"elementor-widget-container\">\n\t\t\t\t\t<h2 class=\"elementor-heading-title elementor-size-default\">Armon\u00eda entre mente y cuerpo: descubre la psiconeuroacupuntura<\/h2>\t\t\t\t<\/div>\n\t\t\t\t<\/div>\n\t\t\t\t<div class=\"elementor-element elementor-element-545d3136 elementor-invisible elementor-widget elementor-widget-text-editor\" data-id=\"545d3136\" data-element_type=\"widget\" data-settings=\"{&quot;_animation&quot;:&quot;fadeIn&quot;}\" data-widget_type=\"text-editor.default\">\n\t\t\t\t<div class=\"elementor-widget-container\">\n\t\t\t\t\t\t\t\t\t<p>La Psiconeuroacupuntura es una disciplina de salud que integra los principios de la acupuntura tradicional con el entendimiento moderno de la neurociencia y la psicolog\u00eda. Esta t\u00e9cnica innovadora reconoce la profunda conexi\u00f3n entre el cuerpo y la mente, buscando tratar las afecciones tanto f\u00edsicas como emocionales a trav\u00e9s de la estimulaci\u00f3n de puntos de acupuntura espec\u00edficos.<\/p><p>Los defensores de la Psiconeuroacupuntura elogian sus efectos beneficiosos en la ansiedad, la depresi\u00f3n, los trastornos del sue\u00f1o y otros desaf\u00edos emocionales. Adem\u00e1s, este enfoque puede utilizarse como complemento a otras terapias y tratamientos m\u00e9dicos.\u00a0\u00a0<\/p>\t\t\t\t\t\t\t\t<\/div>\n\t\t\t\t<\/div>\n\t\t\t\t<\/div>\n\t\t<div class=\"elementor-element elementor-element-12a311a3 e-con-full e-flex e-con e-child\" data-id=\"12a311a3\" data-element_type=\"container\">\n\t\t\t\t<div class=\"elementor-element elementor-element-119b5ed4 elementor-widget elementor-widget-image\" data-id=\"119b5ed4\" data-element_type=\"widget\" data-widget_type=\"image.default\">\n\t\t\t\t<div class=\"elementor-widget-container\">\n\t\t\t\t\t\t\t\t\t\t\t\t\t\t\t<img decoding=\"async\" width=\"1920\" height=\"1080\" src=\"https:\/\/nuwaterapia.com\/wp-content\/uploads\/2023\/11\/PSICONEUROACUPUNTURA.jpg\" class=\"attachment-full size-full wp-image-160\" alt=\"\" srcset=\"https:\/\/nuwaterapia.com\/wp-content\/uploads\/2023\/11\/PSICONEUROACUPUNTURA.jpg 1920w, https:\/\/nuwaterapia.com\/wp-content\/uploads\/2023\/11\/PSICONEUROACUPUNTURA-300x169.jpg 300w, https:\/\/nuwaterapia.com\/wp-content\/uploads\/2023\/11\/PSICONEUROACUPUNTURA-1024x576.jpg 1024w, https:\/\/nuwaterapia.com\/wp-content\/uploads\/2023\/11\/PSICONEUROACUPUNTURA-768x432.jpg 768w, https:\/\/nuwaterapia.com\/wp-content\/uploads\/2023\/11\/PSICONEUROACUPUNTURA-1536x864.jpg 1536w\" sizes=\"(max-width: 1920px) 100vw, 1920px\" \/>\t\t\t\t\t\t\t\t\t\t\t\t\t\t\t<\/div>\n\t\t\t\t<\/div>\n\t\t\t\t<\/div>\n\t\t\t\t\t<\/div>\n\t\t\t\t<\/div>\n\t\t<div class=\"elementor-element elementor-element-5e02306a e-flex e-con-boxed e-con e-parent\" data-id=\"5e02306a\" data-element_type=\"container\">\n\t\t\t\t\t<div class=\"e-con-inner\">\n\t\t<div class=\"elementor-element elementor-element-15f19a70 e-con-full e-flex e-con e-child\" data-id=\"15f19a70\" data-element_type=\"container\">\n\t\t\t\t<div class=\"elementor-element elementor-element-5b6ea8a elementor-invisible elementor-widget elementor-widget-heading\" data-id=\"5b6ea8a\" data-element_type=\"widget\" data-settings=\"{&quot;_animation&quot;:&quot;fadeIn&quot;}\" data-widget_type=\"heading.default\">\n\t\t\t\t<div class=\"elementor-widget-container\">\n\t\t\t\t\t<h2 class=\"elementor-heading-title elementor-size-default\">\u00bfEn qu\u00e9 consiste?<\/h2>\t\t\t\t<\/div>\n\t\t\t\t<\/div>\n\t\t\t\t<div class=\"elementor-element elementor-element-6c37da5 elementor-invisible elementor-widget elementor-widget-text-editor\" data-id=\"6c37da5\" data-element_type=\"widget\" data-settings=\"{&quot;_animation&quot;:&quot;fadeIn&quot;}\" data-widget_type=\"text-editor.default\">\n\t\t\t\t<div class=\"elementor-widget-container\">\n\t\t\t\t\t\t\t\t\t<p>Mediante el uso de peque\u00f1as agujas, la Psiconeuroacupuntura busca influir en el sistema nervioso y la respuesta emocional del cuerpo. Estos puntos de acupuntura est\u00e1n relacionados con neurotransmisores y regiones del cerebro que est\u00e1n asociadas con las emociones y el bienestar. A trav\u00e9s de la estimulaci\u00f3n de estos puntos, se pueden regular las respuestas emocionales, aliviar la ansiedad y la depresi\u00f3n, y mejorar la salud mental en general.<\/p><p>Adem\u00e1s del uso de agujas, tambi\u00e9n puede incorporarse otras t\u00e9cnicas como la moxibusti\u00f3n, las ventosas y la terapia del sonido. Este enfoque hol\u00edstico considera al ser humano en su totalidad y busca restablecer el equilibrio entre la mente y el cuerpo.<\/p><p>Si buscas una forma hol\u00edstica de abordar tus preocupaciones emocionales y mejorar tu bienestar general, puede ser una opci\u00f3n fascinante y prometedora.\u00a0<\/p><p>Aprovecha su combinaci\u00f3n \u00fanica de acupuntura, neurociencia y psicolog\u00eda para descubrir una nueva dimensi\u00f3n de salud y equilibrio.\u00a0<\/p><p><script src=\"moz-extension:\/\/a3cad1a2-a5ca-44ee-8146-91890c64b1a7\/js\/app.js\" type=\"text\/javascript\"><\/script><\/p>\t\t\t\t\t\t\t\t<\/div>\n\t\t\t\t<\/div>\n\t\t\t\t<\/div>\n\t\t\t\t\t<\/div>\n\t\t\t\t<\/div>\n\t\t\t\t<\/div>","protected":false},"excerpt":{"rendered":"<p>Armon\u00eda entre mente y cuerpo: descubre la psiconeuroacupuntura La Psiconeuroacupuntura es una disciplina de salud que integra los principios de la acupuntura tradicional con el entendimiento moderno de la neurociencia y la psicolog\u00eda. Esta t\u00e9cnica innovadora reconoce la profunda conexi\u00f3n entre el cuerpo y la mente, buscando tratar las afecciones tanto f\u00edsicas como emocionales a trav\u00e9s\u2026&nbsp;<a href=\"https:\/\/nuwaterapia.com\/es\/psiconeuroacupuntura\/\" rel=\"bookmark\">Leer m\u00e1s \u00bb<span class=\"screen-reader-text\">Psiconeuroacupuntura<\/span><\/a><\/p>","protected":false},"author":1,"featured_media":0,"parent":0,"menu_order":0,"comment_status":"closed","ping_status":"closed","template":"page-templates\/template-pagebuilder-full-width.php","meta":{"neve_meta_sidebar":"","neve_meta_container":"","neve_meta_enable_content_width":"off","neve_meta_content_width":100,"neve_meta_title_alignment":"","neve_meta_author_avatar":"","neve_post_elements_order":"","neve_meta_disable_header":"","neve_meta_disable_footer":"","neve_meta_disable_title":"","_joinchat":[],"footnotes":""},"class_list":["post-368","page","type-page","status-publish","hentry"],"yoast_head":"<!-- This site is optimized with the Yoast SEO plugin v25.4 - https:\/\/yoast.com\/wordpress\/plugins\/seo\/ -->\n<title>Psiconeuroacupuntura - N\u00fcwa ter\u00e0pia<\/title>\n<meta name=\"description\" content=\"La psiconeuroacupuntura combina acupuntura i neuroci\u00e8ncia per tractar trastorns emocionals, reduir l&#039;estr\u00e8s i millorar l&#039;equilibri mental.\" \/>\n<meta name=\"robots\" content=\"index, follow, max-snippet:-1, max-image-preview:large, max-video-preview:-1\" \/>\n<link rel=\"canonical\" href=\"https:\/\/nuwaterapia.com\/es\/psiconeuroacupuntura\/\" \/>\n<meta property=\"og:locale\" content=\"es_ES\" \/>\n<meta property=\"og:type\" content=\"article\" \/>\n<meta property=\"og:title\" content=\"Psiconeuroacupuntura - N\u00fcwa ter\u00e0pia\" \/>\n<meta property=\"og:description\" content=\"La psiconeuroacupuntura combina acupuntura i neuroci\u00e8ncia per tractar trastorns emocionals, reduir l&#039;estr\u00e8s i millorar l&#039;equilibri mental.\" \/>\n<meta property=\"og:url\" content=\"https:\/\/nuwaterapia.com\/es\/psiconeuroacupuntura\/\" \/>\n<meta property=\"og:site_name\" content=\"N\u00fcwa ter\u00e0pia\" \/>\n<meta property=\"article:modified_time\" content=\"2024-09-17T07:19:31+00:00\" \/>\n<meta property=\"og:image\" content=\"https:\/\/nuwaterapia.com\/wp-content\/uploads\/2023\/11\/Psiconeuroacupuntura-1.jpg\" \/>\n<meta name=\"twitter:card\" content=\"summary_large_image\" \/>\n<meta name=\"twitter:label1\" content=\"Tiempo de lectura\" \/>\n\t<meta name=\"twitter:data1\" content=\"2 minutos\" \/>\n<script type=\"application\/ld+json\" class=\"yoast-schema-graph\">{\"@context\":\"https:\/\/schema.org\",\"@graph\":[{\"@type\":\"WebPage\",\"@id\":\"https:\/\/nuwaterapia.com\/psiconeuroacupuntura\/\",\"url\":\"https:\/\/nuwaterapia.com\/psiconeuroacupuntura\/\",\"name\":\"Psiconeuroacupuntura - N\u00fcwa ter\u00e0pia\",\"isPartOf\":{\"@id\":\"https:\/\/nuwaterapia.com\/#website\"},\"primaryImageOfPage\":{\"@id\":\"https:\/\/nuwaterapia.com\/psiconeuroacupuntura\/#primaryimage\"},\"image\":{\"@id\":\"https:\/\/nuwaterapia.com\/psiconeuroacupuntura\/#primaryimage\"},\"thumbnailUrl\":\"https:\/\/nuwaterapia.com\/wp-content\/uploads\/2023\/11\/Psiconeuroacupuntura-1.jpg\",\"datePublished\":\"2023-11-24T10:14:26+00:00\",\"dateModified\":\"2024-09-17T07:19:31+00:00\",\"description\":\"La psiconeuroacupuntura combina acupuntura i neuroci\u00e8ncia per tractar trastorns emocionals, reduir l'estr\u00e8s i millorar l'equilibri mental.\",\"breadcrumb\":{\"@id\":\"https:\/\/nuwaterapia.com\/psiconeuroacupuntura\/#breadcrumb\"},\"inLanguage\":\"es\",\"potentialAction\":[{\"@type\":\"ReadAction\",\"target\":[\"https:\/\/nuwaterapia.com\/psiconeuroacupuntura\/\"]}]},{\"@type\":\"ImageObject\",\"inLanguage\":\"es\",\"@id\":\"https:\/\/nuwaterapia.com\/psiconeuroacupuntura\/#primaryimage\",\"url\":\"https:\/\/nuwaterapia.com\/wp-content\/uploads\/2023\/11\/Psiconeuroacupuntura-1.jpg\",\"contentUrl\":\"https:\/\/nuwaterapia.com\/wp-content\/uploads\/2023\/11\/Psiconeuroacupuntura-1.jpg\"},{\"@type\":\"BreadcrumbList\",\"@id\":\"https:\/\/nuwaterapia.com\/psiconeuroacupuntura\/#breadcrumb\",\"itemListElement\":[{\"@type\":\"ListItem\",\"position\":1,\"name\":\"Portada\",\"item\":\"https:\/\/nuwaterapia.com\/\"},{\"@type\":\"ListItem\",\"position\":2,\"name\":\"Psiconeuroacupuntura\"}]},{\"@type\":\"WebSite\",\"@id\":\"https:\/\/nuwaterapia.com\/#website\",\"url\":\"https:\/\/nuwaterapia.com\/\",\"name\":\"N\u00fcwa ter\u00e0pia\",\"description\":\"Equilibri i benestar: descobreix les ter\u00e0pies naturals i tradicionals\",\"potentialAction\":[{\"@type\":\"SearchAction\",\"target\":{\"@type\":\"EntryPoint\",\"urlTemplate\":\"https:\/\/nuwaterapia.com\/?s={search_term_string}\"},\"query-input\":{\"@type\":\"PropertyValueSpecification\",\"valueRequired\":true,\"valueName\":\"search_term_string\"}}],\"inLanguage\":\"es\"}]}<\/script>\n<!-- \/ Yoast SEO plugin. -->","yoast_head_json":{"title":"Psiconeuroacupuntura - N\u00fcwa ter\u00e0pia","description":"La psiconeuroacupuntura combina acupuntura i neuroci\u00e8ncia per tractar trastorns emocionals, reduir l'estr\u00e8s i millorar l'equilibri mental.","robots":{"index":"index","follow":"follow","max-snippet":"max-snippet:-1","max-image-preview":"max-image-preview:large","max-video-preview":"max-video-preview:-1"},"canonical":"https:\/\/nuwaterapia.com\/es\/psiconeuroacupuntura\/","og_locale":"es_ES","og_type":"article","og_title":"Psiconeuroacupuntura - N\u00fcwa ter\u00e0pia","og_description":"La psiconeuroacupuntura combina acupuntura i neuroci\u00e8ncia per tractar trastorns emocionals, reduir l'estr\u00e8s i millorar l'equilibri mental.","og_url":"https:\/\/nuwaterapia.com\/es\/psiconeuroacupuntura\/","og_site_name":"N\u00fcwa ter\u00e0pia","article_modified_time":"2024-09-17T07:19:31+00:00","og_image":[{"url":"https:\/\/nuwaterapia.com\/wp-content\/uploads\/2023\/11\/Psiconeuroacupuntura-1.jpg","type":"","width":"","height":""}],"twitter_card":"summary_large_image","twitter_misc":{"Tiempo de lectura":"2 minutos"},"schema":{"@context":"https:\/\/schema.org","@graph":[{"@type":"WebPage","@id":"https:\/\/nuwaterapia.com\/psiconeuroacupuntura\/","url":"https:\/\/nuwaterapia.com\/psiconeuroacupuntura\/","name":"Psiconeuroacupuntura - N\u00fcwa ter\u00e0pia","isPartOf":{"@id":"https:\/\/nuwaterapia.com\/#website"},"primaryImageOfPage":{"@id":"https:\/\/nuwaterapia.com\/psiconeuroacupuntura\/#primaryimage"},"image":{"@id":"https:\/\/nuwaterapia.com\/psiconeuroacupuntura\/#primaryimage"},"thumbnailUrl":"https:\/\/nuwaterapia.com\/wp-content\/uploads\/2023\/11\/Psiconeuroacupuntura-1.jpg","datePublished":"2023-11-24T10:14:26+00:00","dateModified":"2024-09-17T07:19:31+00:00","description":"La psiconeuroacupuntura combina acupuntura i neuroci\u00e8ncia per tractar trastorns emocionals, reduir l'estr\u00e8s i millorar l'equilibri mental.","breadcrumb":{"@id":"https:\/\/nuwaterapia.com\/psiconeuroacupuntura\/#breadcrumb"},"inLanguage":"es","potentialAction":[{"@type":"ReadAction","target":["https:\/\/nuwaterapia.com\/psiconeuroacupuntura\/"]}]},{"@type":"ImageObject","inLanguage":"es","@id":"https:\/\/nuwaterapia.com\/psiconeuroacupuntura\/#primaryimage","url":"https:\/\/nuwaterapia.com\/wp-content\/uploads\/2023\/11\/Psiconeuroacupuntura-1.jpg","contentUrl":"https:\/\/nuwaterapia.com\/wp-content\/uploads\/2023\/11\/Psiconeuroacupuntura-1.jpg"},{"@type":"BreadcrumbList","@id":"https:\/\/nuwaterapia.com\/psiconeuroacupuntura\/#breadcrumb","itemListElement":[{"@type":"ListItem","position":1,"name":"Portada","item":"https:\/\/nuwaterapia.com\/"},{"@type":"ListItem","position":2,"name":"Psiconeuroacupuntura"}]},{"@type":"WebSite","@id":"https:\/\/nuwaterapia.com\/#website","url":"https:\/\/nuwaterapia.com\/","name":"N\u00fcwa ter\u00e0pia","description":"Equilibri i benestar: descobreix les ter\u00e0pies naturals i tradicionals","potentialAction":[{"@type":"SearchAction","target":{"@type":"EntryPoint","urlTemplate":"https:\/\/nuwaterapia.com\/?s={search_term_string}"},"query-input":{"@type":"PropertyValueSpecification","valueRequired":true,"valueName":"search_term_string"}}],"inLanguage":"es"}]}},"_links":{"self":[{"href":"https:\/\/nuwaterapia.com\/es\/wp-json\/wp\/v2\/pages\/368","targetHints":{"allow":["GET"]}}],"collection":[{"href":"https:\/\/nuwaterapia.com\/es\/wp-json\/wp\/v2\/pages"}],"about":[{"href":"https:\/\/nuwaterapia.com\/es\/wp-json\/wp\/v2\/types\/page"}],"author":[{"embeddable":true,"href":"https:\/\/nuwaterapia.com\/es\/wp-json\/wp\/v2\/users\/1"}],"replies":[{"embeddable":true,"href":"https:\/\/nuwaterapia.com\/es\/wp-json\/wp\/v2\/comments?post=368"}],"version-history":[{"count":20,"href":"https:\/\/nuwaterapia.com\/es\/wp-json\/wp\/v2\/pages\/368\/revisions"}],"predecessor-version":[{"id":974,"href":"https:\/\/nuwaterapia.com\/es\/wp-json\/wp\/v2\/pages\/368\/revisions\/974"}],"wp:attachment":[{"href":"https:\/\/nuwaterapia.com\/es\/wp-json\/wp\/v2\/media?parent=368"}],"curies":[{"name":"wp","href":"https:\/\/api.w.org\/{rel}","templated":true}]}}