{"id":363,"date":"2023-11-21T20:37:34","date_gmt":"2023-11-21T20:37:34","guid":{"rendered":"https:\/\/nuwaterapia.com\/?page_id=363"},"modified":"2023-11-27T08:52:04","modified_gmt":"2023-11-27T08:52:04","slug":"mapa-del-lloc","status":"publish","type":"page","link":"https:\/\/nuwaterapia.com\/es\/mapa-del-lloc\/","title":{"rendered":"Mapa del sitio"},"content":{"rendered":"<div data-elementor-type=\"wp-page\" data-elementor-id=\"363\" class=\"elementor elementor-363\" data-elementor-post-type=\"page\">\n\t\t\t\t<div class=\"elementor-element elementor-element-4ee0b57 e-flex e-con-boxed e-con e-parent\" data-id=\"4ee0b57\" data-element_type=\"container\" data-settings=\"{&quot;background_background&quot;:&quot;classic&quot;}\">\n\t\t\t\t\t<div class=\"e-con-inner\">\n\t\t<div class=\"elementor-element elementor-element-455d16d8 e-con-full e-flex e-con e-child\" data-id=\"455d16d8\" data-element_type=\"container\">\n\t\t\t\t<\/div>\n\t\t\t\t\t<\/div>\n\t\t\t\t<\/div>\n\t\t<div class=\"elementor-element elementor-element-7a5cb086 e-flex e-con-boxed e-con e-parent\" data-id=\"7a5cb086\" data-element_type=\"container\">\n\t\t\t\t\t<div class=\"e-con-inner\">\n\t\t<div class=\"elementor-element elementor-element-415b2358 e-con-full e-flex e-con e-child\" data-id=\"415b2358\" data-element_type=\"container\">\n\t\t\t\t<div class=\"elementor-element elementor-element-8083df5 elementor-widget elementor-widget-sitemap\" data-id=\"8083df5\" data-element_type=\"widget\" data-widget_type=\"sitemap.default\">\n\t\t\t\t<div class=\"elementor-widget-container\">\n\t\t\t\t\t<div class=\"elementor-sitemap-wrap\"><div class=\"elementor-sitemap-section\"><h2 class=\"elementor-sitemap-title elementor-sitemap-page-title\">P\u00e1ginas<\/h2><ul class=\"elementor-sitemap-list elementor-sitemap-page-list\"><li class=\"elementor-sitemap-item elementor-sitemap-item-page page_item page-item-983\"><a href=\"https:\/\/nuwaterapia.com\/es\/qui-soc\/\">Quien soy<\/a><\/li><li class=\"elementor-sitemap-item elementor-sitemap-item-page page_item page-item-439\"><a href=\"https:\/\/nuwaterapia.com\/es\/naturopatia\/\">Naturopat\u00eda<\/a><\/li><li class=\"elementor-sitemap-item elementor-sitemap-item-page page_item page-item-429\"><a href=\"https:\/\/nuwaterapia.com\/es\/fitoterapia\/\">Fitoterapia<\/a><\/li><li class=\"elementor-sitemap-item elementor-sitemap-item-page page_item page-item-416\"><a href=\"https:\/\/nuwaterapia.com\/es\/terapia-amb-diapasons\/\">Terapia con diapasones<\/a><\/li><li class=\"elementor-sitemap-item elementor-sitemap-item-page page_item page-item-409\"><a href=\"https:\/\/nuwaterapia.com\/es\/aromaterapia\/\">Aromaterapia<\/a><\/li><li class=\"elementor-sitemap-item elementor-sitemap-item-page page_item page-item-396\"><a href=\"https:\/\/nuwaterapia.com\/es\/ventoses\/\">Ventosas<\/a><\/li><li class=\"elementor-sitemap-item elementor-sitemap-item-page page_item page-item-389\"><a href=\"https:\/\/nuwaterapia.com\/es\/magnetoterapia\/\">Magnetoterapia<\/a><\/li><li class=\"elementor-sitemap-item elementor-sitemap-item-page page_item page-item-378\"><a href=\"https:\/\/nuwaterapia.com\/es\/acupuntura\/\">Acupuntura<\/a><\/li><li class=\"elementor-sitemap-item elementor-sitemap-item-page page_item page-item-368\"><a href=\"https:\/\/nuwaterapia.com\/es\/psiconeuroacupuntura\/\">Psiconeuroacupuntura<\/a><\/li><li class=\"elementor-sitemap-item elementor-sitemap-item-page page_item page-item-363\"><a href=\"https:\/\/nuwaterapia.com\/es\/mapa-del-lloc\/\">Mapa del sitio<\/a><\/li><li class=\"elementor-sitemap-item elementor-sitemap-item-page page_item page-item-358\"><a href=\"https:\/\/nuwaterapia.com\/es\/politica-de-cookies\/\">Pol\u00edtica de cookies<\/a><\/li><li class=\"elementor-sitemap-item elementor-sitemap-item-page page_item page-item-350\"><a href=\"https:\/\/nuwaterapia.com\/es\/politica-de-privacitat\/\">Pol\u00edtica de privacidad<\/a><\/li><li class=\"elementor-sitemap-item elementor-sitemap-item-page page_item page-item-345\"><a href=\"https:\/\/nuwaterapia.com\/es\/declaracio-daccessibilitat\/\">Declaraci\u00f3n de accesibilidad<\/a><\/li><li class=\"elementor-sitemap-item elementor-sitemap-item-page page_item page-item-340\"><a href=\"https:\/\/nuwaterapia.com\/es\/avis-legal\/\">Aviso legal<\/a><\/li><li class=\"elementor-sitemap-item elementor-sitemap-item-page page_item page-item-250\"><a href=\"https:\/\/nuwaterapia.com\/es\/medicina-tradicional-xinesa\/\">Medicina tradicional china<\/a><\/li><li class=\"elementor-sitemap-item elementor-sitemap-item-page page_item page-item-236\"><a href=\"https:\/\/nuwaterapia.com\/es\/contacte\/\">Contacto<\/a><\/li><li class=\"elementor-sitemap-item elementor-sitemap-item-page page_item page-item-215\"><a href=\"https:\/\/nuwaterapia.com\/es\/blog\/\">Blog<\/a><\/li><li class=\"elementor-sitemap-item elementor-sitemap-item-page page_item page-item-202\"><a href=\"https:\/\/nuwaterapia.com\/es\/serveis\/\">Servicios<\/a><\/li><li class=\"elementor-sitemap-item elementor-sitemap-item-page page_item page-item-130\"><a href=\"https:\/\/nuwaterapia.com\/es\/\">Inicio<\/a><\/li><\/ul><\/div><\/div>\t\t\t\t<\/div>\n\t\t\t\t<\/div>\n\t\t\t\t<\/div>\n\t\t\t\t\t<\/div>\n\t\t\t\t<\/div>\n\t\t\t\t<\/div>","protected":false},"excerpt":{"rendered":"","protected":false},"author":1,"featured_media":0,"parent":0,"menu_order":0,"comment_status":"closed","ping_status":"closed","template":"page-templates\/template-pagebuilder-full-width.php","meta":{"neve_meta_sidebar":"","neve_meta_container":"","neve_meta_enable_content_width":"off","neve_meta_content_width":100,"neve_meta_title_alignment":"","neve_meta_author_avatar":"","neve_post_elements_order":"","neve_meta_disable_header":"","neve_meta_disable_footer":"","neve_meta_disable_title":"","_joinchat":[],"footnotes":""},"class_list":["post-363","page","type-page","status-publish","hentry"],"yoast_head":"<!-- This site is optimized with the Yoast SEO plugin v25.4 - https:\/\/yoast.com\/wordpress\/plugins\/seo\/ -->\n<title>Mapa del lloc - N\u00fcwa ter\u00e0pia<\/title>\n<meta name=\"robots\" content=\"index, follow, max-snippet:-1, max-image-preview:large, max-video-preview:-1\" \/>\n<link rel=\"canonical\" href=\"https:\/\/nuwaterapia.com\/es\/mapa-del-lloc\/\" \/>\n<meta property=\"og:locale\" content=\"es_ES\" \/>\n<meta property=\"og:type\" content=\"article\" \/>\n<meta property=\"og:title\" content=\"Mapa del lloc - N\u00fcwa ter\u00e0pia\" \/>\n<meta property=\"og:url\" content=\"https:\/\/nuwaterapia.com\/es\/mapa-del-lloc\/\" \/>\n<meta property=\"og:site_name\" content=\"N\u00fcwa ter\u00e0pia\" \/>\n<meta property=\"article:modified_time\" content=\"2023-11-27T08:52:04+00:00\" \/>\n<meta name=\"twitter:card\" content=\"summary_large_image\" \/>\n<script type=\"application\/ld+json\" class=\"yoast-schema-graph\">{\"@context\":\"https:\/\/schema.org\",\"@graph\":[{\"@type\":\"WebPage\",\"@id\":\"https:\/\/nuwaterapia.com\/mapa-del-lloc\/\",\"url\":\"https:\/\/nuwaterapia.com\/mapa-del-lloc\/\",\"name\":\"Mapa del lloc - N\u00fcwa ter\u00e0pia\",\"isPartOf\":{\"@id\":\"https:\/\/nuwaterapia.com\/#website\"},\"datePublished\":\"2023-11-21T20:37:34+00:00\",\"dateModified\":\"2023-11-27T08:52:04+00:00\",\"breadcrumb\":{\"@id\":\"https:\/\/nuwaterapia.com\/mapa-del-lloc\/#breadcrumb\"},\"inLanguage\":\"es\",\"potentialAction\":[{\"@type\":\"ReadAction\",\"target\":[\"https:\/\/nuwaterapia.com\/mapa-del-lloc\/\"]}]},{\"@type\":\"BreadcrumbList\",\"@id\":\"https:\/\/nuwaterapia.com\/mapa-del-lloc\/#breadcrumb\",\"itemListElement\":[{\"@type\":\"ListItem\",\"position\":1,\"name\":\"Portada\",\"item\":\"https:\/\/nuwaterapia.com\/\"},{\"@type\":\"ListItem\",\"position\":2,\"name\":\"Mapa del lloc\"}]},{\"@type\":\"WebSite\",\"@id\":\"https:\/\/nuwaterapia.com\/#website\",\"url\":\"https:\/\/nuwaterapia.com\/\",\"name\":\"N\u00fcwa ter\u00e0pia\",\"description\":\"Equilibri i benestar: descobreix les ter\u00e0pies naturals i tradicionals\",\"potentialAction\":[{\"@type\":\"SearchAction\",\"target\":{\"@type\":\"EntryPoint\",\"urlTemplate\":\"https:\/\/nuwaterapia.com\/?s={search_term_string}\"},\"query-input\":{\"@type\":\"PropertyValueSpecification\",\"valueRequired\":true,\"valueName\":\"search_term_string\"}}],\"inLanguage\":\"es\"}]}<\/script>\n<!-- \/ Yoast SEO plugin. -->","yoast_head_json":{"title":"Mapa del lloc - N\u00fcwa ter\u00e0pia","robots":{"index":"index","follow":"follow","max-snippet":"max-snippet:-1","max-image-preview":"max-image-preview:large","max-video-preview":"max-video-preview:-1"},"canonical":"https:\/\/nuwaterapia.com\/es\/mapa-del-lloc\/","og_locale":"es_ES","og_type":"article","og_title":"Mapa del lloc - N\u00fcwa ter\u00e0pia","og_url":"https:\/\/nuwaterapia.com\/es\/mapa-del-lloc\/","og_site_name":"N\u00fcwa ter\u00e0pia","article_modified_time":"2023-11-27T08:52:04+00:00","twitter_card":"summary_large_image","schema":{"@context":"https:\/\/schema.org","@graph":[{"@type":"WebPage","@id":"https:\/\/nuwaterapia.com\/mapa-del-lloc\/","url":"https:\/\/nuwaterapia.com\/mapa-del-lloc\/","name":"Mapa del lloc - N\u00fcwa ter\u00e0pia","isPartOf":{"@id":"https:\/\/nuwaterapia.com\/#website"},"datePublished":"2023-11-21T20:37:34+00:00","dateModified":"2023-11-27T08:52:04+00:00","breadcrumb":{"@id":"https:\/\/nuwaterapia.com\/mapa-del-lloc\/#breadcrumb"},"inLanguage":"es","potentialAction":[{"@type":"ReadAction","target":["https:\/\/nuwaterapia.com\/mapa-del-lloc\/"]}]},{"@type":"BreadcrumbList","@id":"https:\/\/nuwaterapia.com\/mapa-del-lloc\/#breadcrumb","itemListElement":[{"@type":"ListItem","position":1,"name":"Portada","item":"https:\/\/nuwaterapia.com\/"},{"@type":"ListItem","position":2,"name":"Mapa del lloc"}]},{"@type":"WebSite","@id":"https:\/\/nuwaterapia.com\/#website","url":"https:\/\/nuwaterapia.com\/","name":"N\u00fcwa ter\u00e0pia","description":"Equilibri i benestar: descobreix les ter\u00e0pies naturals i tradicionals","potentialAction":[{"@type":"SearchAction","target":{"@type":"EntryPoint","urlTemplate":"https:\/\/nuwaterapia.com\/?s={search_term_string}"},"query-input":{"@type":"PropertyValueSpecification","valueRequired":true,"valueName":"search_term_string"}}],"inLanguage":"es"}]}},"_links":{"self":[{"href":"https:\/\/nuwaterapia.com\/es\/wp-json\/wp\/v2\/pages\/363","targetHints":{"allow":["GET"]}}],"collection":[{"href":"https:\/\/nuwaterapia.com\/es\/wp-json\/wp\/v2\/pages"}],"about":[{"href":"https:\/\/nuwaterapia.com\/es\/wp-json\/wp\/v2\/types\/page"}],"author":[{"embeddable":true,"href":"https:\/\/nuwaterapia.com\/es\/wp-json\/wp\/v2\/users\/1"}],"replies":[{"embeddable":true,"href":"https:\/\/nuwaterapia.com\/es\/wp-json\/wp\/v2\/comments?post=363"}],"version-history":[{"count":5,"href":"https:\/\/nuwaterapia.com\/es\/wp-json\/wp\/v2\/pages\/363\/revisions"}],"predecessor-version":[{"id":501,"href":"https:\/\/nuwaterapia.com\/es\/wp-json\/wp\/v2\/pages\/363\/revisions\/501"}],"wp:attachment":[{"href":"https:\/\/nuwaterapia.com\/es\/wp-json\/wp\/v2\/media?parent=363"}],"curies":[{"name":"wp","href":"https:\/\/api.w.org\/{rel}","templated":true}]}}