{"id":340,"date":"2023-11-21T19:34:30","date_gmt":"2023-11-21T19:34:30","guid":{"rendered":"https:\/\/nuwaterapia.com\/?page_id=340"},"modified":"2024-05-09T13:20:09","modified_gmt":"2024-05-09T11:20:09","slug":"avis-legal","status":"publish","type":"page","link":"https:\/\/nuwaterapia.com\/es\/avis-legal\/","title":{"rendered":"Aviso legal"},"content":{"rendered":"<div data-elementor-type=\"wp-page\" data-elementor-id=\"340\" class=\"elementor elementor-340\" data-elementor-post-type=\"page\">\n\t\t\t\t<div class=\"elementor-element elementor-element-4ee0b57 e-flex e-con-boxed e-con e-parent\" data-id=\"4ee0b57\" data-element_type=\"container\" data-settings=\"{&quot;background_background&quot;:&quot;classic&quot;}\">\n\t\t\t\t\t<div class=\"e-con-inner\">\n\t\t<div class=\"elementor-element elementor-element-455d16d8 e-con-full e-flex e-con e-child\" data-id=\"455d16d8\" data-element_type=\"container\">\n\t\t\t\t<\/div>\n\t\t\t\t\t<\/div>\n\t\t\t\t<\/div>\n\t\t<div class=\"elementor-element elementor-element-7a5cb086 e-flex e-con-boxed e-con e-parent\" data-id=\"7a5cb086\" data-element_type=\"container\">\n\t\t\t\t\t<div class=\"e-con-inner\">\n\t\t<div class=\"elementor-element elementor-element-415b2358 e-con-full e-flex e-con e-child\" data-id=\"415b2358\" data-element_type=\"container\">\n\t\t\t\t<div class=\"elementor-element elementor-element-cfc6d15 elementor-widget elementor-widget-text-editor\" data-id=\"cfc6d15\" data-element_type=\"widget\" data-widget_type=\"text-editor.default\">\n\t\t\t\t<div class=\"elementor-widget-container\">\n\t\t\t\t\t\t\t\t\t<p>Seg\u00fan lo dispuesto en el art\u00edculo 9 de la Ley 34\/2002 de 11 de Julio de Servicios de la Sociedad de la Informaci\u00f3n y Comercio Electr\u00f3nico, se hace constar que el presente sitio web es propiedad de N\u00daRIA CR inscrita en el Registro Mercantil Barcelona, \u200b\u200btomo 42570 folio 0189, hoja B.410214 INSCRP. 1a..<\/p><p>1. PROTECCI\u00d3N DE DATOS DE CAR\u00c1CTER PERSONAL<\/p><p>En el marco del cumplimiento de la legislaci\u00f3n vigente, recogida en la Ley org\u00e1nica 15\/1999, de 13 de diciembre, sobre protecci\u00f3n de Datos de Car\u00e1cter Personal (LOPD), cuyo objeto es garantizar y proteger, en lo que concierne al tratamiento de los datos personales, las libertades y derechos fundamentales de las personas f\u00edsicas, y especialmente de su honor e intimidad personal, N\u00daRIA CR informa a los usuarios que los datos introducidos en los formularios de contacto, y otros, se almacenar\u00e1n en ficheros propiedad de N\u00daRIA CR <\/p><p>Asimismo N\u00daRIA CR muestra su compromiso de no destinar sus contenidos a una finalidad diferente para la que fueron recogidos, garantizando la m\u00e1xima confidencialidad y en aplicar las medidas t\u00e9cnicas y de seguridad necesarias para evitar el acceso no autorizado al mismo seg\u00fan establece la normativa vigente en materia de protecci\u00f3n de datos.<\/p><p>2. DERECHO DE ACCESO, RECTIFICACI\u00d3N Y CANCELACI\u00d3N<\/p><p>El titular de los datos tiene derecho de acceso, rectificaci\u00f3n, cancelaci\u00f3n y oposici\u00f3n de sus datos. Para ejercitar estos derechos, los titulares de los datos pueden dirigir una petici\u00f3n escrita por correo postal a la direcci\u00f3n Passeig Sant Joan 97, 2-4a, 08009 Barcelona, en el email, o bien pueden contactar a trav\u00e9s del tel\u00e9fono 669328339.<\/p><p>3. DIVULGACI\u00d3N DE LA INFORMACI\u00d3N EN TERCERAS PARTES<\/p><p>N\u00daRIA CR se compromete a no vender o transferir la informaci\u00f3n personal recabada en sus sitios web a otras entidades para su utilizaci\u00f3n sin su aprobaci\u00f3n expresa y ofreci\u00e9ndole la oportunidad de ejercitar su derecho de cancelaci\u00f3n y oposici\u00f3n comentada anteriormente.<\/p><p>4. ENLACES EXTERNOS<\/p><p>Si el usuario opta a abandonar este sitio web a trav\u00e9s de enlaces a p\u00e1ginas web no pertenecientes a nuestra empresa, N\u00daRIA CR no se har\u00e1 responsable de las pol\u00edticas de privacidad de estos sitios web ni de las cookies que \u00e9stos puedan almacenar en el ordenador del Usuario.<\/p><p>5. CUESTIONES LEGALES<\/p><p>\u00c9ste es un sitio web que est\u00e1 sujeto a la Ley espa\u00f1ola N\u00daRIA CR podr\u00e1 disponer de la informaci\u00f3n personal proporcionada por el usuario sin su consentimiento cuando as\u00ed le sea exigido legalmente, o bien actuando de buena fe siempre que esta acci\u00f3n sea necesaria para investigar o proteger a los invitados, visitantes o asociados de N\u00daRIA CR oa bienes de su propiedad (incluyendo este sitio web).<\/p><p>6. CAMBIOS EN LA POL\u00cdTICA DE PRIVACIDAD DE ESTE SITIO WEB<\/p><p>N\u00daRIA CR podr\u00e1 incluir cambios en la Pol\u00edtica de Privacidad de este sitio web. Todos los cambios ser\u00e1n puestos a su disposici\u00f3n en esta Web, para mantener informado al usuario.<\/p>\t\t\t\t\t\t\t\t<\/div>\n\t\t\t\t<\/div>\n\t\t\t\t<\/div>\n\t\t\t\t\t<\/div>\n\t\t\t\t<\/div>\n\t\t\t\t<\/div>","protected":false},"excerpt":{"rendered":"<p>Seg\u00fan lo dispuesto en el art\u00edculo 9 de la Ley 34\/2002 de 11 de Julio de Servicios de la Sociedad de la Informaci\u00f3n y Comercio Electr\u00f3nico, se hace constar que el presente sitio web es propiedad de N\u00daRIA CR inscrita en el Registro Mercantil Barcelona, \u200b\u200btomo 42570 folio 0189, hoja B.410214 INSCRP. 1a.. 1. PROTECCI\u00d3N DE DATOS DE\u2026&nbsp;<a href=\"https:\/\/nuwaterapia.com\/es\/avis-legal\/\" rel=\"bookmark\">Leer m\u00e1s \u00bb<span class=\"screen-reader-text\">Aviso legal<\/span><\/a><\/p>","protected":false},"author":1,"featured_media":0,"parent":0,"menu_order":0,"comment_status":"closed","ping_status":"closed","template":"page-templates\/template-pagebuilder-full-width.php","meta":{"neve_meta_sidebar":"","neve_meta_container":"","neve_meta_enable_content_width":"off","neve_meta_content_width":100,"neve_meta_title_alignment":"","neve_meta_author_avatar":"","neve_post_elements_order":"","neve_meta_disable_header":"","neve_meta_disable_footer":"","neve_meta_disable_title":"","_joinchat":[],"footnotes":""},"class_list":["post-340","page","type-page","status-publish","hentry"],"yoast_head":"<!-- This site is optimized with the Yoast SEO plugin v25.4 - https:\/\/yoast.com\/wordpress\/plugins\/seo\/ -->\n<title>Av\u00eds legal - N\u00fcwa ter\u00e0pia<\/title>\n<meta name=\"robots\" content=\"index, follow, max-snippet:-1, max-image-preview:large, max-video-preview:-1\" \/>\n<link rel=\"canonical\" href=\"https:\/\/nuwaterapia.com\/es\/avis-legal\/\" \/>\n<meta property=\"og:locale\" content=\"es_ES\" \/>\n<meta property=\"og:type\" content=\"article\" \/>\n<meta property=\"og:title\" content=\"Av\u00eds legal - N\u00fcwa ter\u00e0pia\" \/>\n<meta property=\"og:description\" content=\"Segons el que es disposa en l\u2019article 9 de la Llei 34\/2002 d\u201911 de Juliol de Serveis de la Societat de la Informaci\u00f3 i Comer\u00e7 Electr\u00f2nic, es fa constar que el present lloc web \u00e9s propietat de N\u00daRIA\u00a0CR inscrita\u00a0\u00a0en\u00a0\u00a0el Registre Mercantil Barcelona, \u200b\u200btom 42570 foli 0189, fulla B.410214 INSCRP. 1a.. 1. PROTECCI\u00d3 DE DADES DE&hellip;&nbsp;Leer m\u00e1s &raquo;Av\u00eds legal\" \/>\n<meta property=\"og:url\" content=\"https:\/\/nuwaterapia.com\/es\/avis-legal\/\" \/>\n<meta property=\"og:site_name\" content=\"N\u00fcwa ter\u00e0pia\" \/>\n<meta property=\"article:modified_time\" content=\"2024-05-09T11:20:09+00:00\" \/>\n<meta name=\"twitter:card\" content=\"summary_large_image\" \/>\n<meta name=\"twitter:label1\" content=\"Tiempo de lectura\" \/>\n\t<meta name=\"twitter:data1\" content=\"3 minutos\" \/>\n<script type=\"application\/ld+json\" class=\"yoast-schema-graph\">{\"@context\":\"https:\/\/schema.org\",\"@graph\":[{\"@type\":\"WebPage\",\"@id\":\"https:\/\/nuwaterapia.com\/avis-legal\/\",\"url\":\"https:\/\/nuwaterapia.com\/avis-legal\/\",\"name\":\"Av\u00eds legal - N\u00fcwa ter\u00e0pia\",\"isPartOf\":{\"@id\":\"https:\/\/nuwaterapia.com\/#website\"},\"datePublished\":\"2023-11-21T19:34:30+00:00\",\"dateModified\":\"2024-05-09T11:20:09+00:00\",\"breadcrumb\":{\"@id\":\"https:\/\/nuwaterapia.com\/avis-legal\/#breadcrumb\"},\"inLanguage\":\"es\",\"potentialAction\":[{\"@type\":\"ReadAction\",\"target\":[\"https:\/\/nuwaterapia.com\/avis-legal\/\"]}]},{\"@type\":\"BreadcrumbList\",\"@id\":\"https:\/\/nuwaterapia.com\/avis-legal\/#breadcrumb\",\"itemListElement\":[{\"@type\":\"ListItem\",\"position\":1,\"name\":\"Portada\",\"item\":\"https:\/\/nuwaterapia.com\/\"},{\"@type\":\"ListItem\",\"position\":2,\"name\":\"Av\u00eds legal\"}]},{\"@type\":\"WebSite\",\"@id\":\"https:\/\/nuwaterapia.com\/#website\",\"url\":\"https:\/\/nuwaterapia.com\/\",\"name\":\"N\u00fcwa ter\u00e0pia\",\"description\":\"Equilibri i benestar: descobreix les ter\u00e0pies naturals i tradicionals\",\"potentialAction\":[{\"@type\":\"SearchAction\",\"target\":{\"@type\":\"EntryPoint\",\"urlTemplate\":\"https:\/\/nuwaterapia.com\/?s={search_term_string}\"},\"query-input\":{\"@type\":\"PropertyValueSpecification\",\"valueRequired\":true,\"valueName\":\"search_term_string\"}}],\"inLanguage\":\"es\"}]}<\/script>\n<!-- \/ Yoast SEO plugin. -->","yoast_head_json":{"title":"Av\u00eds legal - N\u00fcwa ter\u00e0pia","robots":{"index":"index","follow":"follow","max-snippet":"max-snippet:-1","max-image-preview":"max-image-preview:large","max-video-preview":"max-video-preview:-1"},"canonical":"https:\/\/nuwaterapia.com\/es\/avis-legal\/","og_locale":"es_ES","og_type":"article","og_title":"Av\u00eds legal - N\u00fcwa ter\u00e0pia","og_description":"Segons el que es disposa en l\u2019article 9 de la Llei 34\/2002 d\u201911 de Juliol de Serveis de la Societat de la Informaci\u00f3 i Comer\u00e7 Electr\u00f2nic, es fa constar que el present lloc web \u00e9s propietat de N\u00daRIA\u00a0CR inscrita\u00a0\u00a0en\u00a0\u00a0el Registre Mercantil Barcelona, \u200b\u200btom 42570 foli 0189, fulla B.410214 INSCRP. 1a.. 1. PROTECCI\u00d3 DE DADES DE&hellip;&nbsp;Leer m\u00e1s &raquo;Av\u00eds legal","og_url":"https:\/\/nuwaterapia.com\/es\/avis-legal\/","og_site_name":"N\u00fcwa ter\u00e0pia","article_modified_time":"2024-05-09T11:20:09+00:00","twitter_card":"summary_large_image","twitter_misc":{"Tiempo de lectura":"3 minutos"},"schema":{"@context":"https:\/\/schema.org","@graph":[{"@type":"WebPage","@id":"https:\/\/nuwaterapia.com\/avis-legal\/","url":"https:\/\/nuwaterapia.com\/avis-legal\/","name":"Av\u00eds legal - N\u00fcwa ter\u00e0pia","isPartOf":{"@id":"https:\/\/nuwaterapia.com\/#website"},"datePublished":"2023-11-21T19:34:30+00:00","dateModified":"2024-05-09T11:20:09+00:00","breadcrumb":{"@id":"https:\/\/nuwaterapia.com\/avis-legal\/#breadcrumb"},"inLanguage":"es","potentialAction":[{"@type":"ReadAction","target":["https:\/\/nuwaterapia.com\/avis-legal\/"]}]},{"@type":"BreadcrumbList","@id":"https:\/\/nuwaterapia.com\/avis-legal\/#breadcrumb","itemListElement":[{"@type":"ListItem","position":1,"name":"Portada","item":"https:\/\/nuwaterapia.com\/"},{"@type":"ListItem","position":2,"name":"Av\u00eds legal"}]},{"@type":"WebSite","@id":"https:\/\/nuwaterapia.com\/#website","url":"https:\/\/nuwaterapia.com\/","name":"N\u00fcwa ter\u00e0pia","description":"Equilibri i benestar: descobreix les ter\u00e0pies naturals i tradicionals","potentialAction":[{"@type":"SearchAction","target":{"@type":"EntryPoint","urlTemplate":"https:\/\/nuwaterapia.com\/?s={search_term_string}"},"query-input":{"@type":"PropertyValueSpecification","valueRequired":true,"valueName":"search_term_string"}}],"inLanguage":"es"}]}},"_links":{"self":[{"href":"https:\/\/nuwaterapia.com\/es\/wp-json\/wp\/v2\/pages\/340","targetHints":{"allow":["GET"]}}],"collection":[{"href":"https:\/\/nuwaterapia.com\/es\/wp-json\/wp\/v2\/pages"}],"about":[{"href":"https:\/\/nuwaterapia.com\/es\/wp-json\/wp\/v2\/types\/page"}],"author":[{"embeddable":true,"href":"https:\/\/nuwaterapia.com\/es\/wp-json\/wp\/v2\/users\/1"}],"replies":[{"embeddable":true,"href":"https:\/\/nuwaterapia.com\/es\/wp-json\/wp\/v2\/comments?post=340"}],"version-history":[{"count":8,"href":"https:\/\/nuwaterapia.com\/es\/wp-json\/wp\/v2\/pages\/340\/revisions"}],"predecessor-version":[{"id":897,"href":"https:\/\/nuwaterapia.com\/es\/wp-json\/wp\/v2\/pages\/340\/revisions\/897"}],"wp:attachment":[{"href":"https:\/\/nuwaterapia.com\/es\/wp-json\/wp\/v2\/media?parent=340"}],"curies":[{"name":"wp","href":"https:\/\/api.w.org\/{rel}","templated":true}]}}