{"id":250,"date":"2023-11-16T23:15:17","date_gmt":"2023-11-16T23:15:17","guid":{"rendered":"https:\/\/nuwaterapia.com\/?page_id=250"},"modified":"2024-09-17T09:19:15","modified_gmt":"2024-09-17T07:19:15","slug":"medicina-tradicional-xinesa","status":"publish","type":"page","link":"https:\/\/nuwaterapia.com\/es\/medicina-tradicional-xinesa\/","title":{"rendered":"Medicina tradicional china"},"content":{"rendered":"<div data-elementor-type=\"wp-page\" data-elementor-id=\"250\" class=\"elementor elementor-250\" data-elementor-post-type=\"page\">\n\t\t\t\t<div class=\"elementor-element elementor-element-23150b84 e-flex e-con-boxed e-con e-parent\" data-id=\"23150b84\" data-element_type=\"container\" data-settings=\"{&quot;background_background&quot;:&quot;classic&quot;}\">\n\t\t\t\t\t<div class=\"e-con-inner\">\n\t\t<div class=\"elementor-element elementor-element-354aa7c4 e-con-full e-flex e-con e-child\" data-id=\"354aa7c4\" data-element_type=\"container\">\n\t\t\t\t<div class=\"elementor-element elementor-element-56a3ceef elementor-widget elementor-widget-image\" data-id=\"56a3ceef\" data-element_type=\"widget\" data-widget_type=\"image.default\">\n\t\t\t\t<div class=\"elementor-widget-container\">\n\t\t\t\t\t\t\t\t\t\t\t\t\t\t\t<img fetchpriority=\"high\" decoding=\"async\" width=\"1920\" height=\"1080\" src=\"https:\/\/nuwaterapia.com\/wp-content\/uploads\/2023\/11\/MEDICINA-CHINESA-TRADICIONAL-4.jpg\" class=\"attachment-full size-full wp-image-257\" alt=\"\" srcset=\"https:\/\/nuwaterapia.com\/wp-content\/uploads\/2023\/11\/MEDICINA-CHINESA-TRADICIONAL-4.jpg 1920w, https:\/\/nuwaterapia.com\/wp-content\/uploads\/2023\/11\/MEDICINA-CHINESA-TRADICIONAL-4-300x169.jpg 300w, https:\/\/nuwaterapia.com\/wp-content\/uploads\/2023\/11\/MEDICINA-CHINESA-TRADICIONAL-4-1024x576.jpg 1024w, https:\/\/nuwaterapia.com\/wp-content\/uploads\/2023\/11\/MEDICINA-CHINESA-TRADICIONAL-4-768x432.jpg 768w, https:\/\/nuwaterapia.com\/wp-content\/uploads\/2023\/11\/MEDICINA-CHINESA-TRADICIONAL-4-1536x864.jpg 1536w\" sizes=\"(max-width: 1920px) 100vw, 1920px\" \/>\t\t\t\t\t\t\t\t\t\t\t\t\t\t\t<\/div>\n\t\t\t\t<\/div>\n\t\t\t\t<\/div>\n\t\t<div class=\"elementor-element elementor-element-3ecaf0d8 e-con-full e-flex e-con e-child\" data-id=\"3ecaf0d8\" data-element_type=\"container\">\n\t\t\t\t<\/div>\n\t\t\t\t\t<\/div>\n\t\t\t\t<\/div>\n\t\t<div class=\"elementor-element elementor-element-2b698bd9 e-flex e-con-boxed e-con e-parent\" data-id=\"2b698bd9\" data-element_type=\"container\" data-settings=\"{&quot;background_background&quot;:&quot;classic&quot;}\">\n\t\t\t\t\t<div class=\"e-con-inner\">\n\t\t<div class=\"elementor-element elementor-element-53d4e470 e-con-full e-flex e-con e-child\" data-id=\"53d4e470\" data-element_type=\"container\">\n\t\t\t\t<div class=\"elementor-element elementor-element-79789ed7 elementor-invisible elementor-widget elementor-widget-heading\" data-id=\"79789ed7\" data-element_type=\"widget\" data-settings=\"{&quot;_animation&quot;:&quot;fadeIn&quot;}\" data-widget_type=\"heading.default\">\n\t\t\t\t<div class=\"elementor-widget-container\">\n\t\t\t\t\t<h2 class=\"elementor-heading-title elementor-size-default\">Descubre los secretos milenarios de la medicina tradicional china<\/h2>\t\t\t\t<\/div>\n\t\t\t\t<\/div>\n\t\t\t\t<div class=\"elementor-element elementor-element-545d3136 elementor-invisible elementor-widget elementor-widget-text-editor\" data-id=\"545d3136\" data-element_type=\"widget\" data-settings=\"{&quot;_animation&quot;:&quot;fadeIn&quot;}\" data-widget_type=\"text-editor.default\">\n\t\t\t\t<div class=\"elementor-widget-container\">\n\t\t\t\t\t\t\t\t\t<p>La Medicina Tradicional China (MTC) es un sistema m\u00e9dico ricamente arraigado en siglos de observaci\u00f3n y pr\u00e1ctica. Basada en la filosof\u00eda tao\u00edsta y el concepto del flujo de energ\u00eda vital o Qi, busca restablecer el equilibrio y la armon\u00eda en el cuerpo mediante m\u00e9todos naturales y no invasivos.\u00a0<\/p>\t\t\t\t\t\t\t\t<\/div>\n\t\t\t\t<\/div>\n\t\t\t\t<div class=\"elementor-element elementor-element-199a232c elementor-icon-list--layout-traditional elementor-list-item-link-full_width elementor-widget elementor-widget-icon-list\" data-id=\"199a232c\" data-element_type=\"widget\" data-widget_type=\"icon-list.default\">\n\t\t\t\t<div class=\"elementor-widget-container\">\n\t\t\t\t\t\t\t<ul class=\"elementor-icon-list-items\">\n\t\t\t\t\t\t\t<li class=\"elementor-icon-list-item\">\n\t\t\t\t\t\t\t\t\t\t\t<span class=\"elementor-icon-list-icon\">\n\t\t\t\t\t\t\t<svg aria-hidden=\"true\" class=\"e-font-icon-svg e-fas-check-circle\" viewbox=\"0 0 512 512\" xmlns=\"http:\/\/www.w3.org\/2000\/svg\"><path d=\"M504 256c0 136.967-111.033 248-248 248S8 392.967 8 256 119.033 8 256 8s248 111.033 248 248zM227.314 387.314l184-184c6.248-6.248 6.248-16.379 0-22.627l-22.627-22.627c-6.248-6.249-16.379-6.249-22.628 0L216 308.118l-70.059-70.059c-6.248-6.248-16.379-6.248-22.628 0l-22.627 22.627c-6.248 6.248-6.248 16.379 0 22.627l104 104c6.249 6.249 16.379 6.249 22.628.001z\"><\/path><\/svg>\t\t\t\t\t\t<\/span>\n\t\t\t\t\t\t\t\t\t\t<span class=\"elementor-icon-list-text\">M\u00e9todo completamente natural<\/span>\n\t\t\t\t\t\t\t\t\t<\/li>\n\t\t\t\t\t\t\t\t<li class=\"elementor-icon-list-item\">\n\t\t\t\t\t\t\t\t\t\t\t<span class=\"elementor-icon-list-icon\">\n\t\t\t\t\t\t\t<svg aria-hidden=\"true\" class=\"e-font-icon-svg e-fas-check-circle\" viewbox=\"0 0 512 512\" xmlns=\"http:\/\/www.w3.org\/2000\/svg\"><path d=\"M504 256c0 136.967-111.033 248-248 248S8 392.967 8 256 119.033 8 256 8s248 111.033 248 248zM227.314 387.314l184-184c6.248-6.248 6.248-16.379 0-22.627l-22.627-22.627c-6.248-6.249-16.379-6.249-22.628 0L216 308.118l-70.059-70.059c-6.248-6.248-16.379-6.248-22.628 0l-22.627 22.627c-6.248 6.248-6.248 16.379 0 22.627l104 104c6.249 6.249 16.379 6.249 22.628.001z\"><\/path><\/svg>\t\t\t\t\t\t<\/span>\n\t\t\t\t\t\t\t\t\t\t<span class=\"elementor-icon-list-text\">Terapia no invasiva<\/span>\n\t\t\t\t\t\t\t\t\t<\/li>\n\t\t\t\t\t\t\t\t<li class=\"elementor-icon-list-item\">\n\t\t\t\t\t\t\t\t\t\t\t<span class=\"elementor-icon-list-icon\">\n\t\t\t\t\t\t\t<svg aria-hidden=\"true\" class=\"e-font-icon-svg e-fas-check-circle\" viewbox=\"0 0 512 512\" xmlns=\"http:\/\/www.w3.org\/2000\/svg\"><path d=\"M504 256c0 136.967-111.033 248-248 248S8 392.967 8 256 119.033 8 256 8s248 111.033 248 248zM227.314 387.314l184-184c6.248-6.248 6.248-16.379 0-22.627l-22.627-22.627c-6.248-6.249-16.379-6.249-22.628 0L216 308.118l-70.059-70.059c-6.248-6.248-16.379-6.248-22.628 0l-22.627 22.627c-6.248 6.248-6.248 16.379 0 22.627l104 104c6.249 6.249 16.379 6.249 22.628.001z\"><\/path><\/svg>\t\t\t\t\t\t<\/span>\n\t\t\t\t\t\t\t\t\t\t<span class=\"elementor-icon-list-text\">Mejora del malestar f\u00edsico y mental<\/span>\n\t\t\t\t\t\t\t\t\t<\/li>\n\t\t\t\t\t\t\t\t<li class=\"elementor-icon-list-item\">\n\t\t\t\t\t\t\t\t\t\t\t<span class=\"elementor-icon-list-icon\">\n\t\t\t\t\t\t\t<svg aria-hidden=\"true\" class=\"e-font-icon-svg e-fas-check-circle\" viewbox=\"0 0 512 512\" xmlns=\"http:\/\/www.w3.org\/2000\/svg\"><path d=\"M504 256c0 136.967-111.033 248-248 248S8 392.967 8 256 119.033 8 256 8s248 111.033 248 248zM227.314 387.314l184-184c6.248-6.248 6.248-16.379 0-22.627l-22.627-22.627c-6.248-6.249-16.379-6.249-22.628 0L216 308.118l-70.059-70.059c-6.248-6.248-16.379-6.248-22.628 0l-22.627 22.627c-6.248 6.248-6.248 16.379 0 22.627l104 104c6.249 6.249 16.379 6.249 22.628.001z\"><\/path><\/svg>\t\t\t\t\t\t<\/span>\n\t\t\t\t\t\t\t\t\t\t<span class=\"elementor-icon-list-text\">Prevenci\u00f3n de las enfermedades<\/span>\n\t\t\t\t\t\t\t\t\t<\/li>\n\t\t\t\t\t\t<\/ul>\n\t\t\t\t\t\t<\/div>\n\t\t\t\t<\/div>\n\t\t\t\t<\/div>\n\t\t<div class=\"elementor-element elementor-element-12a311a3 e-con-full e-flex e-con e-child\" data-id=\"12a311a3\" data-element_type=\"container\">\n\t\t\t\t<div class=\"elementor-element elementor-element-119b5ed4 elementor-widget elementor-widget-image\" data-id=\"119b5ed4\" data-element_type=\"widget\" data-widget_type=\"image.default\">\n\t\t\t\t<div class=\"elementor-widget-container\">\n\t\t\t\t\t\t\t\t\t\t\t\t\t\t\t<img decoding=\"async\" width=\"1920\" height=\"1080\" src=\"https:\/\/nuwaterapia.com\/wp-content\/uploads\/2023\/11\/MEDICINA-CHINESA-TRADICIONAL-2.jpg\" class=\"attachment-full size-full wp-image-255\" alt=\"\" srcset=\"https:\/\/nuwaterapia.com\/wp-content\/uploads\/2023\/11\/MEDICINA-CHINESA-TRADICIONAL-2.jpg 1920w, https:\/\/nuwaterapia.com\/wp-content\/uploads\/2023\/11\/MEDICINA-CHINESA-TRADICIONAL-2-300x169.jpg 300w, https:\/\/nuwaterapia.com\/wp-content\/uploads\/2023\/11\/MEDICINA-CHINESA-TRADICIONAL-2-1024x576.jpg 1024w, https:\/\/nuwaterapia.com\/wp-content\/uploads\/2023\/11\/MEDICINA-CHINESA-TRADICIONAL-2-768x432.jpg 768w, https:\/\/nuwaterapia.com\/wp-content\/uploads\/2023\/11\/MEDICINA-CHINESA-TRADICIONAL-2-1536x864.jpg 1536w\" sizes=\"(max-width: 1920px) 100vw, 1920px\" \/>\t\t\t\t\t\t\t\t\t\t\t\t\t\t\t<\/div>\n\t\t\t\t<\/div>\n\t\t\t\t<\/div>\n\t\t\t\t\t<\/div>\n\t\t\t\t<\/div>\n\t\t<div class=\"elementor-element elementor-element-5e02306a e-flex e-con-boxed e-con e-parent\" data-id=\"5e02306a\" data-element_type=\"container\">\n\t\t\t\t\t<div class=\"e-con-inner\">\n\t\t<div class=\"elementor-element elementor-element-15f19a70 e-con-full e-flex e-con e-child\" data-id=\"15f19a70\" data-element_type=\"container\">\n\t\t\t\t<div class=\"elementor-element elementor-element-5b6ea8a elementor-invisible elementor-widget elementor-widget-heading\" data-id=\"5b6ea8a\" data-element_type=\"widget\" data-settings=\"{&quot;_animation&quot;:&quot;fadeIn&quot;}\" data-widget_type=\"heading.default\">\n\t\t\t\t<div class=\"elementor-widget-container\">\n\t\t\t\t\t<h2 class=\"elementor-heading-title elementor-size-default\">\u00bfEn qu\u00e9 consiste?<\/h2>\t\t\t\t<\/div>\n\t\t\t\t<\/div>\n\t\t\t\t<div class=\"elementor-element elementor-element-6c37da5 elementor-invisible elementor-widget elementor-widget-text-editor\" data-id=\"6c37da5\" data-element_type=\"widget\" data-settings=\"{&quot;_animation&quot;:&quot;fadeIn&quot;}\" data-widget_type=\"text-editor.default\">\n\t\t\t\t<div class=\"elementor-widget-container\">\n\t\t\t\t\t\t\t\t\t<p>Este sistema abarca diferentes t\u00e9cnicas, incluyendo la acupuntura, la fitoterapia, la moxibusti\u00f3n, la terapia diet\u00e9tica y los ejercicios como el tai chi y el qi gong. La acupuntura, por ejemplo, implica la inserci\u00f3n de finas agujas en puntos espec\u00edficos del cuerpo para estimular el flujo de energ\u00eda y restaurar el equilibrio.<\/p><p>La medicina tradicional china considera que los desequilibrios energ\u00e9ticos pueden conducir a enfermedades f\u00edsicas y emocionales. Esta pr\u00e1ctica no s\u00f3lo trata los s\u00edntomas, sino que busca identificar y tratar las ra\u00edces de los problemas de salud.<\/p><p>Muchas personas encuentran beneficios en esta medicina, incluyendo el manejo del dolor cr\u00f3nico, el estr\u00e9s, la mejora de la digesti\u00f3n y el soporte a la salud emocional. Su perspectiva hol\u00edstica considera al cuerpo como un sistema interconectado y promueve un bienestar global.<\/p><p>Por ello, no es s\u00f3lo una terapia alternativa, sino una visi\u00f3n de la salud que integra la naturaleza, la energ\u00eda y el ser humano en un todo armonioso.\u00a0<\/p><p>Si est\u00e1s buscando un enfoque m\u00e9dico diferente que valore la prevenci\u00f3n y el equilibrio, puede ser una opci\u00f3n fascinante para ti.<\/p>\t\t\t\t\t\t\t\t<\/div>\n\t\t\t\t<\/div>\n\t\t\t\t<\/div>\n\t\t\t\t\t<\/div>\n\t\t\t\t<\/div>\n\t\t\t\t<\/div>","protected":false},"excerpt":{"rendered":"<p>Descubre los secretos milenarios de la medicina tradicional china La Medicina Tradicional China (MTC) es un sistema m\u00e9dico ricamente arraigado en siglos de observaci\u00f3n y pr\u00e1ctica. Basada en la filosof\u00eda tao\u00edsta y el concepto del flujo de energ\u00eda vital o Qi, busca restablecer el equilibrio y la armon\u00eda en el cuerpo mediante m\u00e9todos naturales y no invasivos. \u2026&nbsp;<a href=\"https:\/\/nuwaterapia.com\/es\/medicina-tradicional-xinesa\/\" rel=\"bookmark\">Leer m\u00e1s \u00bb<span class=\"screen-reader-text\">Medicina tradicional china<\/span><\/a><\/p>","protected":false},"author":1,"featured_media":0,"parent":0,"menu_order":0,"comment_status":"closed","ping_status":"closed","template":"page-templates\/template-pagebuilder-full-width.php","meta":{"neve_meta_sidebar":"","neve_meta_container":"","neve_meta_enable_content_width":"off","neve_meta_content_width":100,"neve_meta_title_alignment":"","neve_meta_author_avatar":"","neve_post_elements_order":"","neve_meta_disable_header":"","neve_meta_disable_footer":"","neve_meta_disable_title":"","_joinchat":[],"footnotes":""},"class_list":["post-250","page","type-page","status-publish","hentry"],"yoast_head":"<!-- This site is optimized with the Yoast SEO plugin v25.4 - https:\/\/yoast.com\/wordpress\/plugins\/seo\/ -->\n<title>Medicina tradicional xinesa - N\u00fcwa terapia<\/title>\n<meta name=\"description\" content=\"Restaura l&#039;equilibri energ\u00e8tic del cos amb la medicina tradicional xinesa, una pr\u00e0ctica hol\u00edstica que promou una salut integral i duradora.\" \/>\n<meta name=\"robots\" content=\"index, follow, max-snippet:-1, max-image-preview:large, max-video-preview:-1\" \/>\n<link rel=\"canonical\" href=\"https:\/\/nuwaterapia.com\/es\/medicina-tradicional-xinesa\/\" \/>\n<meta property=\"og:locale\" content=\"es_ES\" \/>\n<meta property=\"og:type\" content=\"article\" \/>\n<meta property=\"og:title\" content=\"Medicina tradicional xinesa - N\u00fcwa terapia\" \/>\n<meta property=\"og:description\" content=\"Restaura l&#039;equilibri energ\u00e8tic del cos amb la medicina tradicional xinesa, una pr\u00e0ctica hol\u00edstica que promou una salut integral i duradora.\" \/>\n<meta property=\"og:url\" content=\"https:\/\/nuwaterapia.com\/es\/medicina-tradicional-xinesa\/\" \/>\n<meta property=\"og:site_name\" content=\"N\u00fcwa ter\u00e0pia\" \/>\n<meta property=\"article:modified_time\" content=\"2024-09-17T07:19:15+00:00\" \/>\n<meta property=\"og:image\" content=\"https:\/\/nuwaterapia.com\/wp-content\/uploads\/2023\/11\/MEDICINA-CHINESA-TRADICIONAL-4.jpg\" \/>\n<meta name=\"twitter:card\" content=\"summary_large_image\" \/>\n<meta name=\"twitter:label1\" content=\"Tiempo de lectura\" \/>\n\t<meta name=\"twitter:data1\" content=\"2 minutos\" \/>\n<script type=\"application\/ld+json\" class=\"yoast-schema-graph\">{\"@context\":\"https:\/\/schema.org\",\"@graph\":[{\"@type\":\"WebPage\",\"@id\":\"https:\/\/nuwaterapia.com\/medicina-tradicional-xinesa\/\",\"url\":\"https:\/\/nuwaterapia.com\/medicina-tradicional-xinesa\/\",\"name\":\"Medicina tradicional xinesa - N\u00fcwa terapia\",\"isPartOf\":{\"@id\":\"https:\/\/nuwaterapia.com\/#website\"},\"primaryImageOfPage\":{\"@id\":\"https:\/\/nuwaterapia.com\/medicina-tradicional-xinesa\/#primaryimage\"},\"image\":{\"@id\":\"https:\/\/nuwaterapia.com\/medicina-tradicional-xinesa\/#primaryimage\"},\"thumbnailUrl\":\"https:\/\/nuwaterapia.com\/wp-content\/uploads\/2023\/11\/MEDICINA-CHINESA-TRADICIONAL-4.jpg\",\"datePublished\":\"2023-11-16T23:15:17+00:00\",\"dateModified\":\"2024-09-17T07:19:15+00:00\",\"description\":\"Restaura l'equilibri energ\u00e8tic del cos amb la medicina tradicional xinesa, una pr\u00e0ctica hol\u00edstica que promou una salut integral i duradora.\",\"breadcrumb\":{\"@id\":\"https:\/\/nuwaterapia.com\/medicina-tradicional-xinesa\/#breadcrumb\"},\"inLanguage\":\"es\",\"potentialAction\":[{\"@type\":\"ReadAction\",\"target\":[\"https:\/\/nuwaterapia.com\/medicina-tradicional-xinesa\/\"]}]},{\"@type\":\"ImageObject\",\"inLanguage\":\"es\",\"@id\":\"https:\/\/nuwaterapia.com\/medicina-tradicional-xinesa\/#primaryimage\",\"url\":\"https:\/\/nuwaterapia.com\/wp-content\/uploads\/2023\/11\/MEDICINA-CHINESA-TRADICIONAL-4.jpg\",\"contentUrl\":\"https:\/\/nuwaterapia.com\/wp-content\/uploads\/2023\/11\/MEDICINA-CHINESA-TRADICIONAL-4.jpg\"},{\"@type\":\"BreadcrumbList\",\"@id\":\"https:\/\/nuwaterapia.com\/medicina-tradicional-xinesa\/#breadcrumb\",\"itemListElement\":[{\"@type\":\"ListItem\",\"position\":1,\"name\":\"Portada\",\"item\":\"https:\/\/nuwaterapia.com\/\"},{\"@type\":\"ListItem\",\"position\":2,\"name\":\"Medicina tradicional xinesa\"}]},{\"@type\":\"WebSite\",\"@id\":\"https:\/\/nuwaterapia.com\/#website\",\"url\":\"https:\/\/nuwaterapia.com\/\",\"name\":\"N\u00fcwa ter\u00e0pia\",\"description\":\"Equilibri i benestar: descobreix les ter\u00e0pies naturals i tradicionals\",\"potentialAction\":[{\"@type\":\"SearchAction\",\"target\":{\"@type\":\"EntryPoint\",\"urlTemplate\":\"https:\/\/nuwaterapia.com\/?s={search_term_string}\"},\"query-input\":{\"@type\":\"PropertyValueSpecification\",\"valueRequired\":true,\"valueName\":\"search_term_string\"}}],\"inLanguage\":\"es\"}]}<\/script>\n<!-- \/ Yoast SEO plugin. -->","yoast_head_json":{"title":"Medicina tradicional xinesa - N\u00fcwa terapia","description":"Restaura l'equilibri energ\u00e8tic del cos amb la medicina tradicional xinesa, una pr\u00e0ctica hol\u00edstica que promou una salut integral i duradora.","robots":{"index":"index","follow":"follow","max-snippet":"max-snippet:-1","max-image-preview":"max-image-preview:large","max-video-preview":"max-video-preview:-1"},"canonical":"https:\/\/nuwaterapia.com\/es\/medicina-tradicional-xinesa\/","og_locale":"es_ES","og_type":"article","og_title":"Medicina tradicional xinesa - N\u00fcwa terapia","og_description":"Restaura l'equilibri energ\u00e8tic del cos amb la medicina tradicional xinesa, una pr\u00e0ctica hol\u00edstica que promou una salut integral i duradora.","og_url":"https:\/\/nuwaterapia.com\/es\/medicina-tradicional-xinesa\/","og_site_name":"N\u00fcwa ter\u00e0pia","article_modified_time":"2024-09-17T07:19:15+00:00","og_image":[{"url":"https:\/\/nuwaterapia.com\/wp-content\/uploads\/2023\/11\/MEDICINA-CHINESA-TRADICIONAL-4.jpg","type":"","width":"","height":""}],"twitter_card":"summary_large_image","twitter_misc":{"Tiempo de lectura":"2 minutos"},"schema":{"@context":"https:\/\/schema.org","@graph":[{"@type":"WebPage","@id":"https:\/\/nuwaterapia.com\/medicina-tradicional-xinesa\/","url":"https:\/\/nuwaterapia.com\/medicina-tradicional-xinesa\/","name":"Medicina tradicional xinesa - N\u00fcwa terapia","isPartOf":{"@id":"https:\/\/nuwaterapia.com\/#website"},"primaryImageOfPage":{"@id":"https:\/\/nuwaterapia.com\/medicina-tradicional-xinesa\/#primaryimage"},"image":{"@id":"https:\/\/nuwaterapia.com\/medicina-tradicional-xinesa\/#primaryimage"},"thumbnailUrl":"https:\/\/nuwaterapia.com\/wp-content\/uploads\/2023\/11\/MEDICINA-CHINESA-TRADICIONAL-4.jpg","datePublished":"2023-11-16T23:15:17+00:00","dateModified":"2024-09-17T07:19:15+00:00","description":"Restaura l'equilibri energ\u00e8tic del cos amb la medicina tradicional xinesa, una pr\u00e0ctica hol\u00edstica que promou una salut integral i duradora.","breadcrumb":{"@id":"https:\/\/nuwaterapia.com\/medicina-tradicional-xinesa\/#breadcrumb"},"inLanguage":"es","potentialAction":[{"@type":"ReadAction","target":["https:\/\/nuwaterapia.com\/medicina-tradicional-xinesa\/"]}]},{"@type":"ImageObject","inLanguage":"es","@id":"https:\/\/nuwaterapia.com\/medicina-tradicional-xinesa\/#primaryimage","url":"https:\/\/nuwaterapia.com\/wp-content\/uploads\/2023\/11\/MEDICINA-CHINESA-TRADICIONAL-4.jpg","contentUrl":"https:\/\/nuwaterapia.com\/wp-content\/uploads\/2023\/11\/MEDICINA-CHINESA-TRADICIONAL-4.jpg"},{"@type":"BreadcrumbList","@id":"https:\/\/nuwaterapia.com\/medicina-tradicional-xinesa\/#breadcrumb","itemListElement":[{"@type":"ListItem","position":1,"name":"Portada","item":"https:\/\/nuwaterapia.com\/"},{"@type":"ListItem","position":2,"name":"Medicina tradicional xinesa"}]},{"@type":"WebSite","@id":"https:\/\/nuwaterapia.com\/#website","url":"https:\/\/nuwaterapia.com\/","name":"N\u00fcwa ter\u00e0pia","description":"Equilibri i benestar: descobreix les ter\u00e0pies naturals i tradicionals","potentialAction":[{"@type":"SearchAction","target":{"@type":"EntryPoint","urlTemplate":"https:\/\/nuwaterapia.com\/?s={search_term_string}"},"query-input":{"@type":"PropertyValueSpecification","valueRequired":true,"valueName":"search_term_string"}}],"inLanguage":"es"}]}},"_links":{"self":[{"href":"https:\/\/nuwaterapia.com\/es\/wp-json\/wp\/v2\/pages\/250","targetHints":{"allow":["GET"]}}],"collection":[{"href":"https:\/\/nuwaterapia.com\/es\/wp-json\/wp\/v2\/pages"}],"about":[{"href":"https:\/\/nuwaterapia.com\/es\/wp-json\/wp\/v2\/types\/page"}],"author":[{"embeddable":true,"href":"https:\/\/nuwaterapia.com\/es\/wp-json\/wp\/v2\/users\/1"}],"replies":[{"embeddable":true,"href":"https:\/\/nuwaterapia.com\/es\/wp-json\/wp\/v2\/comments?post=250"}],"version-history":[{"count":15,"href":"https:\/\/nuwaterapia.com\/es\/wp-json\/wp\/v2\/pages\/250\/revisions"}],"predecessor-version":[{"id":972,"href":"https:\/\/nuwaterapia.com\/es\/wp-json\/wp\/v2\/pages\/250\/revisions\/972"}],"wp:attachment":[{"href":"https:\/\/nuwaterapia.com\/es\/wp-json\/wp\/v2\/media?parent=250"}],"curies":[{"name":"wp","href":"https:\/\/api.w.org\/{rel}","templated":true}]}}