{"id":416,"date":"2023-11-24T10:52:41","date_gmt":"2023-11-24T10:52:41","guid":{"rendered":"https:\/\/nuwaterapia.com\/?page_id=416"},"modified":"2024-09-17T09:19:37","modified_gmt":"2024-09-17T07:19:37","slug":"terapia-amb-diapasons","status":"publish","type":"page","link":"https:\/\/nuwaterapia.com\/en\/terapia-amb-diapasons\/","title":{"rendered":"Tuning therapy"},"content":{"rendered":"<div data-elementor-type=\"wp-page\" data-elementor-id=\"416\" class=\"elementor elementor-416\" data-elementor-post-type=\"page\">\n\t\t\t\t<div class=\"elementor-element elementor-element-23150b84 e-flex e-con-boxed e-con e-parent\" data-id=\"23150b84\" data-element_type=\"container\" data-settings=\"{&quot;background_background&quot;:&quot;classic&quot;}\">\n\t\t\t\t\t<div class=\"e-con-inner\">\n\t\t<div class=\"elementor-element elementor-element-354aa7c4 e-con-full e-flex e-con e-child\" data-id=\"354aa7c4\" data-element_type=\"container\">\n\t\t\t\t<div class=\"elementor-element elementor-element-56a3ceef elementor-widget elementor-widget-image\" data-id=\"56a3ceef\" data-element_type=\"widget\" data-widget_type=\"image.default\">\n\t\t\t\t<div class=\"elementor-widget-container\">\n\t\t\t\t\t\t\t\t\t\t\t\t\t\t\t<img fetchpriority=\"high\" decoding=\"async\" width=\"1920\" height=\"1080\" src=\"https:\/\/nuwaterapia.com\/wp-content\/uploads\/2023\/11\/Terapia-amb-diapasons-2.jpg\" class=\"attachment-full size-full wp-image-419\" alt=\"\" srcset=\"https:\/\/nuwaterapia.com\/wp-content\/uploads\/2023\/11\/Terapia-amb-diapasons-2.jpg 1920w, https:\/\/nuwaterapia.com\/wp-content\/uploads\/2023\/11\/Terapia-amb-diapasons-2-300x169.jpg 300w, https:\/\/nuwaterapia.com\/wp-content\/uploads\/2023\/11\/Terapia-amb-diapasons-2-1024x576.jpg 1024w, https:\/\/nuwaterapia.com\/wp-content\/uploads\/2023\/11\/Terapia-amb-diapasons-2-768x432.jpg 768w, https:\/\/nuwaterapia.com\/wp-content\/uploads\/2023\/11\/Terapia-amb-diapasons-2-1536x864.jpg 1536w\" sizes=\"(max-width: 1920px) 100vw, 1920px\" \/>\t\t\t\t\t\t\t\t\t\t\t\t\t\t\t<\/div>\n\t\t\t\t<\/div>\n\t\t\t\t<\/div>\n\t\t<div class=\"elementor-element elementor-element-3ecaf0d8 e-con-full e-flex e-con e-child\" data-id=\"3ecaf0d8\" data-element_type=\"container\">\n\t\t\t\t<\/div>\n\t\t\t\t\t<\/div>\n\t\t\t\t<\/div>\n\t\t<div class=\"elementor-element elementor-element-2b698bd9 e-flex e-con-boxed e-con e-parent\" data-id=\"2b698bd9\" data-element_type=\"container\" data-settings=\"{&quot;background_background&quot;:&quot;classic&quot;}\">\n\t\t\t\t\t<div class=\"e-con-inner\">\n\t\t<div class=\"elementor-element elementor-element-53d4e470 e-con-full e-flex e-con e-child\" data-id=\"53d4e470\" data-element_type=\"container\">\n\t\t\t\t<div class=\"elementor-element elementor-element-79789ed7 elementor-invisible elementor-widget elementor-widget-heading\" data-id=\"79789ed7\" data-element_type=\"widget\" data-settings=\"{&quot;_animation&quot;:&quot;fadeIn&quot;}\" data-widget_type=\"heading.default\">\n\t\t\t\t<div class=\"elementor-widget-container\">\n\t\t\t\t\t<h2 class=\"elementor-heading-title elementor-size-default\">Vibrational Harmonization: Delve into tuning fork therapy for healing<\/h2>\t\t\t\t<\/div>\n\t\t\t\t<\/div>\n\t\t\t\t<div class=\"elementor-element elementor-element-545d3136 elementor-invisible elementor-widget elementor-widget-text-editor\" data-id=\"545d3136\" data-element_type=\"widget\" data-settings=\"{&quot;_animation&quot;:&quot;fadeIn&quot;}\" data-widget_type=\"text-editor.default\">\n\t\t\t\t<div class=\"elementor-widget-container\">\n\t\t\t\t\t\t\t\t\t<p>Tuning therapy is an alternative therapeutic practice that uses the sounds and vibrations of tuning forks to promote health and well-being on different levels of the body and mind. This ancient form of care has been maintained over time and adapted to modern knowledge to offer a unique therapeutic experience.<\/p><p>Fingerboards are instruments tuned to specific frequencies that generate sound waves and vibrations when struck or rubbed. When these vibrations come into contact with the body, they can resonate with cells and tissues, promoting deep relaxation, stress reduction and energy balance.<\/p>\t\t\t\t\t\t\t\t<\/div>\n\t\t\t\t<\/div>\n\t\t\t\t<\/div>\n\t\t<div class=\"elementor-element elementor-element-12a311a3 e-con-full e-flex e-con e-child\" data-id=\"12a311a3\" data-element_type=\"container\">\n\t\t\t\t<div class=\"elementor-element elementor-element-119b5ed4 elementor-widget elementor-widget-image\" data-id=\"119b5ed4\" data-element_type=\"widget\" data-widget_type=\"image.default\">\n\t\t\t\t<div class=\"elementor-widget-container\">\n\t\t\t\t\t\t\t\t\t\t\t\t\t\t\t<img decoding=\"async\" width=\"1024\" height=\"576\" src=\"https:\/\/nuwaterapia.com\/wp-content\/uploads\/2023\/11\/Terapia-amb-diapasons-1024x576-1.jpg\" class=\"attachment-full size-full wp-image-420\" alt=\"\" srcset=\"https:\/\/nuwaterapia.com\/wp-content\/uploads\/2023\/11\/Terapia-amb-diapasons-1024x576-1.jpg 1024w, https:\/\/nuwaterapia.com\/wp-content\/uploads\/2023\/11\/Terapia-amb-diapasons-1024x576-1-300x169.jpg 300w, https:\/\/nuwaterapia.com\/wp-content\/uploads\/2023\/11\/Terapia-amb-diapasons-1024x576-1-768x432.jpg 768w\" sizes=\"(max-width: 1024px) 100vw, 1024px\" \/>\t\t\t\t\t\t\t\t\t\t\t\t\t\t\t<\/div>\n\t\t\t\t<\/div>\n\t\t\t\t<\/div>\n\t\t\t\t\t<\/div>\n\t\t\t\t<\/div>\n\t\t<div class=\"elementor-element elementor-element-5e02306a e-flex e-con-boxed e-con e-parent\" data-id=\"5e02306a\" data-element_type=\"container\">\n\t\t\t\t\t<div class=\"e-con-inner\">\n\t\t<div class=\"elementor-element elementor-element-15f19a70 e-con-full e-flex e-con e-child\" data-id=\"15f19a70\" data-element_type=\"container\">\n\t\t\t\t<div class=\"elementor-element elementor-element-5b6ea8a elementor-invisible elementor-widget elementor-widget-heading\" data-id=\"5b6ea8a\" data-element_type=\"widget\" data-settings=\"{&quot;_animation&quot;:&quot;fadeIn&quot;}\" data-widget_type=\"heading.default\">\n\t\t\t\t<div class=\"elementor-widget-container\">\n\t\t\t\t\t<h2 class=\"elementor-heading-title elementor-size-default\">That is?<\/h2>\t\t\t\t<\/div>\n\t\t\t\t<\/div>\n\t\t\t\t<div class=\"elementor-element elementor-element-6c37da5 elementor-invisible elementor-widget elementor-widget-text-editor\" data-id=\"6c37da5\" data-element_type=\"widget\" data-settings=\"{&quot;_animation&quot;:&quot;fadeIn&quot;}\" data-widget_type=\"text-editor.default\">\n\t\t\t\t<div class=\"elementor-widget-container\">\n\t\t\t\t\t\t\t\t\t<p>Tuning therapy can work in different areas, such as emotional healing, reducing muscle tension and improving energy balance. This practice can be used as a complement to other therapies or as an independent technique to relieve physical and emotional symptoms.<\/p><p>During a therapy session with this technique, tuning forks are applied to specific points on the body, energy zones and other areas related to organs and systems. The vibrations generated can help unblock stagnant energy, thereby stimulating the flow of vitality and healing.<\/p><p>This practice provides a relaxing and calming experience, and many people find that it improves their mental clarity and mood. If you are looking for a non-invasive and natural way to improve your well-being and balance, tuning fork therapy may be an option to consider. Through the harmonious vibrations of the tuning forks, you will be able to explore a world of sound healing that can help you connect with your own inner harmony.<\/p>\t\t\t\t\t\t\t\t<\/div>\n\t\t\t\t<\/div>\n\t\t\t\t<\/div>\n\t\t\t\t\t<\/div>\n\t\t\t\t<\/div>\n\t\t\t\t<\/div>","protected":false},"excerpt":{"rendered":"<p>Vibrational Harmonization: Delve into Tuning Therapy for Healing Tuning therapy is an alternative therapeutic practice that uses the sounds and vibrations of tuning forks to promote health and well-being on different levels of the body and mind. This ancient form of care has been maintained over time\u2026&nbsp;<a href=\"https:\/\/nuwaterapia.com\/en\/terapia-amb-diapasons\/\" rel=\"bookmark\">Read More \u00bb<span class=\"screen-reader-text\">Tuning therapy<\/span><\/a><\/p>","protected":false},"author":1,"featured_media":0,"parent":0,"menu_order":0,"comment_status":"closed","ping_status":"closed","template":"page-templates\/template-pagebuilder-full-width.php","meta":{"neve_meta_sidebar":"","neve_meta_container":"","neve_meta_enable_content_width":"off","neve_meta_content_width":100,"neve_meta_title_alignment":"","neve_meta_author_avatar":"","neve_post_elements_order":"","neve_meta_disable_header":"","neve_meta_disable_footer":"","neve_meta_disable_title":"","_joinchat":[],"footnotes":""},"class_list":["post-416","page","type-page","status-publish","hentry"],"yoast_head":"<!-- This site is optimized with the Yoast SEO plugin v25.4 - https:\/\/yoast.com\/wordpress\/plugins\/seo\/ -->\n<title>Terapia amb diapasons - N\u00fcwa ter\u00e0pia<\/title>\n<meta name=\"description\" content=\"Equilibra les vibracions energ\u00e8tiques del teu cos amb la ter\u00e0pia amb diapasons, una t\u00e8cnica sonora que promou la relaxaci\u00f3 i el benestar general.\" \/>\n<meta name=\"robots\" content=\"index, follow, max-snippet:-1, max-image-preview:large, max-video-preview:-1\" \/>\n<link rel=\"canonical\" href=\"https:\/\/nuwaterapia.com\/en\/terapia-amb-diapasons\/\" \/>\n<meta property=\"og:locale\" content=\"en_US\" \/>\n<meta property=\"og:type\" content=\"article\" \/>\n<meta property=\"og:title\" content=\"Terapia amb diapasons - N\u00fcwa ter\u00e0pia\" \/>\n<meta property=\"og:description\" content=\"Equilibra les vibracions energ\u00e8tiques del teu cos amb la ter\u00e0pia amb diapasons, una t\u00e8cnica sonora que promou la relaxaci\u00f3 i el benestar general.\" \/>\n<meta property=\"og:url\" content=\"https:\/\/nuwaterapia.com\/en\/terapia-amb-diapasons\/\" \/>\n<meta property=\"og:site_name\" content=\"N\u00fcwa ter\u00e0pia\" \/>\n<meta property=\"article:modified_time\" content=\"2024-09-17T07:19:37+00:00\" \/>\n<meta property=\"og:image\" content=\"https:\/\/nuwaterapia.com\/wp-content\/uploads\/2023\/11\/Terapia-amb-diapasons-2.jpg\" \/>\n<meta name=\"twitter:card\" content=\"summary_large_image\" \/>\n<meta name=\"twitter:label1\" content=\"Est. reading time\" \/>\n\t<meta name=\"twitter:data1\" content=\"2 minutes\" \/>\n<script type=\"application\/ld+json\" class=\"yoast-schema-graph\">{\"@context\":\"https:\/\/schema.org\",\"@graph\":[{\"@type\":\"WebPage\",\"@id\":\"https:\/\/nuwaterapia.com\/terapia-amb-diapasons\/\",\"url\":\"https:\/\/nuwaterapia.com\/terapia-amb-diapasons\/\",\"name\":\"Terapia amb diapasons - N\u00fcwa ter\u00e0pia\",\"isPartOf\":{\"@id\":\"https:\/\/nuwaterapia.com\/#website\"},\"primaryImageOfPage\":{\"@id\":\"https:\/\/nuwaterapia.com\/terapia-amb-diapasons\/#primaryimage\"},\"image\":{\"@id\":\"https:\/\/nuwaterapia.com\/terapia-amb-diapasons\/#primaryimage\"},\"thumbnailUrl\":\"https:\/\/nuwaterapia.com\/wp-content\/uploads\/2023\/11\/Terapia-amb-diapasons-2.jpg\",\"datePublished\":\"2023-11-24T10:52:41+00:00\",\"dateModified\":\"2024-09-17T07:19:37+00:00\",\"description\":\"Equilibra les vibracions energ\u00e8tiques del teu cos amb la ter\u00e0pia amb diapasons, una t\u00e8cnica sonora que promou la relaxaci\u00f3 i el benestar general.\",\"breadcrumb\":{\"@id\":\"https:\/\/nuwaterapia.com\/terapia-amb-diapasons\/#breadcrumb\"},\"inLanguage\":\"en-US\",\"potentialAction\":[{\"@type\":\"ReadAction\",\"target\":[\"https:\/\/nuwaterapia.com\/terapia-amb-diapasons\/\"]}]},{\"@type\":\"ImageObject\",\"inLanguage\":\"en-US\",\"@id\":\"https:\/\/nuwaterapia.com\/terapia-amb-diapasons\/#primaryimage\",\"url\":\"https:\/\/nuwaterapia.com\/wp-content\/uploads\/2023\/11\/Terapia-amb-diapasons-2.jpg\",\"contentUrl\":\"https:\/\/nuwaterapia.com\/wp-content\/uploads\/2023\/11\/Terapia-amb-diapasons-2.jpg\"},{\"@type\":\"BreadcrumbList\",\"@id\":\"https:\/\/nuwaterapia.com\/terapia-amb-diapasons\/#breadcrumb\",\"itemListElement\":[{\"@type\":\"ListItem\",\"position\":1,\"name\":\"Portada\",\"item\":\"https:\/\/nuwaterapia.com\/\"},{\"@type\":\"ListItem\",\"position\":2,\"name\":\"Terapia amb diapasons\"}]},{\"@type\":\"WebSite\",\"@id\":\"https:\/\/nuwaterapia.com\/#website\",\"url\":\"https:\/\/nuwaterapia.com\/\",\"name\":\"N\u00fcwa ter\u00e0pia\",\"description\":\"Equilibri i benestar: descobreix les ter\u00e0pies naturals i tradicionals\",\"potentialAction\":[{\"@type\":\"SearchAction\",\"target\":{\"@type\":\"EntryPoint\",\"urlTemplate\":\"https:\/\/nuwaterapia.com\/?s={search_term_string}\"},\"query-input\":{\"@type\":\"PropertyValueSpecification\",\"valueRequired\":true,\"valueName\":\"search_term_string\"}}],\"inLanguage\":\"en-US\"}]}<\/script>\n<!-- \/ Yoast SEO plugin. -->","yoast_head_json":{"title":"Terapia amb diapasons - N\u00fcwa ter\u00e0pia","description":"Equilibra les vibracions energ\u00e8tiques del teu cos amb la ter\u00e0pia amb diapasons, una t\u00e8cnica sonora que promou la relaxaci\u00f3 i el benestar general.","robots":{"index":"index","follow":"follow","max-snippet":"max-snippet:-1","max-image-preview":"max-image-preview:large","max-video-preview":"max-video-preview:-1"},"canonical":"https:\/\/nuwaterapia.com\/en\/terapia-amb-diapasons\/","og_locale":"en_US","og_type":"article","og_title":"Terapia amb diapasons - N\u00fcwa ter\u00e0pia","og_description":"Equilibra les vibracions energ\u00e8tiques del teu cos amb la ter\u00e0pia amb diapasons, una t\u00e8cnica sonora que promou la relaxaci\u00f3 i el benestar general.","og_url":"https:\/\/nuwaterapia.com\/en\/terapia-amb-diapasons\/","og_site_name":"N\u00fcwa ter\u00e0pia","article_modified_time":"2024-09-17T07:19:37+00:00","og_image":[{"url":"https:\/\/nuwaterapia.com\/wp-content\/uploads\/2023\/11\/Terapia-amb-diapasons-2.jpg","type":"","width":"","height":""}],"twitter_card":"summary_large_image","twitter_misc":{"Est. reading time":"2 minutes"},"schema":{"@context":"https:\/\/schema.org","@graph":[{"@type":"WebPage","@id":"https:\/\/nuwaterapia.com\/terapia-amb-diapasons\/","url":"https:\/\/nuwaterapia.com\/terapia-amb-diapasons\/","name":"Terapia amb diapasons - N\u00fcwa ter\u00e0pia","isPartOf":{"@id":"https:\/\/nuwaterapia.com\/#website"},"primaryImageOfPage":{"@id":"https:\/\/nuwaterapia.com\/terapia-amb-diapasons\/#primaryimage"},"image":{"@id":"https:\/\/nuwaterapia.com\/terapia-amb-diapasons\/#primaryimage"},"thumbnailUrl":"https:\/\/nuwaterapia.com\/wp-content\/uploads\/2023\/11\/Terapia-amb-diapasons-2.jpg","datePublished":"2023-11-24T10:52:41+00:00","dateModified":"2024-09-17T07:19:37+00:00","description":"Equilibra les vibracions energ\u00e8tiques del teu cos amb la ter\u00e0pia amb diapasons, una t\u00e8cnica sonora que promou la relaxaci\u00f3 i el benestar general.","breadcrumb":{"@id":"https:\/\/nuwaterapia.com\/terapia-amb-diapasons\/#breadcrumb"},"inLanguage":"en-US","potentialAction":[{"@type":"ReadAction","target":["https:\/\/nuwaterapia.com\/terapia-amb-diapasons\/"]}]},{"@type":"ImageObject","inLanguage":"en-US","@id":"https:\/\/nuwaterapia.com\/terapia-amb-diapasons\/#primaryimage","url":"https:\/\/nuwaterapia.com\/wp-content\/uploads\/2023\/11\/Terapia-amb-diapasons-2.jpg","contentUrl":"https:\/\/nuwaterapia.com\/wp-content\/uploads\/2023\/11\/Terapia-amb-diapasons-2.jpg"},{"@type":"BreadcrumbList","@id":"https:\/\/nuwaterapia.com\/terapia-amb-diapasons\/#breadcrumb","itemListElement":[{"@type":"ListItem","position":1,"name":"Portada","item":"https:\/\/nuwaterapia.com\/"},{"@type":"ListItem","position":2,"name":"Terapia amb diapasons"}]},{"@type":"WebSite","@id":"https:\/\/nuwaterapia.com\/#website","url":"https:\/\/nuwaterapia.com\/","name":"N\u00fcwa ter\u00e0pia","description":"Equilibri i benestar: descobreix les ter\u00e0pies naturals i tradicionals","potentialAction":[{"@type":"SearchAction","target":{"@type":"EntryPoint","urlTemplate":"https:\/\/nuwaterapia.com\/?s={search_term_string}"},"query-input":{"@type":"PropertyValueSpecification","valueRequired":true,"valueName":"search_term_string"}}],"inLanguage":"en-US"}]}},"_links":{"self":[{"href":"https:\/\/nuwaterapia.com\/en\/wp-json\/wp\/v2\/pages\/416","targetHints":{"allow":["GET"]}}],"collection":[{"href":"https:\/\/nuwaterapia.com\/en\/wp-json\/wp\/v2\/pages"}],"about":[{"href":"https:\/\/nuwaterapia.com\/en\/wp-json\/wp\/v2\/types\/page"}],"author":[{"embeddable":true,"href":"https:\/\/nuwaterapia.com\/en\/wp-json\/wp\/v2\/users\/1"}],"replies":[{"embeddable":true,"href":"https:\/\/nuwaterapia.com\/en\/wp-json\/wp\/v2\/comments?post=416"}],"version-history":[{"count":12,"href":"https:\/\/nuwaterapia.com\/en\/wp-json\/wp\/v2\/pages\/416\/revisions"}],"predecessor-version":[{"id":975,"href":"https:\/\/nuwaterapia.com\/en\/wp-json\/wp\/v2\/pages\/416\/revisions\/975"}],"wp:attachment":[{"href":"https:\/\/nuwaterapia.com\/en\/wp-json\/wp\/v2\/media?parent=416"}],"curies":[{"name":"wp","href":"https:\/\/api.w.org\/{rel}","templated":true}]}}