{"id":389,"date":"2023-11-24T10:31:38","date_gmt":"2023-11-24T10:31:38","guid":{"rendered":"https:\/\/nuwaterapia.com\/?page_id=389"},"modified":"2024-09-17T09:19:06","modified_gmt":"2024-09-17T07:19:06","slug":"magnetoterapia","status":"publish","type":"page","link":"https:\/\/nuwaterapia.com\/en\/magnetoterapia\/","title":{"rendered":"Magnetotherapy"},"content":{"rendered":"<div data-elementor-type=\"wp-page\" data-elementor-id=\"389\" class=\"elementor elementor-389\" data-elementor-post-type=\"page\">\n\t\t\t\t<div class=\"elementor-element elementor-element-23150b84 e-flex e-con-boxed e-con e-parent\" data-id=\"23150b84\" data-element_type=\"container\" data-settings=\"{&quot;background_background&quot;:&quot;classic&quot;}\">\n\t\t\t\t\t<div class=\"e-con-inner\">\n\t\t<div class=\"elementor-element elementor-element-354aa7c4 e-con-full e-flex e-con e-child\" data-id=\"354aa7c4\" data-element_type=\"container\">\n\t\t\t\t<div class=\"elementor-element elementor-element-56a3ceef elementor-widget elementor-widget-image\" data-id=\"56a3ceef\" data-element_type=\"widget\" data-widget_type=\"image.default\">\n\t\t\t\t<div class=\"elementor-widget-container\">\n\t\t\t\t\t\t\t\t\t\t\t\t\t\t\t<img fetchpriority=\"high\" decoding=\"async\" width=\"1920\" height=\"1080\" src=\"https:\/\/nuwaterapia.com\/wp-content\/uploads\/2023\/11\/MAGNETOTERAPIA.jpg\" class=\"attachment-full size-full wp-image-162\" alt=\"\" srcset=\"https:\/\/nuwaterapia.com\/wp-content\/uploads\/2023\/11\/MAGNETOTERAPIA.jpg 1920w, https:\/\/nuwaterapia.com\/wp-content\/uploads\/2023\/11\/MAGNETOTERAPIA-300x169.jpg 300w, https:\/\/nuwaterapia.com\/wp-content\/uploads\/2023\/11\/MAGNETOTERAPIA-1024x576.jpg 1024w, https:\/\/nuwaterapia.com\/wp-content\/uploads\/2023\/11\/MAGNETOTERAPIA-768x432.jpg 768w, https:\/\/nuwaterapia.com\/wp-content\/uploads\/2023\/11\/MAGNETOTERAPIA-1536x864.jpg 1536w\" sizes=\"(max-width: 1920px) 100vw, 1920px\" \/>\t\t\t\t\t\t\t\t\t\t\t\t\t\t\t<\/div>\n\t\t\t\t<\/div>\n\t\t\t\t<\/div>\n\t\t<div class=\"elementor-element elementor-element-3ecaf0d8 e-con-full e-flex e-con e-child\" data-id=\"3ecaf0d8\" data-element_type=\"container\">\n\t\t\t\t<\/div>\n\t\t\t\t\t<\/div>\n\t\t\t\t<\/div>\n\t\t<div class=\"elementor-element elementor-element-2b698bd9 e-flex e-con-boxed e-con e-parent\" data-id=\"2b698bd9\" data-element_type=\"container\" data-settings=\"{&quot;background_background&quot;:&quot;classic&quot;}\">\n\t\t\t\t\t<div class=\"e-con-inner\">\n\t\t<div class=\"elementor-element elementor-element-53d4e470 e-con-full e-flex e-con e-child\" data-id=\"53d4e470\" data-element_type=\"container\">\n\t\t\t\t<div class=\"elementor-element elementor-element-79789ed7 elementor-invisible elementor-widget elementor-widget-heading\" data-id=\"79789ed7\" data-element_type=\"widget\" data-settings=\"{&quot;_animation&quot;:&quot;fadeIn&quot;}\" data-widget_type=\"heading.default\">\n\t\t\t\t<div class=\"elementor-widget-container\">\n\t\t\t\t\t<h2 class=\"elementor-heading-title elementor-size-default\">Discover the benefits of mangetotherapy: balance and well-being through touch<\/h2>\t\t\t\t<\/div>\n\t\t\t\t<\/div>\n\t\t\t\t<div class=\"elementor-element elementor-element-545d3136 elementor-invisible elementor-widget elementor-widget-text-editor\" data-id=\"545d3136\" data-element_type=\"widget\" data-settings=\"{&quot;_animation&quot;:&quot;fadeIn&quot;}\" data-widget_type=\"text-editor.default\">\n\t\t\t\t<div class=\"elementor-widget-container\">\n\t\t\t\t\t\t\t\t\t<p>Mangetotherapy, also known as massage with energy techniques, is an alternative therapy that arises from the belief that the body and mind are interconnected through life energy. This age-old practice is based on the stimulation of specific energy points in the body, known as &#039;meridians&#039;, to improve energy flow and promote general well-being.<\/p><p>Through gentle movements and pressure on strategic points, mangetotherapy aims to restore energy balance, release blockages and relieve accumulated tensions. This therapy can help improve circulation, reduce stress and anxiety, relieve muscle pain and promote deep relaxation.<\/p>\t\t\t\t\t\t\t\t<\/div>\n\t\t\t\t<\/div>\n\t\t\t\t<\/div>\n\t\t<div class=\"elementor-element elementor-element-12a311a3 e-con-full e-flex e-con e-child\" data-id=\"12a311a3\" data-element_type=\"container\">\n\t\t\t\t<div class=\"elementor-element elementor-element-119b5ed4 elementor-widget elementor-widget-image\" data-id=\"119b5ed4\" data-element_type=\"widget\" data-widget_type=\"image.default\">\n\t\t\t\t<div class=\"elementor-widget-container\">\n\t\t\t\t\t\t\t\t\t\t\t\t\t\t\t<img decoding=\"async\" width=\"1920\" height=\"1080\" src=\"https:\/\/nuwaterapia.com\/wp-content\/uploads\/2023\/11\/Magnetoterapia-1.jpg\" class=\"attachment-full size-full wp-image-189\" alt=\"\" srcset=\"https:\/\/nuwaterapia.com\/wp-content\/uploads\/2023\/11\/Magnetoterapia-1.jpg 1920w, https:\/\/nuwaterapia.com\/wp-content\/uploads\/2023\/11\/Magnetoterapia-1-300x169.jpg 300w, https:\/\/nuwaterapia.com\/wp-content\/uploads\/2023\/11\/Magnetoterapia-1-1024x576.jpg 1024w, https:\/\/nuwaterapia.com\/wp-content\/uploads\/2023\/11\/Magnetoterapia-1-768x432.jpg 768w, https:\/\/nuwaterapia.com\/wp-content\/uploads\/2023\/11\/Magnetoterapia-1-1536x864.jpg 1536w\" sizes=\"(max-width: 1920px) 100vw, 1920px\" \/>\t\t\t\t\t\t\t\t\t\t\t\t\t\t\t<\/div>\n\t\t\t\t<\/div>\n\t\t\t\t<\/div>\n\t\t\t\t\t<\/div>\n\t\t\t\t<\/div>\n\t\t<div class=\"elementor-element elementor-element-5e02306a e-flex e-con-boxed e-con e-parent\" data-id=\"5e02306a\" data-element_type=\"container\">\n\t\t\t\t\t<div class=\"e-con-inner\">\n\t\t<div class=\"elementor-element elementor-element-15f19a70 e-con-full e-flex e-con e-child\" data-id=\"15f19a70\" data-element_type=\"container\">\n\t\t\t\t<div class=\"elementor-element elementor-element-5b6ea8a elementor-invisible elementor-widget elementor-widget-heading\" data-id=\"5b6ea8a\" data-element_type=\"widget\" data-settings=\"{&quot;_animation&quot;:&quot;fadeIn&quot;}\" data-widget_type=\"heading.default\">\n\t\t\t\t<div class=\"elementor-widget-container\">\n\t\t\t\t\t<h2 class=\"elementor-heading-title elementor-size-default\">That is?<\/h2>\t\t\t\t<\/div>\n\t\t\t\t<\/div>\n\t\t\t\t<div class=\"elementor-element elementor-element-6c37da5 elementor-invisible elementor-widget elementor-widget-text-editor\" data-id=\"6c37da5\" data-element_type=\"widget\" data-settings=\"{&quot;_animation&quot;:&quot;fadeIn&quot;}\" data-widget_type=\"text-editor.default\">\n\t\t\t\t<div class=\"elementor-widget-container\">\n\t\t\t\t\t\t\t\t\t<p>A prominent aspect of this technique is its holistic view of health. It is understood that energy blockages can manifest as physical, emotional or mental discomfort. Because of this, this type of massage targets several levels, helping to balance the whole individual. Therapeutic touch and concentration on energy points can generate a state of deep well-being and a more intimate contact with one&#039;s own body.<\/p><p>Mangetotherapy is offered as an adjunct to other therapies and medical treatments, and may be an option for those seeking a more holistic approach to their health. In addition to providing relaxation and relief, this therapy can help restore internal balance and enhance the body&#039;s own ability to heal itself. If you are interested in exploring new ways to improve your well-being, mangetotherapy can be a fascinating opportunity to connect with your own life energy and experience the benefits of inner balance.\u00a0<\/p>\t\t\t\t\t\t\t\t<\/div>\n\t\t\t\t<\/div>\n\t\t\t\t<\/div>\n\t\t\t\t\t<\/div>\n\t\t\t\t<\/div>\n\t\t\t\t<\/div>","protected":false},"excerpt":{"rendered":"<p>Discover the benefits of mangetotherapy: balance and well-being through touch Mangetotherapy, also known as massage with energy techniques, is an alternative therapy that arises from the belief that the body and mind are interconnected through vital energy This millennial practice is based on the stimulation of energy points...&nbsp;<a href=\"https:\/\/nuwaterapia.com\/en\/magnetoterapia\/\" rel=\"bookmark\">Read More \u00bb<span class=\"screen-reader-text\">Magnetotherapy<\/span><\/a><\/p>","protected":false},"author":1,"featured_media":0,"parent":0,"menu_order":0,"comment_status":"closed","ping_status":"closed","template":"page-templates\/template-pagebuilder-full-width.php","meta":{"neve_meta_sidebar":"","neve_meta_container":"","neve_meta_enable_content_width":"off","neve_meta_content_width":100,"neve_meta_title_alignment":"","neve_meta_author_avatar":"","neve_post_elements_order":"","neve_meta_disable_header":"","neve_meta_disable_footer":"","neve_meta_disable_title":"","_joinchat":[],"footnotes":""},"class_list":["post-389","page","type-page","status-publish","hentry"],"yoast_head":"<!-- This site is optimized with the Yoast SEO plugin v25.4 - https:\/\/yoast.com\/wordpress\/plugins\/seo\/ -->\n<title>Magnetoterapia - N\u00fcwa ter\u00e0pia<\/title>\n<meta name=\"description\" content=\"La magnetoter\u00e0pia utilitza camps magn\u00e8tics per tractar dolors musculars i articulars, afavorint la recuperaci\u00f3 i el benestar f\u00edsic general.\" \/>\n<meta name=\"robots\" content=\"index, follow, max-snippet:-1, max-image-preview:large, max-video-preview:-1\" \/>\n<link rel=\"canonical\" href=\"https:\/\/nuwaterapia.com\/en\/magnetoterapia\/\" \/>\n<meta property=\"og:locale\" content=\"en_US\" \/>\n<meta property=\"og:type\" content=\"article\" \/>\n<meta property=\"og:title\" content=\"Magnetoterapia - N\u00fcwa ter\u00e0pia\" \/>\n<meta property=\"og:description\" content=\"La magnetoter\u00e0pia utilitza camps magn\u00e8tics per tractar dolors musculars i articulars, afavorint la recuperaci\u00f3 i el benestar f\u00edsic general.\" \/>\n<meta property=\"og:url\" content=\"https:\/\/nuwaterapia.com\/en\/magnetoterapia\/\" \/>\n<meta property=\"og:site_name\" content=\"N\u00fcwa ter\u00e0pia\" \/>\n<meta property=\"article:modified_time\" content=\"2024-09-17T07:19:06+00:00\" \/>\n<meta property=\"og:image\" content=\"https:\/\/nuwaterapia.com\/wp-content\/uploads\/2023\/11\/MAGNETOTERAPIA.jpg\" \/>\n<meta name=\"twitter:card\" content=\"summary_large_image\" \/>\n<meta name=\"twitter:label1\" content=\"Est. reading time\" \/>\n\t<meta name=\"twitter:data1\" content=\"2 minutes\" \/>\n<script type=\"application\/ld+json\" class=\"yoast-schema-graph\">{\"@context\":\"https:\/\/schema.org\",\"@graph\":[{\"@type\":\"WebPage\",\"@id\":\"https:\/\/nuwaterapia.com\/magnetoterapia\/\",\"url\":\"https:\/\/nuwaterapia.com\/magnetoterapia\/\",\"name\":\"Magnetoterapia - N\u00fcwa ter\u00e0pia\",\"isPartOf\":{\"@id\":\"https:\/\/nuwaterapia.com\/#website\"},\"primaryImageOfPage\":{\"@id\":\"https:\/\/nuwaterapia.com\/magnetoterapia\/#primaryimage\"},\"image\":{\"@id\":\"https:\/\/nuwaterapia.com\/magnetoterapia\/#primaryimage\"},\"thumbnailUrl\":\"https:\/\/nuwaterapia.com\/wp-content\/uploads\/2023\/11\/MAGNETOTERAPIA.jpg\",\"datePublished\":\"2023-11-24T10:31:38+00:00\",\"dateModified\":\"2024-09-17T07:19:06+00:00\",\"description\":\"La magnetoter\u00e0pia utilitza camps magn\u00e8tics per tractar dolors musculars i articulars, afavorint la recuperaci\u00f3 i el benestar f\u00edsic general.\",\"breadcrumb\":{\"@id\":\"https:\/\/nuwaterapia.com\/magnetoterapia\/#breadcrumb\"},\"inLanguage\":\"en-US\",\"potentialAction\":[{\"@type\":\"ReadAction\",\"target\":[\"https:\/\/nuwaterapia.com\/magnetoterapia\/\"]}]},{\"@type\":\"ImageObject\",\"inLanguage\":\"en-US\",\"@id\":\"https:\/\/nuwaterapia.com\/magnetoterapia\/#primaryimage\",\"url\":\"https:\/\/nuwaterapia.com\/wp-content\/uploads\/2023\/11\/MAGNETOTERAPIA.jpg\",\"contentUrl\":\"https:\/\/nuwaterapia.com\/wp-content\/uploads\/2023\/11\/MAGNETOTERAPIA.jpg\"},{\"@type\":\"BreadcrumbList\",\"@id\":\"https:\/\/nuwaterapia.com\/magnetoterapia\/#breadcrumb\",\"itemListElement\":[{\"@type\":\"ListItem\",\"position\":1,\"name\":\"Portada\",\"item\":\"https:\/\/nuwaterapia.com\/\"},{\"@type\":\"ListItem\",\"position\":2,\"name\":\"Magnetoterapia\"}]},{\"@type\":\"WebSite\",\"@id\":\"https:\/\/nuwaterapia.com\/#website\",\"url\":\"https:\/\/nuwaterapia.com\/\",\"name\":\"N\u00fcwa ter\u00e0pia\",\"description\":\"Equilibri i benestar: descobreix les ter\u00e0pies naturals i tradicionals\",\"potentialAction\":[{\"@type\":\"SearchAction\",\"target\":{\"@type\":\"EntryPoint\",\"urlTemplate\":\"https:\/\/nuwaterapia.com\/?s={search_term_string}\"},\"query-input\":{\"@type\":\"PropertyValueSpecification\",\"valueRequired\":true,\"valueName\":\"search_term_string\"}}],\"inLanguage\":\"en-US\"}]}<\/script>\n<!-- \/ Yoast SEO plugin. -->","yoast_head_json":{"title":"Magnetoterapia - N\u00fcwa ter\u00e0pia","description":"La magnetoter\u00e0pia utilitza camps magn\u00e8tics per tractar dolors musculars i articulars, afavorint la recuperaci\u00f3 i el benestar f\u00edsic general.","robots":{"index":"index","follow":"follow","max-snippet":"max-snippet:-1","max-image-preview":"max-image-preview:large","max-video-preview":"max-video-preview:-1"},"canonical":"https:\/\/nuwaterapia.com\/en\/magnetoterapia\/","og_locale":"en_US","og_type":"article","og_title":"Magnetoterapia - N\u00fcwa ter\u00e0pia","og_description":"La magnetoter\u00e0pia utilitza camps magn\u00e8tics per tractar dolors musculars i articulars, afavorint la recuperaci\u00f3 i el benestar f\u00edsic general.","og_url":"https:\/\/nuwaterapia.com\/en\/magnetoterapia\/","og_site_name":"N\u00fcwa ter\u00e0pia","article_modified_time":"2024-09-17T07:19:06+00:00","og_image":[{"url":"https:\/\/nuwaterapia.com\/wp-content\/uploads\/2023\/11\/MAGNETOTERAPIA.jpg","type":"","width":"","height":""}],"twitter_card":"summary_large_image","twitter_misc":{"Est. reading time":"2 minutes"},"schema":{"@context":"https:\/\/schema.org","@graph":[{"@type":"WebPage","@id":"https:\/\/nuwaterapia.com\/magnetoterapia\/","url":"https:\/\/nuwaterapia.com\/magnetoterapia\/","name":"Magnetoterapia - N\u00fcwa ter\u00e0pia","isPartOf":{"@id":"https:\/\/nuwaterapia.com\/#website"},"primaryImageOfPage":{"@id":"https:\/\/nuwaterapia.com\/magnetoterapia\/#primaryimage"},"image":{"@id":"https:\/\/nuwaterapia.com\/magnetoterapia\/#primaryimage"},"thumbnailUrl":"https:\/\/nuwaterapia.com\/wp-content\/uploads\/2023\/11\/MAGNETOTERAPIA.jpg","datePublished":"2023-11-24T10:31:38+00:00","dateModified":"2024-09-17T07:19:06+00:00","description":"La magnetoter\u00e0pia utilitza camps magn\u00e8tics per tractar dolors musculars i articulars, afavorint la recuperaci\u00f3 i el benestar f\u00edsic general.","breadcrumb":{"@id":"https:\/\/nuwaterapia.com\/magnetoterapia\/#breadcrumb"},"inLanguage":"en-US","potentialAction":[{"@type":"ReadAction","target":["https:\/\/nuwaterapia.com\/magnetoterapia\/"]}]},{"@type":"ImageObject","inLanguage":"en-US","@id":"https:\/\/nuwaterapia.com\/magnetoterapia\/#primaryimage","url":"https:\/\/nuwaterapia.com\/wp-content\/uploads\/2023\/11\/MAGNETOTERAPIA.jpg","contentUrl":"https:\/\/nuwaterapia.com\/wp-content\/uploads\/2023\/11\/MAGNETOTERAPIA.jpg"},{"@type":"BreadcrumbList","@id":"https:\/\/nuwaterapia.com\/magnetoterapia\/#breadcrumb","itemListElement":[{"@type":"ListItem","position":1,"name":"Portada","item":"https:\/\/nuwaterapia.com\/"},{"@type":"ListItem","position":2,"name":"Magnetoterapia"}]},{"@type":"WebSite","@id":"https:\/\/nuwaterapia.com\/#website","url":"https:\/\/nuwaterapia.com\/","name":"N\u00fcwa ter\u00e0pia","description":"Equilibri i benestar: descobreix les ter\u00e0pies naturals i tradicionals","potentialAction":[{"@type":"SearchAction","target":{"@type":"EntryPoint","urlTemplate":"https:\/\/nuwaterapia.com\/?s={search_term_string}"},"query-input":{"@type":"PropertyValueSpecification","valueRequired":true,"valueName":"search_term_string"}}],"inLanguage":"en-US"}]}},"_links":{"self":[{"href":"https:\/\/nuwaterapia.com\/en\/wp-json\/wp\/v2\/pages\/389","targetHints":{"allow":["GET"]}}],"collection":[{"href":"https:\/\/nuwaterapia.com\/en\/wp-json\/wp\/v2\/pages"}],"about":[{"href":"https:\/\/nuwaterapia.com\/en\/wp-json\/wp\/v2\/types\/page"}],"author":[{"embeddable":true,"href":"https:\/\/nuwaterapia.com\/en\/wp-json\/wp\/v2\/users\/1"}],"replies":[{"embeddable":true,"href":"https:\/\/nuwaterapia.com\/en\/wp-json\/wp\/v2\/comments?post=389"}],"version-history":[{"count":11,"href":"https:\/\/nuwaterapia.com\/en\/wp-json\/wp\/v2\/pages\/389\/revisions"}],"predecessor-version":[{"id":971,"href":"https:\/\/nuwaterapia.com\/en\/wp-json\/wp\/v2\/pages\/389\/revisions\/971"}],"wp:attachment":[{"href":"https:\/\/nuwaterapia.com\/en\/wp-json\/wp\/v2\/media?parent=389"}],"curies":[{"name":"wp","href":"https:\/\/api.w.org\/{rel}","templated":true}]}}