{"id":368,"date":"2023-11-24T10:14:26","date_gmt":"2023-11-24T10:14:26","guid":{"rendered":"https:\/\/nuwaterapia.com\/?page_id=368"},"modified":"2024-09-17T09:19:31","modified_gmt":"2024-09-17T07:19:31","slug":"psiconeuroacupuntura","status":"publish","type":"page","link":"https:\/\/nuwaterapia.com\/en\/psiconeuroacupuntura\/","title":{"rendered":"Psychoneuroacupuncture"},"content":{"rendered":"<div data-elementor-type=\"wp-page\" data-elementor-id=\"368\" class=\"elementor elementor-368\" data-elementor-post-type=\"page\">\n\t\t\t\t<div class=\"elementor-element elementor-element-23150b84 e-flex e-con-boxed e-con e-parent\" data-id=\"23150b84\" data-element_type=\"container\" data-settings=\"{&quot;background_background&quot;:&quot;classic&quot;}\">\n\t\t\t\t\t<div class=\"e-con-inner\">\n\t\t<div class=\"elementor-element elementor-element-354aa7c4 e-con-full e-flex e-con e-child\" data-id=\"354aa7c4\" data-element_type=\"container\">\n\t\t\t\t<div class=\"elementor-element elementor-element-56a3ceef elementor-widget elementor-widget-image\" data-id=\"56a3ceef\" data-element_type=\"widget\" data-widget_type=\"image.default\">\n\t\t\t\t<div class=\"elementor-widget-container\">\n\t\t\t\t\t\t\t\t\t\t\t\t\t\t\t<img fetchpriority=\"high\" decoding=\"async\" width=\"1920\" height=\"1080\" src=\"https:\/\/nuwaterapia.com\/wp-content\/uploads\/2023\/11\/Psiconeuroacupuntura-1.jpg\" class=\"attachment-full size-full wp-image-373\" alt=\"\" srcset=\"https:\/\/nuwaterapia.com\/wp-content\/uploads\/2023\/11\/Psiconeuroacupuntura-1.jpg 1920w, https:\/\/nuwaterapia.com\/wp-content\/uploads\/2023\/11\/Psiconeuroacupuntura-1-300x169.jpg 300w, https:\/\/nuwaterapia.com\/wp-content\/uploads\/2023\/11\/Psiconeuroacupuntura-1-1024x576.jpg 1024w, https:\/\/nuwaterapia.com\/wp-content\/uploads\/2023\/11\/Psiconeuroacupuntura-1-768x432.jpg 768w, https:\/\/nuwaterapia.com\/wp-content\/uploads\/2023\/11\/Psiconeuroacupuntura-1-1536x864.jpg 1536w\" sizes=\"(max-width: 1920px) 100vw, 1920px\" \/>\t\t\t\t\t\t\t\t\t\t\t\t\t\t\t<\/div>\n\t\t\t\t<\/div>\n\t\t\t\t<\/div>\n\t\t<div class=\"elementor-element elementor-element-3ecaf0d8 e-con-full e-flex e-con e-child\" data-id=\"3ecaf0d8\" data-element_type=\"container\">\n\t\t\t\t<\/div>\n\t\t\t\t\t<\/div>\n\t\t\t\t<\/div>\n\t\t<div class=\"elementor-element elementor-element-2b698bd9 e-flex e-con-boxed e-con e-parent\" data-id=\"2b698bd9\" data-element_type=\"container\" data-settings=\"{&quot;background_background&quot;:&quot;classic&quot;}\">\n\t\t\t\t\t<div class=\"e-con-inner\">\n\t\t<div class=\"elementor-element elementor-element-53d4e470 e-con-full e-flex e-con e-child\" data-id=\"53d4e470\" data-element_type=\"container\">\n\t\t\t\t<div class=\"elementor-element elementor-element-79789ed7 elementor-invisible elementor-widget elementor-widget-heading\" data-id=\"79789ed7\" data-element_type=\"widget\" data-settings=\"{&quot;_animation&quot;:&quot;fadeIn&quot;}\" data-widget_type=\"heading.default\">\n\t\t\t\t<div class=\"elementor-widget-container\">\n\t\t\t\t\t<h2 class=\"elementor-heading-title elementor-size-default\">Harmony between mind and body: discover psychoneuroacupuncture<\/h2>\t\t\t\t<\/div>\n\t\t\t\t<\/div>\n\t\t\t\t<div class=\"elementor-element elementor-element-545d3136 elementor-invisible elementor-widget elementor-widget-text-editor\" data-id=\"545d3136\" data-element_type=\"widget\" data-settings=\"{&quot;_animation&quot;:&quot;fadeIn&quot;}\" data-widget_type=\"text-editor.default\">\n\t\t\t\t<div class=\"elementor-widget-container\">\n\t\t\t\t\t\t\t\t\t<p>Psychoneuroacupuncture is a health discipline that integrates the principles of traditional acupuncture with the modern understanding of neuroscience and psychology. This innovative technique recognizes the deep connection between body and mind, and seeks to treat both physical and emotional conditions through the stimulation of specific acupuncture points.<\/p><p>Proponents of Psychoneuroacupuncture praise its beneficial effects on anxiety, depression, sleep disorders and other emotional challenges. In addition, this approach can be used as an adjunct to other therapies and medical treatments.\u00a0\u00a0<\/p>\t\t\t\t\t\t\t\t<\/div>\n\t\t\t\t<\/div>\n\t\t\t\t<\/div>\n\t\t<div class=\"elementor-element elementor-element-12a311a3 e-con-full e-flex e-con e-child\" data-id=\"12a311a3\" data-element_type=\"container\">\n\t\t\t\t<div class=\"elementor-element elementor-element-119b5ed4 elementor-widget elementor-widget-image\" data-id=\"119b5ed4\" data-element_type=\"widget\" data-widget_type=\"image.default\">\n\t\t\t\t<div class=\"elementor-widget-container\">\n\t\t\t\t\t\t\t\t\t\t\t\t\t\t\t<img decoding=\"async\" width=\"1920\" height=\"1080\" src=\"https:\/\/nuwaterapia.com\/wp-content\/uploads\/2023\/11\/PSICONEUROACUPUNTURA.jpg\" class=\"attachment-full size-full wp-image-160\" alt=\"\" srcset=\"https:\/\/nuwaterapia.com\/wp-content\/uploads\/2023\/11\/PSICONEUROACUPUNTURA.jpg 1920w, https:\/\/nuwaterapia.com\/wp-content\/uploads\/2023\/11\/PSICONEUROACUPUNTURA-300x169.jpg 300w, https:\/\/nuwaterapia.com\/wp-content\/uploads\/2023\/11\/PSICONEUROACUPUNTURA-1024x576.jpg 1024w, https:\/\/nuwaterapia.com\/wp-content\/uploads\/2023\/11\/PSICONEUROACUPUNTURA-768x432.jpg 768w, https:\/\/nuwaterapia.com\/wp-content\/uploads\/2023\/11\/PSICONEUROACUPUNTURA-1536x864.jpg 1536w\" sizes=\"(max-width: 1920px) 100vw, 1920px\" \/>\t\t\t\t\t\t\t\t\t\t\t\t\t\t\t<\/div>\n\t\t\t\t<\/div>\n\t\t\t\t<\/div>\n\t\t\t\t\t<\/div>\n\t\t\t\t<\/div>\n\t\t<div class=\"elementor-element elementor-element-5e02306a e-flex e-con-boxed e-con e-parent\" data-id=\"5e02306a\" data-element_type=\"container\">\n\t\t\t\t\t<div class=\"e-con-inner\">\n\t\t<div class=\"elementor-element elementor-element-15f19a70 e-con-full e-flex e-con e-child\" data-id=\"15f19a70\" data-element_type=\"container\">\n\t\t\t\t<div class=\"elementor-element elementor-element-5b6ea8a elementor-invisible elementor-widget elementor-widget-heading\" data-id=\"5b6ea8a\" data-element_type=\"widget\" data-settings=\"{&quot;_animation&quot;:&quot;fadeIn&quot;}\" data-widget_type=\"heading.default\">\n\t\t\t\t<div class=\"elementor-widget-container\">\n\t\t\t\t\t<h2 class=\"elementor-heading-title elementor-size-default\">That is?<\/h2>\t\t\t\t<\/div>\n\t\t\t\t<\/div>\n\t\t\t\t<div class=\"elementor-element elementor-element-6c37da5 elementor-invisible elementor-widget elementor-widget-text-editor\" data-id=\"6c37da5\" data-element_type=\"widget\" data-settings=\"{&quot;_animation&quot;:&quot;fadeIn&quot;}\" data-widget_type=\"text-editor.default\">\n\t\t\t\t<div class=\"elementor-widget-container\">\n\t\t\t\t\t\t\t\t\t<p>Through the use of small needles, Psychoneuroacupuncture seeks to influence the nervous system and the body&#039;s emotional response. These acupuncture points are linked to neurotransmitters and brain regions that are associated with emotions and well-being. By stimulating these points, you can regulate emotional responses, relieve anxiety and depression, and improve overall mental health.<\/p><p>In addition to the use of needles, it can also incorporate other techniques such as moxibustion, cupping and sound therapy. This holistic approach considers the human being in its entirety and seeks to restore balance between mind and body.<\/p><p>If you&#039;re looking for a holistic way to address your emotional concerns and improve your overall well-being, it can be a fascinating and promising option.\u00a0<\/p><p>Take advantage of its unique combination of acupuncture, neuroscience and psychology to discover a new dimension of health and balance.\u00a0<\/p><p><script src=\"moz-extension:\/\/a3cad1a2-a5ca-44ee-8146-91890c64b1a7\/js\/app.js\" type=\"text\/javascript\"><\/script><\/p>\t\t\t\t\t\t\t\t<\/div>\n\t\t\t\t<\/div>\n\t\t\t\t<\/div>\n\t\t\t\t\t<\/div>\n\t\t\t\t<\/div>\n\t\t\t\t<\/div>","protected":false},"excerpt":{"rendered":"<p>Mind-Body Harmony: Discover Psychoneuroacupuncture Psychoneuroacupuncture is a health discipline that integrates the principles of traditional acupuncture with modern understanding of neuroscience and psychology. This innovative technique recognizes the deep connection between the body and the mind, and seeks to treat both physical and emotional conditions through\u2026&nbsp;<a href=\"https:\/\/nuwaterapia.com\/en\/psiconeuroacupuntura\/\" rel=\"bookmark\">Read More \u00bb<span class=\"screen-reader-text\">Psychoneuroacupuncture<\/span><\/a><\/p>","protected":false},"author":1,"featured_media":0,"parent":0,"menu_order":0,"comment_status":"closed","ping_status":"closed","template":"page-templates\/template-pagebuilder-full-width.php","meta":{"neve_meta_sidebar":"","neve_meta_container":"","neve_meta_enable_content_width":"off","neve_meta_content_width":100,"neve_meta_title_alignment":"","neve_meta_author_avatar":"","neve_post_elements_order":"","neve_meta_disable_header":"","neve_meta_disable_footer":"","neve_meta_disable_title":"","_joinchat":[],"footnotes":""},"class_list":["post-368","page","type-page","status-publish","hentry"],"yoast_head":"<!-- This site is optimized with the Yoast SEO plugin v25.4 - https:\/\/yoast.com\/wordpress\/plugins\/seo\/ -->\n<title>Psiconeuroacupuntura - N\u00fcwa ter\u00e0pia<\/title>\n<meta name=\"description\" content=\"La psiconeuroacupuntura combina acupuntura i neuroci\u00e8ncia per tractar trastorns emocionals, reduir l&#039;estr\u00e8s i millorar l&#039;equilibri mental.\" \/>\n<meta name=\"robots\" content=\"index, follow, max-snippet:-1, max-image-preview:large, max-video-preview:-1\" \/>\n<link rel=\"canonical\" href=\"https:\/\/nuwaterapia.com\/en\/psiconeuroacupuntura\/\" \/>\n<meta property=\"og:locale\" content=\"en_US\" \/>\n<meta property=\"og:type\" content=\"article\" \/>\n<meta property=\"og:title\" content=\"Psiconeuroacupuntura - N\u00fcwa ter\u00e0pia\" \/>\n<meta property=\"og:description\" content=\"La psiconeuroacupuntura combina acupuntura i neuroci\u00e8ncia per tractar trastorns emocionals, reduir l&#039;estr\u00e8s i millorar l&#039;equilibri mental.\" \/>\n<meta property=\"og:url\" content=\"https:\/\/nuwaterapia.com\/en\/psiconeuroacupuntura\/\" \/>\n<meta property=\"og:site_name\" content=\"N\u00fcwa ter\u00e0pia\" \/>\n<meta property=\"article:modified_time\" content=\"2024-09-17T07:19:31+00:00\" \/>\n<meta property=\"og:image\" content=\"https:\/\/nuwaterapia.com\/wp-content\/uploads\/2023\/11\/Psiconeuroacupuntura-1.jpg\" \/>\n<meta name=\"twitter:card\" content=\"summary_large_image\" \/>\n<meta name=\"twitter:label1\" content=\"Est. reading time\" \/>\n\t<meta name=\"twitter:data1\" content=\"2 minutes\" \/>\n<script type=\"application\/ld+json\" class=\"yoast-schema-graph\">{\"@context\":\"https:\/\/schema.org\",\"@graph\":[{\"@type\":\"WebPage\",\"@id\":\"https:\/\/nuwaterapia.com\/psiconeuroacupuntura\/\",\"url\":\"https:\/\/nuwaterapia.com\/psiconeuroacupuntura\/\",\"name\":\"Psiconeuroacupuntura - N\u00fcwa ter\u00e0pia\",\"isPartOf\":{\"@id\":\"https:\/\/nuwaterapia.com\/#website\"},\"primaryImageOfPage\":{\"@id\":\"https:\/\/nuwaterapia.com\/psiconeuroacupuntura\/#primaryimage\"},\"image\":{\"@id\":\"https:\/\/nuwaterapia.com\/psiconeuroacupuntura\/#primaryimage\"},\"thumbnailUrl\":\"https:\/\/nuwaterapia.com\/wp-content\/uploads\/2023\/11\/Psiconeuroacupuntura-1.jpg\",\"datePublished\":\"2023-11-24T10:14:26+00:00\",\"dateModified\":\"2024-09-17T07:19:31+00:00\",\"description\":\"La psiconeuroacupuntura combina acupuntura i neuroci\u00e8ncia per tractar trastorns emocionals, reduir l'estr\u00e8s i millorar l'equilibri mental.\",\"breadcrumb\":{\"@id\":\"https:\/\/nuwaterapia.com\/psiconeuroacupuntura\/#breadcrumb\"},\"inLanguage\":\"en-US\",\"potentialAction\":[{\"@type\":\"ReadAction\",\"target\":[\"https:\/\/nuwaterapia.com\/psiconeuroacupuntura\/\"]}]},{\"@type\":\"ImageObject\",\"inLanguage\":\"en-US\",\"@id\":\"https:\/\/nuwaterapia.com\/psiconeuroacupuntura\/#primaryimage\",\"url\":\"https:\/\/nuwaterapia.com\/wp-content\/uploads\/2023\/11\/Psiconeuroacupuntura-1.jpg\",\"contentUrl\":\"https:\/\/nuwaterapia.com\/wp-content\/uploads\/2023\/11\/Psiconeuroacupuntura-1.jpg\"},{\"@type\":\"BreadcrumbList\",\"@id\":\"https:\/\/nuwaterapia.com\/psiconeuroacupuntura\/#breadcrumb\",\"itemListElement\":[{\"@type\":\"ListItem\",\"position\":1,\"name\":\"Portada\",\"item\":\"https:\/\/nuwaterapia.com\/\"},{\"@type\":\"ListItem\",\"position\":2,\"name\":\"Psiconeuroacupuntura\"}]},{\"@type\":\"WebSite\",\"@id\":\"https:\/\/nuwaterapia.com\/#website\",\"url\":\"https:\/\/nuwaterapia.com\/\",\"name\":\"N\u00fcwa ter\u00e0pia\",\"description\":\"Equilibri i benestar: descobreix les ter\u00e0pies naturals i tradicionals\",\"potentialAction\":[{\"@type\":\"SearchAction\",\"target\":{\"@type\":\"EntryPoint\",\"urlTemplate\":\"https:\/\/nuwaterapia.com\/?s={search_term_string}\"},\"query-input\":{\"@type\":\"PropertyValueSpecification\",\"valueRequired\":true,\"valueName\":\"search_term_string\"}}],\"inLanguage\":\"en-US\"}]}<\/script>\n<!-- \/ Yoast SEO plugin. -->","yoast_head_json":{"title":"Psiconeuroacupuntura - N\u00fcwa ter\u00e0pia","description":"La psiconeuroacupuntura combina acupuntura i neuroci\u00e8ncia per tractar trastorns emocionals, reduir l'estr\u00e8s i millorar l'equilibri mental.","robots":{"index":"index","follow":"follow","max-snippet":"max-snippet:-1","max-image-preview":"max-image-preview:large","max-video-preview":"max-video-preview:-1"},"canonical":"https:\/\/nuwaterapia.com\/en\/psiconeuroacupuntura\/","og_locale":"en_US","og_type":"article","og_title":"Psiconeuroacupuntura - N\u00fcwa ter\u00e0pia","og_description":"La psiconeuroacupuntura combina acupuntura i neuroci\u00e8ncia per tractar trastorns emocionals, reduir l'estr\u00e8s i millorar l'equilibri mental.","og_url":"https:\/\/nuwaterapia.com\/en\/psiconeuroacupuntura\/","og_site_name":"N\u00fcwa ter\u00e0pia","article_modified_time":"2024-09-17T07:19:31+00:00","og_image":[{"url":"https:\/\/nuwaterapia.com\/wp-content\/uploads\/2023\/11\/Psiconeuroacupuntura-1.jpg","type":"","width":"","height":""}],"twitter_card":"summary_large_image","twitter_misc":{"Est. reading time":"2 minutes"},"schema":{"@context":"https:\/\/schema.org","@graph":[{"@type":"WebPage","@id":"https:\/\/nuwaterapia.com\/psiconeuroacupuntura\/","url":"https:\/\/nuwaterapia.com\/psiconeuroacupuntura\/","name":"Psiconeuroacupuntura - N\u00fcwa ter\u00e0pia","isPartOf":{"@id":"https:\/\/nuwaterapia.com\/#website"},"primaryImageOfPage":{"@id":"https:\/\/nuwaterapia.com\/psiconeuroacupuntura\/#primaryimage"},"image":{"@id":"https:\/\/nuwaterapia.com\/psiconeuroacupuntura\/#primaryimage"},"thumbnailUrl":"https:\/\/nuwaterapia.com\/wp-content\/uploads\/2023\/11\/Psiconeuroacupuntura-1.jpg","datePublished":"2023-11-24T10:14:26+00:00","dateModified":"2024-09-17T07:19:31+00:00","description":"La psiconeuroacupuntura combina acupuntura i neuroci\u00e8ncia per tractar trastorns emocionals, reduir l'estr\u00e8s i millorar l'equilibri mental.","breadcrumb":{"@id":"https:\/\/nuwaterapia.com\/psiconeuroacupuntura\/#breadcrumb"},"inLanguage":"en-US","potentialAction":[{"@type":"ReadAction","target":["https:\/\/nuwaterapia.com\/psiconeuroacupuntura\/"]}]},{"@type":"ImageObject","inLanguage":"en-US","@id":"https:\/\/nuwaterapia.com\/psiconeuroacupuntura\/#primaryimage","url":"https:\/\/nuwaterapia.com\/wp-content\/uploads\/2023\/11\/Psiconeuroacupuntura-1.jpg","contentUrl":"https:\/\/nuwaterapia.com\/wp-content\/uploads\/2023\/11\/Psiconeuroacupuntura-1.jpg"},{"@type":"BreadcrumbList","@id":"https:\/\/nuwaterapia.com\/psiconeuroacupuntura\/#breadcrumb","itemListElement":[{"@type":"ListItem","position":1,"name":"Portada","item":"https:\/\/nuwaterapia.com\/"},{"@type":"ListItem","position":2,"name":"Psiconeuroacupuntura"}]},{"@type":"WebSite","@id":"https:\/\/nuwaterapia.com\/#website","url":"https:\/\/nuwaterapia.com\/","name":"N\u00fcwa ter\u00e0pia","description":"Equilibri i benestar: descobreix les ter\u00e0pies naturals i tradicionals","potentialAction":[{"@type":"SearchAction","target":{"@type":"EntryPoint","urlTemplate":"https:\/\/nuwaterapia.com\/?s={search_term_string}"},"query-input":{"@type":"PropertyValueSpecification","valueRequired":true,"valueName":"search_term_string"}}],"inLanguage":"en-US"}]}},"_links":{"self":[{"href":"https:\/\/nuwaterapia.com\/en\/wp-json\/wp\/v2\/pages\/368","targetHints":{"allow":["GET"]}}],"collection":[{"href":"https:\/\/nuwaterapia.com\/en\/wp-json\/wp\/v2\/pages"}],"about":[{"href":"https:\/\/nuwaterapia.com\/en\/wp-json\/wp\/v2\/types\/page"}],"author":[{"embeddable":true,"href":"https:\/\/nuwaterapia.com\/en\/wp-json\/wp\/v2\/users\/1"}],"replies":[{"embeddable":true,"href":"https:\/\/nuwaterapia.com\/en\/wp-json\/wp\/v2\/comments?post=368"}],"version-history":[{"count":20,"href":"https:\/\/nuwaterapia.com\/en\/wp-json\/wp\/v2\/pages\/368\/revisions"}],"predecessor-version":[{"id":974,"href":"https:\/\/nuwaterapia.com\/en\/wp-json\/wp\/v2\/pages\/368\/revisions\/974"}],"wp:attachment":[{"href":"https:\/\/nuwaterapia.com\/en\/wp-json\/wp\/v2\/media?parent=368"}],"curies":[{"name":"wp","href":"https:\/\/api.w.org\/{rel}","templated":true}]}}