{"id":350,"date":"2023-11-21T20:34:46","date_gmt":"2023-11-21T20:34:46","guid":{"rendered":"https:\/\/nuwaterapia.com\/?page_id=350"},"modified":"2025-03-14T11:35:36","modified_gmt":"2025-03-14T10:35:36","slug":"politica-de-privacitat","status":"publish","type":"page","link":"https:\/\/nuwaterapia.com\/en\/politica-de-privacitat\/","title":{"rendered":"Privacy policy"},"content":{"rendered":"<div data-elementor-type=\"wp-page\" data-elementor-id=\"350\" class=\"elementor elementor-350\" data-elementor-post-type=\"page\">\n\t\t\t\t<div class=\"elementor-element elementor-element-4ee0b57 e-flex e-con-boxed e-con e-parent\" data-id=\"4ee0b57\" data-element_type=\"container\" data-settings=\"{&quot;background_background&quot;:&quot;classic&quot;}\">\n\t\t\t\t\t<div class=\"e-con-inner\">\n\t\t<div class=\"elementor-element elementor-element-455d16d8 e-con-full e-flex e-con e-child\" data-id=\"455d16d8\" data-element_type=\"container\">\n\t\t\t\t<\/div>\n\t\t\t\t\t<\/div>\n\t\t\t\t<\/div>\n\t\t<div class=\"elementor-element elementor-element-7a5cb086 e-flex e-con-boxed e-con e-parent\" data-id=\"7a5cb086\" data-element_type=\"container\">\n\t\t\t\t\t<div class=\"e-con-inner\">\n\t\t<div class=\"elementor-element elementor-element-415b2358 e-con-full e-flex e-con e-child\" data-id=\"415b2358\" data-element_type=\"container\">\n\t\t\t\t<div class=\"elementor-element elementor-element-cfc6d15 elementor-widget elementor-widget-text-editor\" data-id=\"cfc6d15\" data-element_type=\"widget\" data-widget_type=\"text-editor.default\">\n\t\t\t\t<div class=\"elementor-widget-container\">\n\t\t\t\t\t\t\t\t\t<h4>1.- 1.- INFORMATION TO THE USER<\/h4>\n<p>1.- INFORMATION TO THE USER<\/p>\n<p>The website informs website users about its policy regarding the treatment and protection of the personal data of users and customers that may be requested by browsing through its website.<\/p>\n<p>The website is responsible for the processing of the user&#039;s personal data, so the following information is provided regarding the processing of your data:<\/p>\n<p><strong>Data retention criteria:<\/strong>&nbsp;The personal data provided will be kept until suspension is requested by the interested party, exercising their rights over the data, and in any case in compliance with applicable legal limitation periods.<\/p>\n<p><strong>Rights of interested parties:<\/strong><\/p>\n<p>Right to withdraw your consent at any time.<br>Right of access, rectification, deletion, portability of your data and the limitation or opposition of its treatment, as well as not being the subject of automated individual decisions.<\/p>\n<p><strong>Contact details to exercise your rights:<\/strong><\/p>\n<p>The right to exercise must be properly identified and clearly requested.<\/p>\n<ul>\n<li>Website: www.nuwaterapia.com<\/li>\n<li>Name: N\u00daRIA CR<\/li>\n<li>NIF: 44022290Z<\/li>\n<li>Address: Passeig Sant Joan 97, 2-4a, 08009 Barcelona<\/li>\n<li>Telephone: 613 039 732\n   <\/li>\n<li>Email: arisfer84@gmail.com<\/li>\n<\/ul>\n<h4>2.- INFORMATION PROVIDED BY THE USER<\/h4>\n<p>If you are under 18 years of age, the use of forms on our website is not permitted.<\/p>\n<p>Users, entering their data in the contact forms or presented in download forms, expressly and freely and unequivocally accept that their data is necessary to attend to their request, on the part of the Manager, the inclusion being voluntary of data in the remaining fields.<\/p>\n<p>The User guarantees that the personal data provided is true and is responsible for communicating any changes.<\/p>\n<p>All data requested through the website is necessary to provide an optimal service to the User. If all data is not provided, it is not guaranteed that the information and services that the Controller provides are completely tailored to your needs.<\/p>\n<h4>3.- SECURITY MEASURES<\/h4>\n<p>That in accordance with the provisions of the current regulations on the protection of personal data, the Controller is complying with all the provisions of the RGPD and LOPD regulations for the processing of personal data under its responsibility, which are processed lawfully, fairly and transparently in relation to the interested party and are adequate, relevant and limited to what is necessary in relation to the purposes for which they are processed.<\/p>\n<p>The Controller guarantees that it has implemented appropriate technical and organizational policies to apply the security measures established by the GDPR and the LOPD to protect the rights and freedoms of Users and has communicated the appropriate information to them so that they can exercise them.<\/p>\n<h4>4.- SECURITY BREAKS<\/h4>\n<p>The person responsible will inform about any security breach that affects the database used by this website, or that affects any of our third-party services, each and every person whose data may have been affected, and authorities, within of the 72 hours following the detection of the breach.<\/p>\n<h4>APPLICABLE LAW AND JURISDICTION<\/h4>\n<p>For the resolution of all controversies or issues related to this website or the activities that take place, Spanish legislation will be applicable, to which the parties expressly submit, being competent for the resolution of all resulting conflicts or related to the use of the Courts and Tribunals of Barcelona.<\/p>\t\t\t\t\t\t\t\t<\/div>\n\t\t\t\t<\/div>\n\t\t\t\t<\/div>\n\t\t\t\t\t<\/div>\n\t\t\t\t<\/div>\n\t\t\t\t<\/div>","protected":false},"excerpt":{"rendered":"<p>1.- 1.- USER INFORMATION 1.- USER INFORMATION The website informs website users about its policy regarding the treatment and protection of the personal data of users and customers that may be requested by browsing through its website. The website is the\u2026&nbsp;<a href=\"https:\/\/nuwaterapia.com\/en\/politica-de-privacitat\/\" rel=\"bookmark\">Read More \u00bb<span class=\"screen-reader-text\">Privacy policy<\/span><\/a><\/p>","protected":false},"author":1,"featured_media":0,"parent":0,"menu_order":0,"comment_status":"closed","ping_status":"closed","template":"page-templates\/template-pagebuilder-full-width.php","meta":{"neve_meta_sidebar":"","neve_meta_container":"","neve_meta_enable_content_width":"off","neve_meta_content_width":100,"neve_meta_title_alignment":"","neve_meta_author_avatar":"","neve_post_elements_order":"","neve_meta_disable_header":"","neve_meta_disable_footer":"","neve_meta_disable_title":"","_joinchat":[],"footnotes":""},"class_list":["post-350","page","type-page","status-publish","hentry"],"yoast_head":"<!-- This site is optimized with the Yoast SEO plugin v25.4 - https:\/\/yoast.com\/wordpress\/plugins\/seo\/ -->\n<title>Pol\u00edtica de privacitat - N\u00fcwa ter\u00e0pia<\/title>\n<meta name=\"robots\" content=\"index, follow, max-snippet:-1, max-image-preview:large, max-video-preview:-1\" \/>\n<link rel=\"canonical\" href=\"https:\/\/nuwaterapia.com\/en\/politica-de-privacitat\/\" \/>\n<meta property=\"og:locale\" content=\"en_US\" \/>\n<meta property=\"og:type\" content=\"article\" \/>\n<meta property=\"og:title\" content=\"Pol\u00edtica de privacitat - N\u00fcwa ter\u00e0pia\" \/>\n<meta property=\"og:description\" content=\"1.- 1.- INFORMACI\u00d3 A L\u2019USUARI 1.- INFORMACI\u00d3 A L\u2019USUARI El lloc web informa els usuaris del lloc web sobre la seva pol\u00edtica respecte al tractament i protecci\u00f3 de les dades de car\u00e0cter personal dels usuaris i clients que puguin ser sol\u00b7licitats per la navegaci\u00f3 a trav\u00e9s del seu lloc web. El lloc web \u00e9s el&hellip;&nbsp;Read More &raquo;Pol\u00edtica de privacitat\" \/>\n<meta property=\"og:url\" content=\"https:\/\/nuwaterapia.com\/en\/politica-de-privacitat\/\" \/>\n<meta property=\"og:site_name\" content=\"N\u00fcwa ter\u00e0pia\" \/>\n<meta property=\"article:modified_time\" content=\"2025-03-14T10:35:36+00:00\" \/>\n<meta name=\"twitter:card\" content=\"summary_large_image\" \/>\n<meta name=\"twitter:label1\" content=\"Est. reading time\" \/>\n\t<meta name=\"twitter:data1\" content=\"3 minutes\" \/>\n<script type=\"application\/ld+json\" class=\"yoast-schema-graph\">{\"@context\":\"https:\/\/schema.org\",\"@graph\":[{\"@type\":\"WebPage\",\"@id\":\"https:\/\/nuwaterapia.com\/politica-de-privacitat\/\",\"url\":\"https:\/\/nuwaterapia.com\/politica-de-privacitat\/\",\"name\":\"Pol\u00edtica de privacitat - N\u00fcwa ter\u00e0pia\",\"isPartOf\":{\"@id\":\"https:\/\/nuwaterapia.com\/#website\"},\"datePublished\":\"2023-11-21T20:34:46+00:00\",\"dateModified\":\"2025-03-14T10:35:36+00:00\",\"breadcrumb\":{\"@id\":\"https:\/\/nuwaterapia.com\/politica-de-privacitat\/#breadcrumb\"},\"inLanguage\":\"en-US\",\"potentialAction\":[{\"@type\":\"ReadAction\",\"target\":[\"https:\/\/nuwaterapia.com\/politica-de-privacitat\/\"]}]},{\"@type\":\"BreadcrumbList\",\"@id\":\"https:\/\/nuwaterapia.com\/politica-de-privacitat\/#breadcrumb\",\"itemListElement\":[{\"@type\":\"ListItem\",\"position\":1,\"name\":\"Portada\",\"item\":\"https:\/\/nuwaterapia.com\/\"},{\"@type\":\"ListItem\",\"position\":2,\"name\":\"Pol\u00edtica de privacitat\"}]},{\"@type\":\"WebSite\",\"@id\":\"https:\/\/nuwaterapia.com\/#website\",\"url\":\"https:\/\/nuwaterapia.com\/\",\"name\":\"N\u00fcwa ter\u00e0pia\",\"description\":\"Equilibri i benestar: descobreix les ter\u00e0pies naturals i tradicionals\",\"potentialAction\":[{\"@type\":\"SearchAction\",\"target\":{\"@type\":\"EntryPoint\",\"urlTemplate\":\"https:\/\/nuwaterapia.com\/?s={search_term_string}\"},\"query-input\":{\"@type\":\"PropertyValueSpecification\",\"valueRequired\":true,\"valueName\":\"search_term_string\"}}],\"inLanguage\":\"en-US\"}]}<\/script>\n<!-- \/ Yoast SEO plugin. -->","yoast_head_json":{"title":"Pol\u00edtica de privacitat - N\u00fcwa ter\u00e0pia","robots":{"index":"index","follow":"follow","max-snippet":"max-snippet:-1","max-image-preview":"max-image-preview:large","max-video-preview":"max-video-preview:-1"},"canonical":"https:\/\/nuwaterapia.com\/en\/politica-de-privacitat\/","og_locale":"en_US","og_type":"article","og_title":"Pol\u00edtica de privacitat - N\u00fcwa ter\u00e0pia","og_description":"1.- 1.- INFORMACI\u00d3 A L\u2019USUARI 1.- INFORMACI\u00d3 A L\u2019USUARI El lloc web informa els usuaris del lloc web sobre la seva pol\u00edtica respecte al tractament i protecci\u00f3 de les dades de car\u00e0cter personal dels usuaris i clients que puguin ser sol\u00b7licitats per la navegaci\u00f3 a trav\u00e9s del seu lloc web. El lloc web \u00e9s el&hellip;&nbsp;Read More &raquo;Pol\u00edtica de privacitat","og_url":"https:\/\/nuwaterapia.com\/en\/politica-de-privacitat\/","og_site_name":"N\u00fcwa ter\u00e0pia","article_modified_time":"2025-03-14T10:35:36+00:00","twitter_card":"summary_large_image","twitter_misc":{"Est. reading time":"3 minutes"},"schema":{"@context":"https:\/\/schema.org","@graph":[{"@type":"WebPage","@id":"https:\/\/nuwaterapia.com\/politica-de-privacitat\/","url":"https:\/\/nuwaterapia.com\/politica-de-privacitat\/","name":"Pol\u00edtica de privacitat - N\u00fcwa ter\u00e0pia","isPartOf":{"@id":"https:\/\/nuwaterapia.com\/#website"},"datePublished":"2023-11-21T20:34:46+00:00","dateModified":"2025-03-14T10:35:36+00:00","breadcrumb":{"@id":"https:\/\/nuwaterapia.com\/politica-de-privacitat\/#breadcrumb"},"inLanguage":"en-US","potentialAction":[{"@type":"ReadAction","target":["https:\/\/nuwaterapia.com\/politica-de-privacitat\/"]}]},{"@type":"BreadcrumbList","@id":"https:\/\/nuwaterapia.com\/politica-de-privacitat\/#breadcrumb","itemListElement":[{"@type":"ListItem","position":1,"name":"Portada","item":"https:\/\/nuwaterapia.com\/"},{"@type":"ListItem","position":2,"name":"Pol\u00edtica de privacitat"}]},{"@type":"WebSite","@id":"https:\/\/nuwaterapia.com\/#website","url":"https:\/\/nuwaterapia.com\/","name":"N\u00fcwa ter\u00e0pia","description":"Equilibri i benestar: descobreix les ter\u00e0pies naturals i tradicionals","potentialAction":[{"@type":"SearchAction","target":{"@type":"EntryPoint","urlTemplate":"https:\/\/nuwaterapia.com\/?s={search_term_string}"},"query-input":{"@type":"PropertyValueSpecification","valueRequired":true,"valueName":"search_term_string"}}],"inLanguage":"en-US"}]}},"_links":{"self":[{"href":"https:\/\/nuwaterapia.com\/en\/wp-json\/wp\/v2\/pages\/350","targetHints":{"allow":["GET"]}}],"collection":[{"href":"https:\/\/nuwaterapia.com\/en\/wp-json\/wp\/v2\/pages"}],"about":[{"href":"https:\/\/nuwaterapia.com\/en\/wp-json\/wp\/v2\/types\/page"}],"author":[{"embeddable":true,"href":"https:\/\/nuwaterapia.com\/en\/wp-json\/wp\/v2\/users\/1"}],"replies":[{"embeddable":true,"href":"https:\/\/nuwaterapia.com\/en\/wp-json\/wp\/v2\/comments?post=350"}],"version-history":[{"count":14,"href":"https:\/\/nuwaterapia.com\/en\/wp-json\/wp\/v2\/pages\/350\/revisions"}],"predecessor-version":[{"id":1025,"href":"https:\/\/nuwaterapia.com\/en\/wp-json\/wp\/v2\/pages\/350\/revisions\/1025"}],"wp:attachment":[{"href":"https:\/\/nuwaterapia.com\/en\/wp-json\/wp\/v2\/media?parent=350"}],"curies":[{"name":"wp","href":"https:\/\/api.w.org\/{rel}","templated":true}]}}