{"id":340,"date":"2023-11-21T19:34:30","date_gmt":"2023-11-21T19:34:30","guid":{"rendered":"https:\/\/nuwaterapia.com\/?page_id=340"},"modified":"2024-05-09T13:20:09","modified_gmt":"2024-05-09T11:20:09","slug":"avis-legal","status":"publish","type":"page","link":"https:\/\/nuwaterapia.com\/en\/avis-legal\/","title":{"rendered":"Legal warning"},"content":{"rendered":"<div data-elementor-type=\"wp-page\" data-elementor-id=\"340\" class=\"elementor elementor-340\" data-elementor-post-type=\"page\">\n\t\t\t\t<div class=\"elementor-element elementor-element-4ee0b57 e-flex e-con-boxed e-con e-parent\" data-id=\"4ee0b57\" data-element_type=\"container\" data-settings=\"{&quot;background_background&quot;:&quot;classic&quot;}\">\n\t\t\t\t\t<div class=\"e-con-inner\">\n\t\t<div class=\"elementor-element elementor-element-455d16d8 e-con-full e-flex e-con e-child\" data-id=\"455d16d8\" data-element_type=\"container\">\n\t\t\t\t<\/div>\n\t\t\t\t\t<\/div>\n\t\t\t\t<\/div>\n\t\t<div class=\"elementor-element elementor-element-7a5cb086 e-flex e-con-boxed e-con e-parent\" data-id=\"7a5cb086\" data-element_type=\"container\">\n\t\t\t\t\t<div class=\"e-con-inner\">\n\t\t<div class=\"elementor-element elementor-element-415b2358 e-con-full e-flex e-con e-child\" data-id=\"415b2358\" data-element_type=\"container\">\n\t\t\t\t<div class=\"elementor-element elementor-element-cfc6d15 elementor-widget elementor-widget-text-editor\" data-id=\"cfc6d15\" data-element_type=\"widget\" data-widget_type=\"text-editor.default\">\n\t\t\t\t<div class=\"elementor-widget-container\">\n\t\t\t\t\t\t\t\t\t<p>According to what is provided in article 9 of Law 34\/2002 of 11 July on Services of the Information Society and Electronic Commerce, it is stated that this website is the property of N\u00daRIA CR registered in the Registry Mercantil Barcelona, \u200b\u200bvolume 42570 folio 0189, leaf B.410214 INSCRP. 1st..<\/p><p>1. PROTECTION OF PERSONAL DATA<\/p><p>In the framework of compliance with current legislation, contained in Organic Law 15\/1999, of December 13, on the protection of Personal Data (LOPD), the purpose of which is to guarantee and protect, as regards the processing of personal data, the fundamental freedoms and rights of natural persons, and especially of their honor and personal privacy, N\u00daRIA CR informs users that the data entered in the contact forms, and others, will be stored in files owned by N\u00daRIA CR <\/p><p>Likewise, N\u00daRIA CR shows its commitment not to use its contents for a different purpose for which they were collected, guaranteeing maximum confidentiality and applying the necessary technical and security measures to avoid unauthorized access to the same according to establishes the current regulations on data protection.<\/p><p>2. RIGHT OF ACCESS, RECTIFICATION AND CANCELLATION<\/p><p>The owner of the data has the right of access, rectification, cancellation and opposition of his data. To exercise these rights, the data holders can send a written request by post to the address Passeig Sant Joan 97, 2-4a, 08009 Barcelona, by email, or they can contact us via telephone 669328339.<\/p><p>3. DISCLOSURE OF INFORMATION TO THIRD PARTIES<\/p><p>N\u00daRIA CR undertakes not to sell or transfer the personal information collected on its websites to other entities for use without their express approval and offering them the opportunity to exercise their right of cancellation and opposition previously commented.<\/p><p>4. EXTERNAL LINKS<\/p><p>If the user chooses to leave this website through links to web pages that do not belong to our company, N\u00daRIA CR will not be responsible for the privacy policies of these websites or for the cookies that they may store in the User&#039;s computer.<\/p><p>5. LEGAL ISSUES<\/p><p>This is a website that is subject to Spanish Law N\u00daRIA CR may dispose of the personal information provided by the user without their consent when it is legally required, or acting in good faith whenever this action is necessary for aa investigate or protect guests, visitors or associates of N\u00daRIA CR or its property (including this website).<\/p><p>6. CHANGES IN THE PRIVACY POLICY OF THIS WEBSITE<\/p><p>N\u00daRIA CR may include changes in the Privacy Policy of this website. All changes will be made available on this website, to keep the user informed.<\/p>\t\t\t\t\t\t\t\t<\/div>\n\t\t\t\t<\/div>\n\t\t\t\t<\/div>\n\t\t\t\t\t<\/div>\n\t\t\t\t<\/div>\n\t\t\t\t<\/div>","protected":false},"excerpt":{"rendered":"<p>According to what is provided in article 9 of Law 34\/2002 of 11 July on Services of the Information Society and Electronic Commerce, it is stated that this website is the property of N\u00daRIA CR registered in the Registry Mercantil Barcelona, \u200b\u200bvolume 42570 folio 0189, leaf B.410214 INSCRP. 1a.. 1. DATA PROTECTION OF\u2026&nbsp;<a href=\"https:\/\/nuwaterapia.com\/en\/avis-legal\/\" rel=\"bookmark\">Read More \u00bb<span class=\"screen-reader-text\">Legal warning<\/span><\/a><\/p>","protected":false},"author":1,"featured_media":0,"parent":0,"menu_order":0,"comment_status":"closed","ping_status":"closed","template":"page-templates\/template-pagebuilder-full-width.php","meta":{"neve_meta_sidebar":"","neve_meta_container":"","neve_meta_enable_content_width":"off","neve_meta_content_width":100,"neve_meta_title_alignment":"","neve_meta_author_avatar":"","neve_post_elements_order":"","neve_meta_disable_header":"","neve_meta_disable_footer":"","neve_meta_disable_title":"","_joinchat":[],"footnotes":""},"class_list":["post-340","page","type-page","status-publish","hentry"],"yoast_head":"<!-- This site is optimized with the Yoast SEO plugin v25.4 - https:\/\/yoast.com\/wordpress\/plugins\/seo\/ -->\n<title>Av\u00eds legal - N\u00fcwa ter\u00e0pia<\/title>\n<meta name=\"robots\" content=\"index, follow, max-snippet:-1, max-image-preview:large, max-video-preview:-1\" \/>\n<link rel=\"canonical\" href=\"https:\/\/nuwaterapia.com\/en\/avis-legal\/\" \/>\n<meta property=\"og:locale\" content=\"en_US\" \/>\n<meta property=\"og:type\" content=\"article\" \/>\n<meta property=\"og:title\" content=\"Av\u00eds legal - N\u00fcwa ter\u00e0pia\" \/>\n<meta property=\"og:description\" content=\"Segons el que es disposa en l\u2019article 9 de la Llei 34\/2002 d\u201911 de Juliol de Serveis de la Societat de la Informaci\u00f3 i Comer\u00e7 Electr\u00f2nic, es fa constar que el present lloc web \u00e9s propietat de N\u00daRIA\u00a0CR inscrita\u00a0\u00a0en\u00a0\u00a0el Registre Mercantil Barcelona, \u200b\u200btom 42570 foli 0189, fulla B.410214 INSCRP. 1a.. 1. PROTECCI\u00d3 DE DADES DE&hellip;&nbsp;Read More &raquo;Av\u00eds legal\" \/>\n<meta property=\"og:url\" content=\"https:\/\/nuwaterapia.com\/en\/avis-legal\/\" \/>\n<meta property=\"og:site_name\" content=\"N\u00fcwa ter\u00e0pia\" \/>\n<meta property=\"article:modified_time\" content=\"2024-05-09T11:20:09+00:00\" \/>\n<meta name=\"twitter:card\" content=\"summary_large_image\" \/>\n<meta name=\"twitter:label1\" content=\"Est. reading time\" \/>\n\t<meta name=\"twitter:data1\" content=\"3 minutes\" \/>\n<script type=\"application\/ld+json\" class=\"yoast-schema-graph\">{\"@context\":\"https:\/\/schema.org\",\"@graph\":[{\"@type\":\"WebPage\",\"@id\":\"https:\/\/nuwaterapia.com\/avis-legal\/\",\"url\":\"https:\/\/nuwaterapia.com\/avis-legal\/\",\"name\":\"Av\u00eds legal - N\u00fcwa ter\u00e0pia\",\"isPartOf\":{\"@id\":\"https:\/\/nuwaterapia.com\/#website\"},\"datePublished\":\"2023-11-21T19:34:30+00:00\",\"dateModified\":\"2024-05-09T11:20:09+00:00\",\"breadcrumb\":{\"@id\":\"https:\/\/nuwaterapia.com\/avis-legal\/#breadcrumb\"},\"inLanguage\":\"en-US\",\"potentialAction\":[{\"@type\":\"ReadAction\",\"target\":[\"https:\/\/nuwaterapia.com\/avis-legal\/\"]}]},{\"@type\":\"BreadcrumbList\",\"@id\":\"https:\/\/nuwaterapia.com\/avis-legal\/#breadcrumb\",\"itemListElement\":[{\"@type\":\"ListItem\",\"position\":1,\"name\":\"Portada\",\"item\":\"https:\/\/nuwaterapia.com\/\"},{\"@type\":\"ListItem\",\"position\":2,\"name\":\"Av\u00eds legal\"}]},{\"@type\":\"WebSite\",\"@id\":\"https:\/\/nuwaterapia.com\/#website\",\"url\":\"https:\/\/nuwaterapia.com\/\",\"name\":\"N\u00fcwa ter\u00e0pia\",\"description\":\"Equilibri i benestar: descobreix les ter\u00e0pies naturals i tradicionals\",\"potentialAction\":[{\"@type\":\"SearchAction\",\"target\":{\"@type\":\"EntryPoint\",\"urlTemplate\":\"https:\/\/nuwaterapia.com\/?s={search_term_string}\"},\"query-input\":{\"@type\":\"PropertyValueSpecification\",\"valueRequired\":true,\"valueName\":\"search_term_string\"}}],\"inLanguage\":\"en-US\"}]}<\/script>\n<!-- \/ Yoast SEO plugin. -->","yoast_head_json":{"title":"Av\u00eds legal - N\u00fcwa ter\u00e0pia","robots":{"index":"index","follow":"follow","max-snippet":"max-snippet:-1","max-image-preview":"max-image-preview:large","max-video-preview":"max-video-preview:-1"},"canonical":"https:\/\/nuwaterapia.com\/en\/avis-legal\/","og_locale":"en_US","og_type":"article","og_title":"Av\u00eds legal - N\u00fcwa ter\u00e0pia","og_description":"Segons el que es disposa en l\u2019article 9 de la Llei 34\/2002 d\u201911 de Juliol de Serveis de la Societat de la Informaci\u00f3 i Comer\u00e7 Electr\u00f2nic, es fa constar que el present lloc web \u00e9s propietat de N\u00daRIA\u00a0CR inscrita\u00a0\u00a0en\u00a0\u00a0el Registre Mercantil Barcelona, \u200b\u200btom 42570 foli 0189, fulla B.410214 INSCRP. 1a.. 1. PROTECCI\u00d3 DE DADES DE&hellip;&nbsp;Read More &raquo;Av\u00eds legal","og_url":"https:\/\/nuwaterapia.com\/en\/avis-legal\/","og_site_name":"N\u00fcwa ter\u00e0pia","article_modified_time":"2024-05-09T11:20:09+00:00","twitter_card":"summary_large_image","twitter_misc":{"Est. reading time":"3 minutes"},"schema":{"@context":"https:\/\/schema.org","@graph":[{"@type":"WebPage","@id":"https:\/\/nuwaterapia.com\/avis-legal\/","url":"https:\/\/nuwaterapia.com\/avis-legal\/","name":"Av\u00eds legal - N\u00fcwa ter\u00e0pia","isPartOf":{"@id":"https:\/\/nuwaterapia.com\/#website"},"datePublished":"2023-11-21T19:34:30+00:00","dateModified":"2024-05-09T11:20:09+00:00","breadcrumb":{"@id":"https:\/\/nuwaterapia.com\/avis-legal\/#breadcrumb"},"inLanguage":"en-US","potentialAction":[{"@type":"ReadAction","target":["https:\/\/nuwaterapia.com\/avis-legal\/"]}]},{"@type":"BreadcrumbList","@id":"https:\/\/nuwaterapia.com\/avis-legal\/#breadcrumb","itemListElement":[{"@type":"ListItem","position":1,"name":"Portada","item":"https:\/\/nuwaterapia.com\/"},{"@type":"ListItem","position":2,"name":"Av\u00eds legal"}]},{"@type":"WebSite","@id":"https:\/\/nuwaterapia.com\/#website","url":"https:\/\/nuwaterapia.com\/","name":"N\u00fcwa ter\u00e0pia","description":"Equilibri i benestar: descobreix les ter\u00e0pies naturals i tradicionals","potentialAction":[{"@type":"SearchAction","target":{"@type":"EntryPoint","urlTemplate":"https:\/\/nuwaterapia.com\/?s={search_term_string}"},"query-input":{"@type":"PropertyValueSpecification","valueRequired":true,"valueName":"search_term_string"}}],"inLanguage":"en-US"}]}},"_links":{"self":[{"href":"https:\/\/nuwaterapia.com\/en\/wp-json\/wp\/v2\/pages\/340","targetHints":{"allow":["GET"]}}],"collection":[{"href":"https:\/\/nuwaterapia.com\/en\/wp-json\/wp\/v2\/pages"}],"about":[{"href":"https:\/\/nuwaterapia.com\/en\/wp-json\/wp\/v2\/types\/page"}],"author":[{"embeddable":true,"href":"https:\/\/nuwaterapia.com\/en\/wp-json\/wp\/v2\/users\/1"}],"replies":[{"embeddable":true,"href":"https:\/\/nuwaterapia.com\/en\/wp-json\/wp\/v2\/comments?post=340"}],"version-history":[{"count":8,"href":"https:\/\/nuwaterapia.com\/en\/wp-json\/wp\/v2\/pages\/340\/revisions"}],"predecessor-version":[{"id":897,"href":"https:\/\/nuwaterapia.com\/en\/wp-json\/wp\/v2\/pages\/340\/revisions\/897"}],"wp:attachment":[{"href":"https:\/\/nuwaterapia.com\/en\/wp-json\/wp\/v2\/media?parent=340"}],"curies":[{"name":"wp","href":"https:\/\/api.w.org\/{rel}","templated":true}]}}